{"id":9543,"date":"2026-02-18T13:04:23","date_gmt":"2026-02-18T12:04:23","guid":{"rendered":"https:\/\/trendkidsalgerie.com\/?post_type=product&#038;p=9543"},"modified":"2026-02-18T13:04:35","modified_gmt":"2026-02-18T12:04:35","slug":"robe-enfant-fille-41","status":"publish","type":"product","link":"https:\/\/trendkidsalgerie.com\/index.php\/produit\/robe-enfant-fille-41\/","title":{"rendered":"Robe enfant fille"},"content":{"rendered":"<p>Tissu l\u00e9ger et fluide, agr\u00e9able \u00e0 porter 100% coton<\/p>\n<p>Manches courtes l\u00e9g\u00e8rement bouffantes pour une touche romantique<\/p>\n<p>Imprim\u00e9 floral pastel, subtil et intemporel<\/p>\n<p>Coupe ample et a\u00e9rienne pour une libert\u00e9 de mouvement totale<\/p>\n<p>Parfaite pour les c\u00e9r\u00e9monies, anniversaires ou jolies journ\u00e9es ensoleill\u00e9es, cette robe allie confort et sophistication avec naturel.<\/p>\n","protected":false},"excerpt":{"rendered":"<p>Robe l\u00e9g\u00e8re, fluide et d\u00e9licatement imprim\u00e9e, elle offre \u00e0 votre petite princesse une allure douce et raffin\u00e9e pour toutes les belles occasions.<\/p>\n","protected":false},"featured_media":9554,"comment_status":"open","ping_status":"closed","template":"","meta":[],"product_brand":[],"product_cat":[56,58,29,82,502,76,262,248,270,309,268,297],"product_tag":[],"class_list":{"0":"post-9543","1":"product","2":"type-product","3":"status-publish","4":"has-post-thumbnail","6":"product_cat-enfant-fr","7":"product_cat-enfant-fillette-fr","8":"product_cat-best-seller-fr","9":"product_cat-robe-fr","10":"product_cat-robe-enfant-fillette-enfant-fillette-fr","11":"product_cat-vetements-fr","12":"product_cat-262","13":"product_cat-248","14":"product_cat-270","15":"product_cat-309","16":"product_cat-268","17":"product_cat-297","18":"pa_couleur-blanc","19":"pa_taille-06-ans","20":"pa_taille-07-ans","21":"pa_taille-08-ans-2","22":"pa_taille-09-ans-2","23":"pa_taille-10-ans-2","25":"first","26":"instock","27":"taxable","28":"shipping-taxable","29":"purchasable","30":"product-type-variable"},"_links":{"self":[{"href":"https:\/\/trendkidsalgerie.com\/index.php\/wp-json\/wp\/v2\/product\/9543","targetHints":{"allow":["GET"]}}],"collection":[{"href":"https:\/\/trendkidsalgerie.com\/index.php\/wp-json\/wp\/v2\/product"}],"about":[{"href":"https:\/\/trendkidsalgerie.com\/index.php\/wp-json\/wp\/v2\/types\/product"}],"replies":[{"embeddable":true,"href":"https:\/\/trendkidsalgerie.com\/index.php\/wp-json\/wp\/v2\/comments?post=9543"}],"version-history":[{"count":1,"href":"https:\/\/trendkidsalgerie.com\/index.php\/wp-json\/wp\/v2\/product\/9543\/revisions"}],"predecessor-version":[{"id":9556,"href":"https:\/\/trendkidsalgerie.com\/index.php\/wp-json\/wp\/v2\/product\/9543\/revisions\/9556"}],"wp:featuredmedia":[{"embeddable":true,"href":"https:\/\/trendkidsalgerie.com\/index.php\/wp-json\/wp\/v2\/media\/9554"}],"wp:attachment":[{"href":"https:\/\/trendkidsalgerie.com\/index.php\/wp-json\/wp\/v2\/media?parent=9543"}],"wp:term":[{"taxonomy":"product_brand","embeddable":true,"href":"https:\/\/trendkidsalgerie.com\/index.php\/wp-json\/wp\/v2\/product_brand?post=9543"},{"taxonomy":"product_cat","embeddable":true,"href":"https:\/\/trendkidsalgerie.com\/index.php\/wp-json\/wp\/v2\/product_cat?post=9543"},{"taxonomy":"product_tag","embeddable":true,"href":"https:\/\/trendkidsalgerie.com\/index.php\/wp-json\/wp\/v2\/product_tag?post=9543"}],"curies":[{"name":"wp","href":"https:\/\/api.w.org\/{rel}","templated":true}]}}