{"id":9493,"date":"2026-01-30T23:30:18","date_gmt":"2026-01-30T22:30:18","guid":{"rendered":"https:\/\/trendkidsalgerie.com\/?post_type=product&#038;p=9493"},"modified":"2026-01-30T23:41:26","modified_gmt":"2026-01-30T22:41:26","slug":"robe-enfant-fille-39","status":"publish","type":"product","link":"https:\/\/trendkidsalgerie.com\/index.php\/produit\/robe-enfant-fille-39\/","title":{"rendered":"Robe enfant fille"},"content":{"rendered":"","protected":false},"excerpt":{"rendered":"<p>Sublime robe fille en ivoire d\u00e9licat, orn\u00e9e de motifs floraux en relief. \u00c9l\u00e9gante, confortable et intemporelle, parfaite pour l&rsquo;Eid et les occasions sp\u00e9ciales.<\/p>\n","protected":false},"featured_media":9499,"comment_status":"open","ping_status":"closed","template":"","meta":[],"product_brand":[],"product_cat":[56,58,29,82,502,76,262,248,270,309,268,297],"product_tag":[],"class_list":{"0":"post-9493","1":"product","2":"type-product","3":"status-publish","4":"has-post-thumbnail","6":"product_cat-enfant-fr","7":"product_cat-enfant-fillette-fr","8":"product_cat-best-seller-fr","9":"product_cat-robe-fr","10":"product_cat-robe-enfant-fillette-enfant-fillette-fr","11":"product_cat-vetements-fr","12":"product_cat-262","13":"product_cat-248","14":"product_cat-270","15":"product_cat-309","16":"product_cat-268","17":"product_cat-297","18":"pa_couleur-beige","19":"pa_taille-10-ans-2","20":"pa_taille-11-ans","21":"pa_taille-12-ans","22":"pa_taille-13-ans","23":"pa_taille-14-ans","25":"first","26":"instock","27":"taxable","28":"shipping-taxable","29":"purchasable","30":"product-type-variable"},"_links":{"self":[{"href":"https:\/\/trendkidsalgerie.com\/index.php\/wp-json\/wp\/v2\/product\/9493","targetHints":{"allow":["GET"]}}],"collection":[{"href":"https:\/\/trendkidsalgerie.com\/index.php\/wp-json\/wp\/v2\/product"}],"about":[{"href":"https:\/\/trendkidsalgerie.com\/index.php\/wp-json\/wp\/v2\/types\/product"}],"replies":[{"embeddable":true,"href":"https:\/\/trendkidsalgerie.com\/index.php\/wp-json\/wp\/v2\/comments?post=9493"}],"version-history":[{"count":1,"href":"https:\/\/trendkidsalgerie.com\/index.php\/wp-json\/wp\/v2\/product\/9493\/revisions"}],"predecessor-version":[{"id":9500,"href":"https:\/\/trendkidsalgerie.com\/index.php\/wp-json\/wp\/v2\/product\/9493\/revisions\/9500"}],"wp:featuredmedia":[{"embeddable":true,"href":"https:\/\/trendkidsalgerie.com\/index.php\/wp-json\/wp\/v2\/media\/9499"}],"wp:attachment":[{"href":"https:\/\/trendkidsalgerie.com\/index.php\/wp-json\/wp\/v2\/media?parent=9493"}],"wp:term":[{"taxonomy":"product_brand","embeddable":true,"href":"https:\/\/trendkidsalgerie.com\/index.php\/wp-json\/wp\/v2\/product_brand?post=9493"},{"taxonomy":"product_cat","embeddable":true,"href":"https:\/\/trendkidsalgerie.com\/index.php\/wp-json\/wp\/v2\/product_cat?post=9493"},{"taxonomy":"product_tag","embeddable":true,"href":"https:\/\/trendkidsalgerie.com\/index.php\/wp-json\/wp\/v2\/product_tag?post=9493"}],"curies":[{"name":"wp","href":"https:\/\/api.w.org\/{rel}","templated":true}]}}