{"id":9450,"date":"2026-01-26T17:57:05","date_gmt":"2026-01-26T16:57:05","guid":{"rendered":"https:\/\/trendkidsalgerie.com\/?post_type=product&#038;p=9450"},"modified":"2026-02-10T13:43:33","modified_gmt":"2026-02-10T12:43:33","slug":"robe-enfant-fille-38","status":"publish","type":"product","link":"https:\/\/trendkidsalgerie.com\/index.php\/produit\/robe-enfant-fille-38\/","title":{"rendered":"Robe enfant fille"},"content":{"rendered":"<p>Robe fille \u00e0 imprim\u00e9 v\u00e9g\u00e9tal aux tons naturels<\/p>\n<p>Tissu l\u00e9ger et fluide, agr\u00e9able \u00e0 porter<\/p>\n<p>Col l\u00e9g\u00e8rement montant pour une touche chic<\/p>\n<p>Manches longues avec volants aux \u00e9paules, d\u00e9tail tendance<\/p>\n<p>Coupe \u00e9vas\u00e9e et fronc\u00e9e pour une libert\u00e9 de mouvement optimale<\/p>\n<p>Confortable et raffin\u00e9e, id\u00e9ale pour les enfants<\/p>\n<p>Livr\u00e9e avec serre-t\u00eate assorti pour un look harmonieux<\/p>\n<p>Parfaite pour les c\u00e9r\u00e9monies, f\u00eates et occasions sp\u00e9ciales<\/p>\n<p>&nbsp;<\/p>\n","protected":false},"excerpt":{"rendered":"<p>\u00c9l\u00e9gante, douce et pleine de charme, cette robe accompagne les plus beaux moments avec gr\u00e2ce et confort.<\/p>\n","protected":false},"featured_media":9451,"comment_status":"open","ping_status":"closed","template":"","meta":[],"product_brand":[],"product_cat":[56,58,29,82,502,76,248,270,309,268,297],"product_tag":[],"class_list":{"0":"post-9450","1":"product","2":"type-product","3":"status-publish","4":"has-post-thumbnail","6":"product_cat-enfant-fr","7":"product_cat-enfant-fillette-fr","8":"product_cat-best-seller-fr","9":"product_cat-robe-fr","10":"product_cat-robe-enfant-fillette-enfant-fillette-fr","11":"product_cat-vetements-fr","12":"product_cat-248","13":"product_cat-270","14":"product_cat-309","15":"product_cat-268","16":"product_cat-297","17":"pa_couleur-marron","18":"pa_taille-02-ans","19":"pa_taille-03-ans","20":"pa_taille-04-ans","21":"pa_taille-05-ans","22":"pa_taille-06-ans","23":"pa_taille-07-ans","24":"pa_taille-08-ans-2","25":"pa_taille-09-ans-2","26":"pa_taille-10-ans-2","28":"first","29":"instock","30":"taxable","31":"shipping-taxable","32":"purchasable","33":"product-type-variable"},"_links":{"self":[{"href":"https:\/\/trendkidsalgerie.com\/index.php\/wp-json\/wp\/v2\/product\/9450","targetHints":{"allow":["GET"]}}],"collection":[{"href":"https:\/\/trendkidsalgerie.com\/index.php\/wp-json\/wp\/v2\/product"}],"about":[{"href":"https:\/\/trendkidsalgerie.com\/index.php\/wp-json\/wp\/v2\/types\/product"}],"replies":[{"embeddable":true,"href":"https:\/\/trendkidsalgerie.com\/index.php\/wp-json\/wp\/v2\/comments?post=9450"}],"version-history":[{"count":1,"href":"https:\/\/trendkidsalgerie.com\/index.php\/wp-json\/wp\/v2\/product\/9450\/revisions"}],"predecessor-version":[{"id":9466,"href":"https:\/\/trendkidsalgerie.com\/index.php\/wp-json\/wp\/v2\/product\/9450\/revisions\/9466"}],"wp:featuredmedia":[{"embeddable":true,"href":"https:\/\/trendkidsalgerie.com\/index.php\/wp-json\/wp\/v2\/media\/9451"}],"wp:attachment":[{"href":"https:\/\/trendkidsalgerie.com\/index.php\/wp-json\/wp\/v2\/media?parent=9450"}],"wp:term":[{"taxonomy":"product_brand","embeddable":true,"href":"https:\/\/trendkidsalgerie.com\/index.php\/wp-json\/wp\/v2\/product_brand?post=9450"},{"taxonomy":"product_cat","embeddable":true,"href":"https:\/\/trendkidsalgerie.com\/index.php\/wp-json\/wp\/v2\/product_cat?post=9450"},{"taxonomy":"product_tag","embeddable":true,"href":"https:\/\/trendkidsalgerie.com\/index.php\/wp-json\/wp\/v2\/product_tag?post=9450"}],"curies":[{"name":"wp","href":"https:\/\/api.w.org\/{rel}","templated":true}]}}