{"id":9406,"date":"2026-01-26T17:12:16","date_gmt":"2026-01-26T16:12:16","guid":{"rendered":"https:\/\/trendkidsalgerie.com\/?post_type=product&#038;p=9406"},"modified":"2026-01-26T17:20:38","modified_gmt":"2026-01-26T16:20:38","slug":"robe-enfant-fille-37","status":"publish","type":"product","link":"https:\/\/trendkidsalgerie.com\/index.php\/produit\/robe-enfant-fille-37\/","title":{"rendered":"Robe enfant fille"},"content":{"rendered":"<p>Tissu l\u00e9ger et agr\u00e9able \u00e0 porter<\/p>\n<p>Imprim\u00e9 floral d\u00e9licat aux tons subtils<\/p>\n<p>Col arrondi raffin\u00e9<\/p>\n<p>Coupe ajust\u00e9e et fluide<\/p>\n<p>Gilet \u00e9cru en maille douce soigneusement cordonn\u00e9<\/p>\n<p>parfaite pour les occasions sp\u00e9ciales, les f\u00eates familiales et c\u00e9l\u00e9brations.<\/p>\n","protected":false},"excerpt":{"rendered":"<p>L&rsquo;\u00e9l\u00e9gance en toute douceur pour les plus beaux moments<\/p>\n<p>Une robe d\u00e9licatement fleuris, sublim\u00e9e par son gilet assorti, pour une allure chic et tendre \u00e0 la fois.<\/p>\n","protected":false},"featured_media":9426,"comment_status":"open","ping_status":"closed","template":"","meta":[],"product_brand":[],"product_cat":[56,58,29,82,502,76,262,248,270,309,268,297],"product_tag":[],"class_list":{"0":"post-9406","1":"product","2":"type-product","3":"status-publish","4":"has-post-thumbnail","6":"product_cat-enfant-fr","7":"product_cat-enfant-fillette-fr","8":"product_cat-best-seller-fr","9":"product_cat-robe-fr","10":"product_cat-robe-enfant-fillette-enfant-fillette-fr","11":"product_cat-vetements-fr","12":"product_cat-262","13":"product_cat-248","14":"product_cat-270","15":"product_cat-309","16":"product_cat-268","17":"product_cat-297","18":"pa_couleur-beige","19":"pa_taille-02-ans","20":"pa_taille-03-ans","21":"pa_taille-04-ans","22":"pa_taille-05-ans","23":"pa_taille-06-ans","24":"pa_taille-07-ans","25":"pa_taille-08-ans-2","26":"pa_taille-09-ans-2","27":"pa_taille-10-ans-2","29":"first","30":"instock","31":"taxable","32":"shipping-taxable","33":"purchasable","34":"product-type-variable"},"_links":{"self":[{"href":"https:\/\/trendkidsalgerie.com\/index.php\/wp-json\/wp\/v2\/product\/9406","targetHints":{"allow":["GET"]}}],"collection":[{"href":"https:\/\/trendkidsalgerie.com\/index.php\/wp-json\/wp\/v2\/product"}],"about":[{"href":"https:\/\/trendkidsalgerie.com\/index.php\/wp-json\/wp\/v2\/types\/product"}],"replies":[{"embeddable":true,"href":"https:\/\/trendkidsalgerie.com\/index.php\/wp-json\/wp\/v2\/comments?post=9406"}],"version-history":[{"count":3,"href":"https:\/\/trendkidsalgerie.com\/index.php\/wp-json\/wp\/v2\/product\/9406\/revisions"}],"predecessor-version":[{"id":9434,"href":"https:\/\/trendkidsalgerie.com\/index.php\/wp-json\/wp\/v2\/product\/9406\/revisions\/9434"}],"wp:featuredmedia":[{"embeddable":true,"href":"https:\/\/trendkidsalgerie.com\/index.php\/wp-json\/wp\/v2\/media\/9426"}],"wp:attachment":[{"href":"https:\/\/trendkidsalgerie.com\/index.php\/wp-json\/wp\/v2\/media?parent=9406"}],"wp:term":[{"taxonomy":"product_brand","embeddable":true,"href":"https:\/\/trendkidsalgerie.com\/index.php\/wp-json\/wp\/v2\/product_brand?post=9406"},{"taxonomy":"product_cat","embeddable":true,"href":"https:\/\/trendkidsalgerie.com\/index.php\/wp-json\/wp\/v2\/product_cat?post=9406"},{"taxonomy":"product_tag","embeddable":true,"href":"https:\/\/trendkidsalgerie.com\/index.php\/wp-json\/wp\/v2\/product_tag?post=9406"}],"curies":[{"name":"wp","href":"https:\/\/api.w.org\/{rel}","templated":true}]}}