{"id":9345,"date":"2026-01-26T00:45:44","date_gmt":"2026-01-25T23:45:44","guid":{"rendered":"https:\/\/trendkidsalgerie.com\/?post_type=product&#038;p=9345"},"modified":"2026-01-30T23:42:46","modified_gmt":"2026-01-30T22:42:46","slug":"robe-enfant-fille-35","status":"publish","type":"product","link":"https:\/\/trendkidsalgerie.com\/index.php\/produit\/robe-enfant-fille-35\/","title":{"rendered":"Robe enfant fille"},"content":{"rendered":"<p>Tissu l\u00e9ger et agr\u00e9able \u00e0 porter<\/p>\n<p>Imprim\u00e9 floral d\u00e9licat aux tons subtils<\/p>\n<p>Col arrondi raffin\u00e9<\/p>\n<p>Coupe ajust\u00e9e et fluide<\/p>\n<p>Gilet rose poudr\u00e9 en maille douce soigneusement cordonn\u00e9<\/p>\n<p>parfaite pour les occasions sp\u00e9ciales, les f\u00eates familiales et c\u00e9l\u00e9bration.<\/p>\n","protected":false},"excerpt":{"rendered":"<p>L&rsquo;\u00e9l\u00e9gance en toute douceur pour les plus beaux moments<\/p>\n<p>Une robe d\u00e9licatement fleuris, sublim\u00e9e par son gilet assorti, pour une allure chic et tendre \u00e0 la fois.<\/p>\n","protected":false},"featured_media":9336,"comment_status":"open","ping_status":"closed","template":"","meta":[],"product_brand":[],"product_cat":[56,58,681,29,82,502,76,262,248,301,274,270,309,268,297],"product_tag":[],"class_list":{"0":"post-9345","1":"product","2":"type-product","3":"status-publish","4":"has-post-thumbnail","6":"product_cat-enfant-fr","7":"product_cat-enfant-fillette-fr","8":"product_cat-gilet","9":"product_cat-best-seller-fr","10":"product_cat-robe-fr","11":"product_cat-robe-enfant-fillette-enfant-fillette-fr","12":"product_cat-vetements-fr","13":"product_cat-262","14":"product_cat-248","15":"product_cat-301","16":"product_cat-274","17":"product_cat-270","18":"product_cat-309","19":"product_cat-268","20":"product_cat-297","21":"pa_couleur-rose","22":"pa_taille-02-ans","23":"pa_taille-03-ans","24":"pa_taille-04-ans","25":"pa_taille-05-ans","26":"pa_taille-06-ans","28":"first","29":"instock","30":"taxable","31":"shipping-taxable","32":"purchasable","33":"product-type-variable"},"_links":{"self":[{"href":"https:\/\/trendkidsalgerie.com\/index.php\/wp-json\/wp\/v2\/product\/9345","targetHints":{"allow":["GET"]}}],"collection":[{"href":"https:\/\/trendkidsalgerie.com\/index.php\/wp-json\/wp\/v2\/product"}],"about":[{"href":"https:\/\/trendkidsalgerie.com\/index.php\/wp-json\/wp\/v2\/types\/product"}],"replies":[{"embeddable":true,"href":"https:\/\/trendkidsalgerie.com\/index.php\/wp-json\/wp\/v2\/comments?post=9345"}],"version-history":[{"count":2,"href":"https:\/\/trendkidsalgerie.com\/index.php\/wp-json\/wp\/v2\/product\/9345\/revisions"}],"predecessor-version":[{"id":9352,"href":"https:\/\/trendkidsalgerie.com\/index.php\/wp-json\/wp\/v2\/product\/9345\/revisions\/9352"}],"wp:featuredmedia":[{"embeddable":true,"href":"https:\/\/trendkidsalgerie.com\/index.php\/wp-json\/wp\/v2\/media\/9336"}],"wp:attachment":[{"href":"https:\/\/trendkidsalgerie.com\/index.php\/wp-json\/wp\/v2\/media?parent=9345"}],"wp:term":[{"taxonomy":"product_brand","embeddable":true,"href":"https:\/\/trendkidsalgerie.com\/index.php\/wp-json\/wp\/v2\/product_brand?post=9345"},{"taxonomy":"product_cat","embeddable":true,"href":"https:\/\/trendkidsalgerie.com\/index.php\/wp-json\/wp\/v2\/product_cat?post=9345"},{"taxonomy":"product_tag","embeddable":true,"href":"https:\/\/trendkidsalgerie.com\/index.php\/wp-json\/wp\/v2\/product_tag?post=9345"}],"curies":[{"name":"wp","href":"https:\/\/api.w.org\/{rel}","templated":true}]}}