{"id":9236,"date":"2026-01-25T23:31:06","date_gmt":"2026-01-25T22:31:06","guid":{"rendered":"https:\/\/trendkidsalgerie.com\/?post_type=product&#038;p=9236"},"modified":"2026-01-25T23:33:20","modified_gmt":"2026-01-25T22:33:20","slug":"robe-bebe-fille-31","status":"publish","type":"product","link":"https:\/\/trendkidsalgerie.com\/index.php\/produit\/robe-bebe-fille-31\/","title":{"rendered":"Robe b\u00e9b\u00e9 fille"},"content":{"rendered":"<p>Tissu d\u00e9licatement orn\u00e9 motifs floraux de broderies florales en relief<\/p>\n<p>Coupe ample et fluide pour un confort absolu<\/p>\n<p>Manches courtes bouffantes \u00e9l\u00e9gantes<\/p>\n<p>Couleur nude ivoire douce et lumineuse<\/p>\n<p>Id\u00e9ale pour c\u00e9r\u00e9monies, f\u00eates, occasions sp\u00e9ciales ou looks \u00e9l\u00e9gants du quotidien.<\/p>\n<table class=\"table table-sm text-muted \">\n<tbody>\n<tr>\n<td>Tissu principal : %85 Tencel %15 polyester<\/td>\n<\/tr>\n<tr>\n<td>Doublure: 100% coton<\/td>\n<\/tr>\n<\/tbody>\n<\/table>\n<p>&nbsp;<\/p>\n","protected":false},"excerpt":{"rendered":"<p>Laissez vous s\u00e9duire par cette \u00e9l\u00e9gante robe b\u00e9b\u00e9 fille, sublim\u00e9e par sa teinte ivoire lumineuse et d\u00e9licatement orn\u00e9e d&rsquo;un petit noeud noire. Sa coupe ample et ses manches bouffantes offrent confort et raffinement pour c\u00e9l\u00e9brer les moments pr\u00e9cieux avec douceur et \u00e9l\u00e9gance.<\/p>\n","protected":false},"featured_media":9246,"comment_status":"open","ping_status":"closed","template":"","meta":[],"product_brand":[],"product_cat":[53,29,82,76,55,248,213,309,268,297,250],"product_tag":[],"class_list":{"0":"post-9236","1":"product","2":"type-product","3":"status-publish","4":"has-post-thumbnail","6":"product_cat-bebe-fr","7":"product_cat-best-seller-fr","8":"product_cat-robe-fr","9":"product_cat-vetements-fr","10":"product_cat-vetements-bebe-fillette-fr","11":"product_cat-248","12":"product_cat-213","13":"product_cat-309","14":"product_cat-268","15":"product_cat-297","16":"product_cat-250","17":"pa_couleur-jaune","18":"pa_taille-09-mois","19":"pa_taille-12-mois","20":"pa_taille-18-mois","21":"pa_taille-24-mois","23":"first","24":"instock","25":"taxable","26":"shipping-taxable","27":"purchasable","28":"product-type-variable"},"_links":{"self":[{"href":"https:\/\/trendkidsalgerie.com\/index.php\/wp-json\/wp\/v2\/product\/9236","targetHints":{"allow":["GET"]}}],"collection":[{"href":"https:\/\/trendkidsalgerie.com\/index.php\/wp-json\/wp\/v2\/product"}],"about":[{"href":"https:\/\/trendkidsalgerie.com\/index.php\/wp-json\/wp\/v2\/types\/product"}],"replies":[{"embeddable":true,"href":"https:\/\/trendkidsalgerie.com\/index.php\/wp-json\/wp\/v2\/comments?post=9236"}],"version-history":[{"count":3,"href":"https:\/\/trendkidsalgerie.com\/index.php\/wp-json\/wp\/v2\/product\/9236\/revisions"}],"predecessor-version":[{"id":9249,"href":"https:\/\/trendkidsalgerie.com\/index.php\/wp-json\/wp\/v2\/product\/9236\/revisions\/9249"}],"wp:featuredmedia":[{"embeddable":true,"href":"https:\/\/trendkidsalgerie.com\/index.php\/wp-json\/wp\/v2\/media\/9246"}],"wp:attachment":[{"href":"https:\/\/trendkidsalgerie.com\/index.php\/wp-json\/wp\/v2\/media?parent=9236"}],"wp:term":[{"taxonomy":"product_brand","embeddable":true,"href":"https:\/\/trendkidsalgerie.com\/index.php\/wp-json\/wp\/v2\/product_brand?post=9236"},{"taxonomy":"product_cat","embeddable":true,"href":"https:\/\/trendkidsalgerie.com\/index.php\/wp-json\/wp\/v2\/product_cat?post=9236"},{"taxonomy":"product_tag","embeddable":true,"href":"https:\/\/trendkidsalgerie.com\/index.php\/wp-json\/wp\/v2\/product_tag?post=9236"}],"curies":[{"name":"wp","href":"https:\/\/api.w.org\/{rel}","templated":true}]}}