{"id":9121,"date":"2026-01-25T17:10:22","date_gmt":"2026-01-25T16:10:22","guid":{"rendered":"https:\/\/trendkidsalgerie.com\/?post_type=product&#038;p=9121"},"modified":"2026-01-30T23:44:52","modified_gmt":"2026-01-30T22:44:52","slug":"robe-bebe-fille-30","status":"publish","type":"product","link":"https:\/\/trendkidsalgerie.com\/index.php\/produit\/robe-bebe-fille-30\/","title":{"rendered":"Robe b\u00e9b\u00e9 fille"},"content":{"rendered":"<p>Tissu doux et l\u00e9ger<\/p>\n<p>Motifs floraux d\u00e9licats pour une touche po\u00e9tique<\/p>\n<p>Manches longues \u00e9l\u00e9gantes et raffin\u00e9es<\/p>\n<p>Col Claudine raffin\u00e9<\/p>\n<p>Coupe fluide et confortable et encolure discr\u00e8te souligne la silhouette avec douceur<\/p>\n<p>Jupe l\u00e9g\u00e8rement \u00e9vas\u00e9e cr\u00e9e un bel \u00e9quilibre entre confort et \u00e9l\u00e9gance<\/p>\n<p>Couleur ivoire, pure et intemporelle<\/p>\n<table class=\"table table-sm text-muted \">\n<tbody>\n<tr>\n<td>Tissu principal : %71 lyocell %29 nylon<\/td>\n<\/tr>\n<tr>\n<td>Doublure: 100% coton<\/td>\n<\/tr>\n<\/tbody>\n<\/table>\n","protected":false},"excerpt":{"rendered":"<p>Robe b\u00e9b\u00e9 fille s\u00e9duit par sa teinte ivoire lumineuse, d\u00e9licatement orn\u00e9e de motifs floraux, \u00e0 la coupe fluide et \u00e9l\u00e9gante. Ses manches longues et son tomb\u00e9 vaporeux en font la tenue id\u00e9ale pour c\u00e9l\u00e9brer le moments pr\u00e9cieux avec douceur et raffinement.<\/p>\n","protected":false},"featured_media":9131,"comment_status":"open","ping_status":"closed","template":"","meta":[],"product_brand":[],"product_cat":[53,82,76,55,248,213,309,268,297,250],"product_tag":[],"class_list":{"0":"post-9121","1":"product","2":"type-product","3":"status-publish","4":"has-post-thumbnail","6":"product_cat-bebe-fr","7":"product_cat-robe-fr","8":"product_cat-vetements-fr","9":"product_cat-vetements-bebe-fillette-fr","10":"product_cat-248","11":"product_cat-213","12":"product_cat-309","13":"product_cat-268","14":"product_cat-297","15":"product_cat-250","16":"pa_couleur-beige","17":"pa_taille-09-mois","18":"pa_taille-12-ans","19":"pa_taille-18-mois","20":"pa_taille-24-mois","22":"first","23":"instock","24":"taxable","25":"shipping-taxable","26":"purchasable","27":"product-type-variable"},"_links":{"self":[{"href":"https:\/\/trendkidsalgerie.com\/index.php\/wp-json\/wp\/v2\/product\/9121","targetHints":{"allow":["GET"]}}],"collection":[{"href":"https:\/\/trendkidsalgerie.com\/index.php\/wp-json\/wp\/v2\/product"}],"about":[{"href":"https:\/\/trendkidsalgerie.com\/index.php\/wp-json\/wp\/v2\/types\/product"}],"replies":[{"embeddable":true,"href":"https:\/\/trendkidsalgerie.com\/index.php\/wp-json\/wp\/v2\/comments?post=9121"}],"version-history":[{"count":1,"href":"https:\/\/trendkidsalgerie.com\/index.php\/wp-json\/wp\/v2\/product\/9121\/revisions"}],"predecessor-version":[{"id":9134,"href":"https:\/\/trendkidsalgerie.com\/index.php\/wp-json\/wp\/v2\/product\/9121\/revisions\/9134"}],"wp:featuredmedia":[{"embeddable":true,"href":"https:\/\/trendkidsalgerie.com\/index.php\/wp-json\/wp\/v2\/media\/9131"}],"wp:attachment":[{"href":"https:\/\/trendkidsalgerie.com\/index.php\/wp-json\/wp\/v2\/media?parent=9121"}],"wp:term":[{"taxonomy":"product_brand","embeddable":true,"href":"https:\/\/trendkidsalgerie.com\/index.php\/wp-json\/wp\/v2\/product_brand?post=9121"},{"taxonomy":"product_cat","embeddable":true,"href":"https:\/\/trendkidsalgerie.com\/index.php\/wp-json\/wp\/v2\/product_cat?post=9121"},{"taxonomy":"product_tag","embeddable":true,"href":"https:\/\/trendkidsalgerie.com\/index.php\/wp-json\/wp\/v2\/product_tag?post=9121"}],"curies":[{"name":"wp","href":"https:\/\/api.w.org\/{rel}","templated":true}]}}