{"id":9084,"date":"2026-01-25T16:36:00","date_gmt":"2026-01-25T15:36:00","guid":{"rendered":"https:\/\/trendkidsalgerie.com\/?post_type=product&#038;p=9084"},"modified":"2026-01-25T16:39:25","modified_gmt":"2026-01-25T15:39:25","slug":"robe-bebe-fille-29","status":"publish","type":"product","link":"https:\/\/trendkidsalgerie.com\/index.php\/produit\/robe-bebe-fille-29\/","title":{"rendered":"Robe b\u00e9b\u00e9 fille"},"content":{"rendered":"<p>Tissu l\u00e9ger et a\u00e9rien,<\/p>\n<p>Imprim\u00e9 floral doux et \u00e9l\u00e9gant,<\/p>\n<p>Coupe ample et fluide pour une libert\u00e9 de mouvement totale,<\/p>\n<p>Manches l\u00e9g\u00e8rement bouffantes et resserr\u00e9es,<\/p>\n<p>Doublure int\u00e9gr\u00e9e pour plus de confort.<\/p>\n<p>Parfaite pour les c\u00e9r\u00e9monies, l&rsquo;Eid, les f\u00eates, anniversaires ou sorties \u00e9l\u00e9gantes, cette robe incarne l&rsquo;esprit de la collection, douceur, \u00e9l\u00e9gance et f\u00e9minit\u00e9 intemporelle.<\/p>\n<table class=\"table table-sm text-muted \">\n<tbody>\n<tr>\n<td>Tissu principal : %100 Tencel<\/td>\n<\/tr>\n<tr>\n<td>Doublure: 100% coton<\/td>\n<\/tr>\n<\/tbody>\n<\/table>\n","protected":false},"excerpt":{"rendered":"<p>Sublime robe b\u00e9b\u00e9 fille, s\u00e9duit par son allure d\u00e9licate et son esprit r\u00e9solument po\u00e9tique. Cette robe se distingue par son imprim\u00e9 floral, subtilement d\u00e9clin\u00e9 dans des tons doux sur fond ivoire. La coupe ample et fluide et les manches l\u00e9g\u00e8rement bouffantes, renforcent l&rsquo;effet l\u00e9ger et f\u00e9erique de la robe. Une pi\u00e8ce coup de coeur qui fait r\u00eaver et illumine chaque instant.<\/p>\n","protected":false},"featured_media":9087,"comment_status":"open","ping_status":"closed","template":"","meta":[],"product_brand":[],"product_cat":[53,29,82,76,55,248,213,309,268,297,250],"product_tag":[],"class_list":{"0":"post-9084","1":"product","2":"type-product","3":"status-publish","4":"has-post-thumbnail","6":"product_cat-bebe-fr","7":"product_cat-best-seller-fr","8":"product_cat-robe-fr","9":"product_cat-vetements-fr","10":"product_cat-vetements-bebe-fillette-fr","11":"product_cat-248","12":"product_cat-213","13":"product_cat-309","14":"product_cat-268","15":"product_cat-297","16":"product_cat-250","17":"pa_couleur-beige","18":"pa_taille-09-mois","19":"pa_taille-12-mois","20":"pa_taille-18-mois","21":"pa_taille-24-mois","23":"first","24":"instock","25":"taxable","26":"shipping-taxable","27":"purchasable","28":"product-type-variable"},"_links":{"self":[{"href":"https:\/\/trendkidsalgerie.com\/index.php\/wp-json\/wp\/v2\/product\/9084","targetHints":{"allow":["GET"]}}],"collection":[{"href":"https:\/\/trendkidsalgerie.com\/index.php\/wp-json\/wp\/v2\/product"}],"about":[{"href":"https:\/\/trendkidsalgerie.com\/index.php\/wp-json\/wp\/v2\/types\/product"}],"replies":[{"embeddable":true,"href":"https:\/\/trendkidsalgerie.com\/index.php\/wp-json\/wp\/v2\/comments?post=9084"}],"version-history":[{"count":3,"href":"https:\/\/trendkidsalgerie.com\/index.php\/wp-json\/wp\/v2\/product\/9084\/revisions"}],"predecessor-version":[{"id":9098,"href":"https:\/\/trendkidsalgerie.com\/index.php\/wp-json\/wp\/v2\/product\/9084\/revisions\/9098"}],"wp:featuredmedia":[{"embeddable":true,"href":"https:\/\/trendkidsalgerie.com\/index.php\/wp-json\/wp\/v2\/media\/9087"}],"wp:attachment":[{"href":"https:\/\/trendkidsalgerie.com\/index.php\/wp-json\/wp\/v2\/media?parent=9084"}],"wp:term":[{"taxonomy":"product_brand","embeddable":true,"href":"https:\/\/trendkidsalgerie.com\/index.php\/wp-json\/wp\/v2\/product_brand?post=9084"},{"taxonomy":"product_cat","embeddable":true,"href":"https:\/\/trendkidsalgerie.com\/index.php\/wp-json\/wp\/v2\/product_cat?post=9084"},{"taxonomy":"product_tag","embeddable":true,"href":"https:\/\/trendkidsalgerie.com\/index.php\/wp-json\/wp\/v2\/product_tag?post=9084"}],"curies":[{"name":"wp","href":"https:\/\/api.w.org\/{rel}","templated":true}]}}