{"id":9019,"date":"2026-01-25T16:03:10","date_gmt":"2026-01-25T15:03:10","guid":{"rendered":"https:\/\/trendkidsalgerie.com\/?post_type=product&#038;p=9019"},"modified":"2026-02-18T11:54:47","modified_gmt":"2026-02-18T10:54:47","slug":"ensemble-enfant-garcon-5","status":"publish","type":"product","link":"https:\/\/trendkidsalgerie.com\/index.php\/produit\/ensemble-enfant-garcon-5\/","title":{"rendered":"Ensemble enfant gar\u00e7on"},"content":{"rendered":"<table class=\"table table-sm text-muted \">\n<tbody>\n<tr>\n<td>Tissu principal : %98 coton %2 \u00e9lasthanne<\/td>\n<\/tr>\n<tr>\n<td>Tissu Principal Bas: Pantalon 100% coton<\/td>\n<\/tr>\n<\/tbody>\n<\/table>\n","protected":false},"excerpt":{"rendered":"<p>Zoom sur cet ensemble gar\u00e7on aux tons doux et raffin\u00e9s, compos\u00e9 d&rsquo;un haut boutonn\u00e9 \u00e0 col chemise et manches longues et d&rsquo;un pantalon \u00e0 la coupe droite. Une pi\u00e8ce incontournable du vestiaire gar\u00e7on, alliant confort et style intemporel, \u00a0id\u00e9al pour les c\u00e9r\u00e9monies, f\u00eates, c\u00e9l\u00e9bration, et sortie familiales.<\/p>\n","protected":false},"featured_media":9057,"comment_status":"open","ping_status":"closed","template":"","meta":[],"product_brand":[],"product_cat":[56,57,78,60,29,76,262,248,305,289,283,297],"product_tag":[],"class_list":{"0":"post-9019","1":"product","2":"type-product","3":"status-publish","4":"has-post-thumbnail","6":"product_cat-enfant-fr","7":"product_cat-vetements-enfant-garcon-fr","8":"product_cat-ensemble-fr","9":"product_cat-ensemble-enfant-garcon-fr","10":"product_cat-best-seller-fr","11":"product_cat-vetements-fr","12":"product_cat-262","13":"product_cat-248","14":"product_cat-305","15":"product_cat-289","16":"product_cat-283","17":"product_cat-297","18":"pa_couleur-beige","19":"pa_couleur-gris","20":"pa_taille-02-ans","21":"pa_taille-03-ans","22":"pa_taille-04-ans","23":"pa_taille-05-ans","24":"pa_taille-06-ans","25":"pa_taille-07-ans","26":"pa_taille-08-ans-2","27":"pa_taille-09-ans-2","28":"pa_taille-10-ans-2","30":"first","31":"instock","32":"taxable","33":"shipping-taxable","34":"purchasable","35":"product-type-variable"},"_links":{"self":[{"href":"https:\/\/trendkidsalgerie.com\/index.php\/wp-json\/wp\/v2\/product\/9019","targetHints":{"allow":["GET"]}}],"collection":[{"href":"https:\/\/trendkidsalgerie.com\/index.php\/wp-json\/wp\/v2\/product"}],"about":[{"href":"https:\/\/trendkidsalgerie.com\/index.php\/wp-json\/wp\/v2\/types\/product"}],"replies":[{"embeddable":true,"href":"https:\/\/trendkidsalgerie.com\/index.php\/wp-json\/wp\/v2\/comments?post=9019"}],"version-history":[{"count":2,"href":"https:\/\/trendkidsalgerie.com\/index.php\/wp-json\/wp\/v2\/product\/9019\/revisions"}],"predecessor-version":[{"id":9064,"href":"https:\/\/trendkidsalgerie.com\/index.php\/wp-json\/wp\/v2\/product\/9019\/revisions\/9064"}],"wp:featuredmedia":[{"embeddable":true,"href":"https:\/\/trendkidsalgerie.com\/index.php\/wp-json\/wp\/v2\/media\/9057"}],"wp:attachment":[{"href":"https:\/\/trendkidsalgerie.com\/index.php\/wp-json\/wp\/v2\/media?parent=9019"}],"wp:term":[{"taxonomy":"product_brand","embeddable":true,"href":"https:\/\/trendkidsalgerie.com\/index.php\/wp-json\/wp\/v2\/product_brand?post=9019"},{"taxonomy":"product_cat","embeddable":true,"href":"https:\/\/trendkidsalgerie.com\/index.php\/wp-json\/wp\/v2\/product_cat?post=9019"},{"taxonomy":"product_tag","embeddable":true,"href":"https:\/\/trendkidsalgerie.com\/index.php\/wp-json\/wp\/v2\/product_tag?post=9019"}],"curies":[{"name":"wp","href":"https:\/\/api.w.org\/{rel}","templated":true}]}}