{"id":9002,"date":"2026-01-25T14:49:06","date_gmt":"2026-01-25T13:49:06","guid":{"rendered":"https:\/\/trendkidsalgerie.com\/?post_type=product&#038;p=9002"},"modified":"2026-01-25T14:49:06","modified_gmt":"2026-01-25T13:49:06","slug":"ensemble-enfant-fille-11","status":"publish","type":"product","link":"https:\/\/trendkidsalgerie.com\/index.php\/produit\/ensemble-enfant-fille-11\/","title":{"rendered":"Ensemble enfant fille"},"content":{"rendered":"<table class=\"table table-sm text-muted \">\n<tbody>\n<tr>\n<td>Tissu Principal 2: Chemise 100% coton<\/td>\n<\/tr>\n<tr>\n<td>Tissu principal : veste %100 polyester<\/td>\n<\/tr>\n<tr>\n<td>Tissu Principal Bas: Jupe 97% coton 3% \u00e9lasthanne<\/td>\n<\/tr>\n<tr>\n<td>Doublure: 100% coton<\/td>\n<\/tr>\n<\/tbody>\n<\/table>\n","protected":false},"excerpt":{"rendered":"<p>Zoom sur cette ensemble fille compos\u00e9 d&rsquo;un haut \u00e9cru doux effet fourrure, blouse int\u00e9gr\u00e9e \u00e0 col Claudine et d&rsquo;une jupe bleue \u00e0 imprim\u00e9 floral d\u00e9licat. Parfait pour les sorties familiales, les f\u00eates, c\u00e9l\u00e9brations ou look \u00e9l\u00e9gants du quotidien.<\/p>\n","protected":false},"featured_media":9013,"comment_status":"open","ping_status":"closed","template":"","meta":[],"product_brand":[],"product_cat":[80,56,58,78,65,667,680,29,76,248,272,305,264,270],"product_tag":[],"class_list":{"0":"post-9002","1":"product","2":"type-product","3":"status-publish","4":"has-post-thumbnail","6":"product_cat-chemisier-fr","7":"product_cat-enfant-fr","8":"product_cat-enfant-fillette-fr","9":"product_cat-ensemble-fr","10":"product_cat-ensemble-enfant-fillette-fr","11":"product_cat-jupe","12":"product_cat-jupe-enfant-fillette","13":"product_cat-best-seller-fr","14":"product_cat-vetements-fr","15":"product_cat-248","16":"product_cat-272","17":"product_cat-305","18":"product_cat-264","19":"product_cat-270","20":"pa_couleur-beige","21":"pa_taille-02-ans","22":"pa_taille-03-ans","23":"pa_taille-04-ans","24":"pa_taille-05-ans","25":"pa_taille-06-ans","26":"pa_taille-07-ans","27":"pa_taille-08-ans-2","28":"pa_taille-09-ans-2","29":"pa_taille-10-ans-2","31":"first","32":"instock","33":"taxable","34":"shipping-taxable","35":"purchasable","36":"product-type-variable"},"_links":{"self":[{"href":"https:\/\/trendkidsalgerie.com\/index.php\/wp-json\/wp\/v2\/product\/9002","targetHints":{"allow":["GET"]}}],"collection":[{"href":"https:\/\/trendkidsalgerie.com\/index.php\/wp-json\/wp\/v2\/product"}],"about":[{"href":"https:\/\/trendkidsalgerie.com\/index.php\/wp-json\/wp\/v2\/types\/product"}],"replies":[{"embeddable":true,"href":"https:\/\/trendkidsalgerie.com\/index.php\/wp-json\/wp\/v2\/comments?post=9002"}],"version-history":[{"count":1,"href":"https:\/\/trendkidsalgerie.com\/index.php\/wp-json\/wp\/v2\/product\/9002\/revisions"}],"predecessor-version":[{"id":9017,"href":"https:\/\/trendkidsalgerie.com\/index.php\/wp-json\/wp\/v2\/product\/9002\/revisions\/9017"}],"wp:featuredmedia":[{"embeddable":true,"href":"https:\/\/trendkidsalgerie.com\/index.php\/wp-json\/wp\/v2\/media\/9013"}],"wp:attachment":[{"href":"https:\/\/trendkidsalgerie.com\/index.php\/wp-json\/wp\/v2\/media?parent=9002"}],"wp:term":[{"taxonomy":"product_brand","embeddable":true,"href":"https:\/\/trendkidsalgerie.com\/index.php\/wp-json\/wp\/v2\/product_brand?post=9002"},{"taxonomy":"product_cat","embeddable":true,"href":"https:\/\/trendkidsalgerie.com\/index.php\/wp-json\/wp\/v2\/product_cat?post=9002"},{"taxonomy":"product_tag","embeddable":true,"href":"https:\/\/trendkidsalgerie.com\/index.php\/wp-json\/wp\/v2\/product_tag?post=9002"}],"curies":[{"name":"wp","href":"https:\/\/api.w.org\/{rel}","templated":true}]}}