{"id":8909,"date":"2026-01-24T16:09:30","date_gmt":"2026-01-24T15:09:30","guid":{"rendered":"https:\/\/trendkidsalgerie.com\/?post_type=product&#038;p=8909"},"modified":"2026-01-24T16:09:45","modified_gmt":"2026-01-24T15:09:45","slug":"8909","status":"publish","type":"product","link":"https:\/\/trendkidsalgerie.com\/index.php\/produit\/8909\/","title":{"rendered":"Robe b\u00e9b\u00e9 fille"},"content":{"rendered":"<p>Tissu l\u00e9ger et a\u00e9rien,<\/p>\n<p>Imprim\u00e9 floral doux et \u00e9l\u00e9gant,<\/p>\n<p>Coupe ample et fluide pour une libert\u00e9 de mouvement totale,<\/p>\n<p>Manches longues, resserr\u00e9es aux poignets par de fins volants d\u00e9licats,<\/p>\n<p>Jupe est sublim\u00e9 par un volant fronc\u00e9 en bas,<\/p>\n<p>Doublure int\u00e9gr\u00e9e pour plus de confort.<\/p>\n<p>Parfaite pour les c\u00e9r\u00e9monies, l&rsquo;Eid, les f\u00eates, anniversaires ou sorties \u00e9l\u00e9gantes, cette robe incarne l&rsquo;esprit de la collection, douceur, \u00e9l\u00e9gance et f\u00e9minit\u00e9 intemporelle.<\/p>\n<p>&nbsp;<\/p>\n<p>&nbsp;<\/p>\n","protected":false},"excerpt":{"rendered":"<p style=\"font-weight: 400;\">Sublime robe b\u00e9b\u00e9 fille, s\u00e9duit par son allure d\u00e9licate et son esprit r\u00e9solument po\u00e9tique. Cette robe se distingue par son imprim\u00e9 floral, subtilement d\u00e9clin\u00e9 dans des tons doux sur fond ivoire. La coupe ample et fluide, le col large volant\u00e9, les manches longues, et la jupe sublim\u00e9e par un volant fronc\u00e9 en bas, renforcent l&rsquo;effet l\u00e9ger et f\u00e9erique de la robe. Une pi\u00e8ce coup de coeur qui fait r\u00eaver et illumine chaque instant.<\/p>\n","protected":false},"featured_media":8910,"comment_status":"open","ping_status":"closed","template":"","meta":[],"product_brand":[],"product_cat":[53,29,82,76,55,248,213,309,268,297,250],"product_tag":[],"class_list":{"0":"post-8909","1":"product","2":"type-product","3":"status-publish","4":"has-post-thumbnail","6":"product_cat-bebe-fr","7":"product_cat-best-seller-fr","8":"product_cat-robe-fr","9":"product_cat-vetements-fr","10":"product_cat-vetements-bebe-fillette-fr","11":"product_cat-248","12":"product_cat-213","13":"product_cat-309","14":"product_cat-268","15":"product_cat-297","16":"product_cat-250","17":"pa_couleur-beige","18":"pa_taille-09-mois","19":"pa_taille-12-mois","20":"pa_taille-18-mois","21":"pa_taille-24-mois","23":"first","24":"instock","25":"taxable","26":"shipping-taxable","27":"purchasable","28":"product-type-variable"},"_links":{"self":[{"href":"https:\/\/trendkidsalgerie.com\/index.php\/wp-json\/wp\/v2\/product\/8909","targetHints":{"allow":["GET"]}}],"collection":[{"href":"https:\/\/trendkidsalgerie.com\/index.php\/wp-json\/wp\/v2\/product"}],"about":[{"href":"https:\/\/trendkidsalgerie.com\/index.php\/wp-json\/wp\/v2\/types\/product"}],"replies":[{"embeddable":true,"href":"https:\/\/trendkidsalgerie.com\/index.php\/wp-json\/wp\/v2\/comments?post=8909"}],"version-history":[{"count":2,"href":"https:\/\/trendkidsalgerie.com\/index.php\/wp-json\/wp\/v2\/product\/8909\/revisions"}],"predecessor-version":[{"id":8928,"href":"https:\/\/trendkidsalgerie.com\/index.php\/wp-json\/wp\/v2\/product\/8909\/revisions\/8928"}],"wp:featuredmedia":[{"embeddable":true,"href":"https:\/\/trendkidsalgerie.com\/index.php\/wp-json\/wp\/v2\/media\/8910"}],"wp:attachment":[{"href":"https:\/\/trendkidsalgerie.com\/index.php\/wp-json\/wp\/v2\/media?parent=8909"}],"wp:term":[{"taxonomy":"product_brand","embeddable":true,"href":"https:\/\/trendkidsalgerie.com\/index.php\/wp-json\/wp\/v2\/product_brand?post=8909"},{"taxonomy":"product_cat","embeddable":true,"href":"https:\/\/trendkidsalgerie.com\/index.php\/wp-json\/wp\/v2\/product_cat?post=8909"},{"taxonomy":"product_tag","embeddable":true,"href":"https:\/\/trendkidsalgerie.com\/index.php\/wp-json\/wp\/v2\/product_tag?post=8909"}],"curies":[{"name":"wp","href":"https:\/\/api.w.org\/{rel}","templated":true}]}}