{"id":8761,"date":"2026-01-21T00:27:48","date_gmt":"2026-01-20T23:27:48","guid":{"rendered":"https:\/\/trendkidsalgerie.com\/?post_type=product&#038;p=8761"},"modified":"2026-01-30T23:46:41","modified_gmt":"2026-01-30T22:46:41","slug":"robe-enfant-fille-12","status":"publish","type":"product","link":"https:\/\/trendkidsalgerie.com\/index.php\/produit\/robe-enfant-fille-12\/","title":{"rendered":"Robe enfant fille"},"content":{"rendered":"<p>Robe enfant fille coton 70%, lin 30%.<\/p>\n","protected":false},"excerpt":{"rendered":"<p>Robe verte \u00e9l\u00e9gante et intemporelle<\/p>\n<p>Cette robe se distingue par sa teinte vert doux, \u00e9l\u00e9gante et raffin\u00e9e. Son col orn\u00e9 d\u2019un n\u0153ud d\u00e9licat et sa boutonni\u00e8re subtile apportent une touche de charme r\u00e9tro. Les manches longues l\u00e9g\u00e8rement bouffantes et les finitions soign\u00e9es t\u00e9moignent d\u2019un savoir-faire d\u00e9licat, id\u00e9al pour une allure distingu\u00e9e et moderne. Parfaite pour : c\u00e9r\u00e9monies, f\u00eates, occasions sp\u00e9ciales ou looks \u00e9l\u00e9gants du quotidien.<\/p>\n","protected":false},"featured_media":8762,"comment_status":"open","ping_status":"closed","template":"","meta":[],"product_brand":[],"product_cat":[56,58,29,502,77,76,270,309,268,297],"product_tag":[],"class_list":{"0":"post-8761","1":"product","2":"type-product","3":"status-publish","4":"has-post-thumbnail","6":"product_cat-enfant-fr","7":"product_cat-enfant-fillette-fr","8":"product_cat-best-seller-fr","9":"product_cat-robe-enfant-fillette-enfant-fillette-fr","10":"product_cat-veste-fr","11":"product_cat-vetements-fr","12":"product_cat-270","13":"product_cat-309","14":"product_cat-268","15":"product_cat-297","16":"pa_couleur-vert","17":"pa_taille-02-ans","18":"pa_taille-04-ans","19":"pa_taille-06-ans","21":"first","22":"instock","23":"taxable","24":"shipping-taxable","25":"purchasable","26":"product-type-variable"},"_links":{"self":[{"href":"https:\/\/trendkidsalgerie.com\/index.php\/wp-json\/wp\/v2\/product\/8761","targetHints":{"allow":["GET"]}}],"collection":[{"href":"https:\/\/trendkidsalgerie.com\/index.php\/wp-json\/wp\/v2\/product"}],"about":[{"href":"https:\/\/trendkidsalgerie.com\/index.php\/wp-json\/wp\/v2\/types\/product"}],"replies":[{"embeddable":true,"href":"https:\/\/trendkidsalgerie.com\/index.php\/wp-json\/wp\/v2\/comments?post=8761"}],"version-history":[{"count":1,"href":"https:\/\/trendkidsalgerie.com\/index.php\/wp-json\/wp\/v2\/product\/8761\/revisions"}],"predecessor-version":[{"id":8768,"href":"https:\/\/trendkidsalgerie.com\/index.php\/wp-json\/wp\/v2\/product\/8761\/revisions\/8768"}],"wp:featuredmedia":[{"embeddable":true,"href":"https:\/\/trendkidsalgerie.com\/index.php\/wp-json\/wp\/v2\/media\/8762"}],"wp:attachment":[{"href":"https:\/\/trendkidsalgerie.com\/index.php\/wp-json\/wp\/v2\/media?parent=8761"}],"wp:term":[{"taxonomy":"product_brand","embeddable":true,"href":"https:\/\/trendkidsalgerie.com\/index.php\/wp-json\/wp\/v2\/product_brand?post=8761"},{"taxonomy":"product_cat","embeddable":true,"href":"https:\/\/trendkidsalgerie.com\/index.php\/wp-json\/wp\/v2\/product_cat?post=8761"},{"taxonomy":"product_tag","embeddable":true,"href":"https:\/\/trendkidsalgerie.com\/index.php\/wp-json\/wp\/v2\/product_tag?post=8761"}],"curies":[{"name":"wp","href":"https:\/\/api.w.org\/{rel}","templated":true}]}}