{"id":8681,"date":"2026-01-19T23:09:20","date_gmt":"2026-01-19T22:09:20","guid":{"rendered":"https:\/\/trendkidsalgerie.com\/?post_type=product&#038;p=8681"},"modified":"2026-01-19T23:09:21","modified_gmt":"2026-01-19T22:09:21","slug":"ensemble-enfant-fille-10","status":"publish","type":"product","link":"https:\/\/trendkidsalgerie.com\/index.php\/produit\/ensemble-enfant-fille-10\/","title":{"rendered":"Ensemble enfant fille"},"content":{"rendered":"","protected":false},"excerpt":{"rendered":"<p>Mise en lumi\u00e8re de cet ensemble pour fille associant une chemise \u00e0 manches longues \u00e0 boutons et un pantalon subtilement l\u00e9ger, pour une allure \u00e9l\u00e9gante et \u00e9quilibr\u00e9e.<\/p>\n","protected":false},"featured_media":8678,"comment_status":"open","ping_status":"closed","template":"","meta":[],"product_brand":[],"product_cat":[56,58,78,65,76,305,264,270,297],"product_tag":[],"class_list":{"0":"post-8681","1":"product","2":"type-product","3":"status-publish","4":"has-post-thumbnail","6":"product_cat-enfant-fr","7":"product_cat-enfant-fillette-fr","8":"product_cat-ensemble-fr","9":"product_cat-ensemble-enfant-fillette-fr","10":"product_cat-vetements-fr","11":"product_cat-305","12":"product_cat-264","13":"product_cat-270","14":"product_cat-297","15":"pa_couleur-beige","16":"pa_couleur-marron","17":"pa_taille-06-ans","18":"pa_taille-07-ans","19":"pa_taille-08-ans-2","20":"pa_taille-09-ans-2","22":"first","23":"instock","24":"taxable","25":"shipping-taxable","26":"purchasable","27":"product-type-variable"},"_links":{"self":[{"href":"https:\/\/trendkidsalgerie.com\/index.php\/wp-json\/wp\/v2\/product\/8681","targetHints":{"allow":["GET"]}}],"collection":[{"href":"https:\/\/trendkidsalgerie.com\/index.php\/wp-json\/wp\/v2\/product"}],"about":[{"href":"https:\/\/trendkidsalgerie.com\/index.php\/wp-json\/wp\/v2\/types\/product"}],"replies":[{"embeddable":true,"href":"https:\/\/trendkidsalgerie.com\/index.php\/wp-json\/wp\/v2\/comments?post=8681"}],"version-history":[{"count":1,"href":"https:\/\/trendkidsalgerie.com\/index.php\/wp-json\/wp\/v2\/product\/8681\/revisions"}],"predecessor-version":[{"id":8690,"href":"https:\/\/trendkidsalgerie.com\/index.php\/wp-json\/wp\/v2\/product\/8681\/revisions\/8690"}],"wp:featuredmedia":[{"embeddable":true,"href":"https:\/\/trendkidsalgerie.com\/index.php\/wp-json\/wp\/v2\/media\/8678"}],"wp:attachment":[{"href":"https:\/\/trendkidsalgerie.com\/index.php\/wp-json\/wp\/v2\/media?parent=8681"}],"wp:term":[{"taxonomy":"product_brand","embeddable":true,"href":"https:\/\/trendkidsalgerie.com\/index.php\/wp-json\/wp\/v2\/product_brand?post=8681"},{"taxonomy":"product_cat","embeddable":true,"href":"https:\/\/trendkidsalgerie.com\/index.php\/wp-json\/wp\/v2\/product_cat?post=8681"},{"taxonomy":"product_tag","embeddable":true,"href":"https:\/\/trendkidsalgerie.com\/index.php\/wp-json\/wp\/v2\/product_tag?post=8681"}],"curies":[{"name":"wp","href":"https:\/\/api.w.org\/{rel}","templated":true}]}}