{"id":8545,"date":"2026-01-09T02:31:29","date_gmt":"2026-01-09T01:31:29","guid":{"rendered":"https:\/\/trendkidsalgerie.com\/?post_type=product&#038;p=8545"},"modified":"2026-01-26T18:00:38","modified_gmt":"2026-01-26T17:00:38","slug":"ensemble-enfant-garcon-4","status":"publish","type":"product","link":"https:\/\/trendkidsalgerie.com\/index.php\/produit\/ensemble-enfant-garcon-4\/","title":{"rendered":"Ensemble enfant gar\u00e7on"},"content":{"rendered":"<p>Laissez vous s\u00e9duire par cet ensemble b\u00e9b\u00e9 gar\u00e7on compos\u00e9 d&rsquo;une chemise blanche aux manches longues \u00a0et un pantalon(vert clair , beige) assorti.<\/p>\n","protected":false},"excerpt":{"rendered":"<p>Laissez vous s\u00e9duire par cet ensemble b\u00e9b\u00e9 gar\u00e7on compos\u00e9 d&rsquo;une chemise blanche aux manches longues \u00a0et un pantalon assorti.<\/p>\n","protected":false},"featured_media":9467,"comment_status":"open","ping_status":"closed","template":"","meta":[],"product_brand":[],"product_cat":[56,57,78,60,76,262,289,283],"product_tag":[],"class_list":{"0":"post-8545","1":"product","2":"type-product","3":"status-publish","4":"has-post-thumbnail","6":"product_cat-enfant-fr","7":"product_cat-vetements-enfant-garcon-fr","8":"product_cat-ensemble-fr","9":"product_cat-ensemble-enfant-garcon-fr","10":"product_cat-vetements-fr","11":"product_cat-262","12":"product_cat-289","13":"product_cat-283","14":"pa_couleur-beige","15":"pa_couleur-vert","16":"pa_taille-02-ans","17":"pa_taille-04-ans","18":"pa_taille-06-ans","19":"pa_taille-08-ans-2","21":"first","22":"instock","23":"taxable","24":"shipping-taxable","25":"purchasable","26":"product-type-variable"},"_links":{"self":[{"href":"https:\/\/trendkidsalgerie.com\/index.php\/wp-json\/wp\/v2\/product\/8545","targetHints":{"allow":["GET"]}}],"collection":[{"href":"https:\/\/trendkidsalgerie.com\/index.php\/wp-json\/wp\/v2\/product"}],"about":[{"href":"https:\/\/trendkidsalgerie.com\/index.php\/wp-json\/wp\/v2\/types\/product"}],"replies":[{"embeddable":true,"href":"https:\/\/trendkidsalgerie.com\/index.php\/wp-json\/wp\/v2\/comments?post=8545"}],"version-history":[{"count":1,"href":"https:\/\/trendkidsalgerie.com\/index.php\/wp-json\/wp\/v2\/product\/8545\/revisions"}],"predecessor-version":[{"id":8554,"href":"https:\/\/trendkidsalgerie.com\/index.php\/wp-json\/wp\/v2\/product\/8545\/revisions\/8554"}],"wp:featuredmedia":[{"embeddable":true,"href":"https:\/\/trendkidsalgerie.com\/index.php\/wp-json\/wp\/v2\/media\/9467"}],"wp:attachment":[{"href":"https:\/\/trendkidsalgerie.com\/index.php\/wp-json\/wp\/v2\/media?parent=8545"}],"wp:term":[{"taxonomy":"product_brand","embeddable":true,"href":"https:\/\/trendkidsalgerie.com\/index.php\/wp-json\/wp\/v2\/product_brand?post=8545"},{"taxonomy":"product_cat","embeddable":true,"href":"https:\/\/trendkidsalgerie.com\/index.php\/wp-json\/wp\/v2\/product_cat?post=8545"},{"taxonomy":"product_tag","embeddable":true,"href":"https:\/\/trendkidsalgerie.com\/index.php\/wp-json\/wp\/v2\/product_tag?post=8545"}],"curies":[{"name":"wp","href":"https:\/\/api.w.org\/{rel}","templated":true}]}}