{"id":8479,"date":"2026-01-09T01:26:29","date_gmt":"2026-01-09T00:26:29","guid":{"rendered":"https:\/\/trendkidsalgerie.com\/?post_type=product&#038;p=8479"},"modified":"2026-01-27T00:13:31","modified_gmt":"2026-01-26T23:13:31","slug":"ensemble-bebe-garcon-3","status":"publish","type":"product","link":"https:\/\/trendkidsalgerie.com\/index.php\/produit\/ensemble-bebe-garcon-3\/","title":{"rendered":"Ensemble b\u00e9b\u00e9 gar\u00e7on"},"content":{"rendered":"<p>Craquez pour cet ensemble b\u00e9b\u00e9 compos\u00e9&rsquo; d&rsquo;une chemise aux manches longues beige avec un col classique, up pull marron en col V et un pantalon \u00e0 petits carreaux. Confort, style et modernit\u00e9 r\u00e9unis dans un seule ensemble, parfait pour un look casual qui ne passe pas inaper\u00e7u.<\/p>\n","protected":false},"excerpt":{"rendered":"<p>Craquez pour cet ensemble b\u00e9b\u00e9 compos\u00e9 d&rsquo;une chemise aux manches longues beige avec un col classique, up pull marron en col V et un pantalon \u00e0 petits carreaux. Confort, style et modernit\u00e9 r\u00e9unis dans un seule ensemble, parfait pour un look casual qui ne passe pas inaper\u00e7u.<\/p>\n","protected":false},"featured_media":8043,"comment_status":"open","ping_status":"closed","template":"","meta":[],"product_brand":[],"product_cat":[53,78,29,76,54,248,305,213,297,256],"product_tag":[],"class_list":{"0":"post-8479","1":"product","2":"type-product","3":"status-publish","4":"has-post-thumbnail","6":"product_cat-bebe-fr","7":"product_cat-ensemble-fr","8":"product_cat-best-seller-fr","9":"product_cat-vetements-fr","10":"product_cat-vetements-bebe-garcon","11":"product_cat-248","12":"product_cat-305","13":"product_cat-213","14":"product_cat-297","15":"product_cat-256","16":"pa_couleur-marron","17":"pa_taille-12-18-mois","18":"pa_taille-18-24-mois-2","20":"first","21":"instock","22":"taxable","23":"shipping-taxable","24":"purchasable","25":"product-type-variable"},"_links":{"self":[{"href":"https:\/\/trendkidsalgerie.com\/index.php\/wp-json\/wp\/v2\/product\/8479","targetHints":{"allow":["GET"]}}],"collection":[{"href":"https:\/\/trendkidsalgerie.com\/index.php\/wp-json\/wp\/v2\/product"}],"about":[{"href":"https:\/\/trendkidsalgerie.com\/index.php\/wp-json\/wp\/v2\/types\/product"}],"replies":[{"embeddable":true,"href":"https:\/\/trendkidsalgerie.com\/index.php\/wp-json\/wp\/v2\/comments?post=8479"}],"version-history":[{"count":2,"href":"https:\/\/trendkidsalgerie.com\/index.php\/wp-json\/wp\/v2\/product\/8479\/revisions"}],"predecessor-version":[{"id":9489,"href":"https:\/\/trendkidsalgerie.com\/index.php\/wp-json\/wp\/v2\/product\/8479\/revisions\/9489"}],"wp:featuredmedia":[{"embeddable":true,"href":"https:\/\/trendkidsalgerie.com\/index.php\/wp-json\/wp\/v2\/media\/8043"}],"wp:attachment":[{"href":"https:\/\/trendkidsalgerie.com\/index.php\/wp-json\/wp\/v2\/media?parent=8479"}],"wp:term":[{"taxonomy":"product_brand","embeddable":true,"href":"https:\/\/trendkidsalgerie.com\/index.php\/wp-json\/wp\/v2\/product_brand?post=8479"},{"taxonomy":"product_cat","embeddable":true,"href":"https:\/\/trendkidsalgerie.com\/index.php\/wp-json\/wp\/v2\/product_cat?post=8479"},{"taxonomy":"product_tag","embeddable":true,"href":"https:\/\/trendkidsalgerie.com\/index.php\/wp-json\/wp\/v2\/product_tag?post=8479"}],"curies":[{"name":"wp","href":"https:\/\/api.w.org\/{rel}","templated":true}]}}