{"id":8444,"date":"2026-01-09T00:37:29","date_gmt":"2026-01-08T23:37:29","guid":{"rendered":"https:\/\/trendkidsalgerie.com\/?post_type=product&#038;p=8444"},"modified":"2026-01-09T00:38:05","modified_gmt":"2026-01-08T23:38:05","slug":"ensemble-enfant-garcon-3","status":"publish","type":"product","link":"https:\/\/trendkidsalgerie.com\/index.php\/produit\/ensemble-enfant-garcon-3\/","title":{"rendered":"Ensemble enfant gar\u00e7on"},"content":{"rendered":"","protected":false},"excerpt":{"rendered":"<p>Craquez pour cet chic ensemble enfant gar\u00e7on compos\u00e9 d&rsquo;une chemise \u00e0 carreaux, d&rsquo;un pull sans manches vert \u00e0 col en V et d&rsquo;un jean bleu fonc\u00e9. \u00c9l\u00e9gance, confort et qualit\u00e9 pour un look raffin\u00e9 au quotidien comme pour les occasions sp\u00e9ciales.<\/p>\n","protected":false},"featured_media":8446,"comment_status":"open","ping_status":"closed","template":"","meta":[],"product_brand":[],"product_cat":[53,78,76,54,305,213,297,256],"product_tag":[],"class_list":{"0":"post-8444","1":"product","2":"type-product","3":"status-publish","4":"has-post-thumbnail","6":"product_cat-bebe-fr","7":"product_cat-ensemble-fr","8":"product_cat-vetements-fr","9":"product_cat-vetements-bebe-garcon","10":"product_cat-305","11":"product_cat-213","12":"product_cat-297","13":"product_cat-256","14":"pa_couleur-vert-et-bleu-fonce-fr","15":"pa_taille-12-18-mois","16":"pa_taille-18-24-mois-2","18":"first","19":"instock","20":"taxable","21":"shipping-taxable","22":"purchasable","23":"product-type-variable"},"_links":{"self":[{"href":"https:\/\/trendkidsalgerie.com\/index.php\/wp-json\/wp\/v2\/product\/8444","targetHints":{"allow":["GET"]}}],"collection":[{"href":"https:\/\/trendkidsalgerie.com\/index.php\/wp-json\/wp\/v2\/product"}],"about":[{"href":"https:\/\/trendkidsalgerie.com\/index.php\/wp-json\/wp\/v2\/types\/product"}],"replies":[{"embeddable":true,"href":"https:\/\/trendkidsalgerie.com\/index.php\/wp-json\/wp\/v2\/comments?post=8444"}],"version-history":[{"count":1,"href":"https:\/\/trendkidsalgerie.com\/index.php\/wp-json\/wp\/v2\/product\/8444\/revisions"}],"predecessor-version":[{"id":8454,"href":"https:\/\/trendkidsalgerie.com\/index.php\/wp-json\/wp\/v2\/product\/8444\/revisions\/8454"}],"wp:featuredmedia":[{"embeddable":true,"href":"https:\/\/trendkidsalgerie.com\/index.php\/wp-json\/wp\/v2\/media\/8446"}],"wp:attachment":[{"href":"https:\/\/trendkidsalgerie.com\/index.php\/wp-json\/wp\/v2\/media?parent=8444"}],"wp:term":[{"taxonomy":"product_brand","embeddable":true,"href":"https:\/\/trendkidsalgerie.com\/index.php\/wp-json\/wp\/v2\/product_brand?post=8444"},{"taxonomy":"product_cat","embeddable":true,"href":"https:\/\/trendkidsalgerie.com\/index.php\/wp-json\/wp\/v2\/product_cat?post=8444"},{"taxonomy":"product_tag","embeddable":true,"href":"https:\/\/trendkidsalgerie.com\/index.php\/wp-json\/wp\/v2\/product_tag?post=8444"}],"curies":[{"name":"wp","href":"https:\/\/api.w.org\/{rel}","templated":true}]}}