{"id":8437,"date":"2026-01-09T00:15:20","date_gmt":"2026-01-08T23:15:20","guid":{"rendered":"https:\/\/trendkidsalgerie.com\/?post_type=product&#038;p=8437"},"modified":"2026-01-09T00:39:14","modified_gmt":"2026-01-08T23:39:14","slug":"ensemble-bebe-garcon-2","status":"publish","type":"product","link":"https:\/\/trendkidsalgerie.com\/index.php\/produit\/ensemble-bebe-garcon-2\/","title":{"rendered":"Ensemble b\u00e9b\u00e9 gar\u00e7on"},"content":{"rendered":"<p>Ensemble enfant gar\u00e7on de 02 pieces (chemise a manches longues vert clair 70% coton et 30% lin keten et pantalon beige clair tissu 100% cotton.<\/p>\n","protected":false},"excerpt":{"rendered":"<p>Laissez vous s\u00e9duire pour cet ensemble de deux pi\u00e8ces compos\u00e9 d&rsquo;une chemise vert clair et un pantalon beige.<\/p>\n","protected":false},"featured_media":8439,"comment_status":"open","ping_status":"closed","template":"","meta":[],"product_brand":[],"product_cat":[53,78,29,76,54,248,305,213,297,256],"product_tag":[],"class_list":{"0":"post-8437","1":"product","2":"type-product","3":"status-publish","4":"has-post-thumbnail","6":"product_cat-bebe-fr","7":"product_cat-ensemble-fr","8":"product_cat-best-seller-fr","9":"product_cat-vetements-fr","10":"product_cat-vetements-bebe-garcon","11":"product_cat-248","12":"product_cat-305","13":"product_cat-213","14":"product_cat-297","15":"product_cat-256","16":"pa_couleur-vert-et-beige","17":"pa_taille-09-12-mois","18":"pa_taille-12-18-mois","19":"pa_taille-18-24-mois-2","21":"first","22":"instock","23":"taxable","24":"shipping-taxable","25":"purchasable","26":"product-type-variable"},"_links":{"self":[{"href":"https:\/\/trendkidsalgerie.com\/index.php\/wp-json\/wp\/v2\/product\/8437","targetHints":{"allow":["GET"]}}],"collection":[{"href":"https:\/\/trendkidsalgerie.com\/index.php\/wp-json\/wp\/v2\/product"}],"about":[{"href":"https:\/\/trendkidsalgerie.com\/index.php\/wp-json\/wp\/v2\/types\/product"}],"replies":[{"embeddable":true,"href":"https:\/\/trendkidsalgerie.com\/index.php\/wp-json\/wp\/v2\/comments?post=8437"}],"version-history":[{"count":2,"href":"https:\/\/trendkidsalgerie.com\/index.php\/wp-json\/wp\/v2\/product\/8437\/revisions"}],"predecessor-version":[{"id":8455,"href":"https:\/\/trendkidsalgerie.com\/index.php\/wp-json\/wp\/v2\/product\/8437\/revisions\/8455"}],"wp:featuredmedia":[{"embeddable":true,"href":"https:\/\/trendkidsalgerie.com\/index.php\/wp-json\/wp\/v2\/media\/8439"}],"wp:attachment":[{"href":"https:\/\/trendkidsalgerie.com\/index.php\/wp-json\/wp\/v2\/media?parent=8437"}],"wp:term":[{"taxonomy":"product_brand","embeddable":true,"href":"https:\/\/trendkidsalgerie.com\/index.php\/wp-json\/wp\/v2\/product_brand?post=8437"},{"taxonomy":"product_cat","embeddable":true,"href":"https:\/\/trendkidsalgerie.com\/index.php\/wp-json\/wp\/v2\/product_cat?post=8437"},{"taxonomy":"product_tag","embeddable":true,"href":"https:\/\/trendkidsalgerie.com\/index.php\/wp-json\/wp\/v2\/product_tag?post=8437"}],"curies":[{"name":"wp","href":"https:\/\/api.w.org\/{rel}","templated":true}]}}