{"id":8429,"date":"2026-01-08T23:58:37","date_gmt":"2026-01-08T22:58:37","guid":{"rendered":"https:\/\/trendkidsalgerie.com\/?post_type=product&#038;p=8429"},"modified":"2026-01-09T00:39:52","modified_gmt":"2026-01-08T23:39:52","slug":"ensemble-bebe-garcon","status":"publish","type":"product","link":"https:\/\/trendkidsalgerie.com\/index.php\/produit\/ensemble-bebe-garcon\/","title":{"rendered":"Ensemble b\u00e9b\u00e9 gar\u00e7on"},"content":{"rendered":"<p>Ensemble enfant gar\u00e7on de 03 pi\u00e8ces (chemise \u00e0 rayure bleu 70% coton et 30% keten, haut demi manches, col rond blanc 100% coton et pantalon bleu navy 95% cotton et 5% \u00e9lasthanne).<\/p>\n","protected":false},"excerpt":{"rendered":"<p>Craquez pour cet ensemble enfant gar\u00e7on compos\u00e9 de 03 pi\u00e8ces, chemise \u00e0 rayure bleu, haut demi manches, col rond blanc et pantalon bleu navy.<\/p>\n<p>&nbsp;<\/p>\n","protected":false},"featured_media":8430,"comment_status":"open","ping_status":"closed","template":"","meta":[],"product_brand":[],"product_cat":[53,78,29,76,54,262,248,305,289,297],"product_tag":[],"class_list":{"0":"post-8429","1":"product","2":"type-product","3":"status-publish","4":"has-post-thumbnail","6":"product_cat-bebe-fr","7":"product_cat-ensemble-fr","8":"product_cat-best-seller-fr","9":"product_cat-vetements-fr","10":"product_cat-vetements-bebe-garcon","11":"product_cat-262","12":"product_cat-248","13":"product_cat-305","14":"product_cat-289","15":"product_cat-297","16":"pa_couleur-bleu","17":"pa_taille-12-18-mois","18":"pa_taille-18-24-mois-2","20":"first","21":"instock","22":"taxable","23":"shipping-taxable","24":"purchasable","25":"product-type-variable"},"_links":{"self":[{"href":"https:\/\/trendkidsalgerie.com\/index.php\/wp-json\/wp\/v2\/product\/8429","targetHints":{"allow":["GET"]}}],"collection":[{"href":"https:\/\/trendkidsalgerie.com\/index.php\/wp-json\/wp\/v2\/product"}],"about":[{"href":"https:\/\/trendkidsalgerie.com\/index.php\/wp-json\/wp\/v2\/types\/product"}],"replies":[{"embeddable":true,"href":"https:\/\/trendkidsalgerie.com\/index.php\/wp-json\/wp\/v2\/comments?post=8429"}],"version-history":[{"count":1,"href":"https:\/\/trendkidsalgerie.com\/index.php\/wp-json\/wp\/v2\/product\/8429\/revisions"}],"predecessor-version":[{"id":8436,"href":"https:\/\/trendkidsalgerie.com\/index.php\/wp-json\/wp\/v2\/product\/8429\/revisions\/8436"}],"wp:featuredmedia":[{"embeddable":true,"href":"https:\/\/trendkidsalgerie.com\/index.php\/wp-json\/wp\/v2\/media\/8430"}],"wp:attachment":[{"href":"https:\/\/trendkidsalgerie.com\/index.php\/wp-json\/wp\/v2\/media?parent=8429"}],"wp:term":[{"taxonomy":"product_brand","embeddable":true,"href":"https:\/\/trendkidsalgerie.com\/index.php\/wp-json\/wp\/v2\/product_brand?post=8429"},{"taxonomy":"product_cat","embeddable":true,"href":"https:\/\/trendkidsalgerie.com\/index.php\/wp-json\/wp\/v2\/product_cat?post=8429"},{"taxonomy":"product_tag","embeddable":true,"href":"https:\/\/trendkidsalgerie.com\/index.php\/wp-json\/wp\/v2\/product_tag?post=8429"}],"curies":[{"name":"wp","href":"https:\/\/api.w.org\/{rel}","templated":true}]}}