{"id":8277,"date":"2026-01-07T03:19:31","date_gmt":"2026-01-07T02:19:31","guid":{"rendered":"https:\/\/trendkidsalgerie.com\/?post_type=product&#038;p=8277"},"modified":"2026-01-26T01:03:33","modified_gmt":"2026-01-26T00:03:33","slug":"robe-bebe-fille-18","status":"publish","type":"product","link":"https:\/\/trendkidsalgerie.com\/index.php\/produit\/robe-bebe-fille-18\/","title":{"rendered":"Robe b\u00e9b\u00e9 fille"},"content":{"rendered":"<p>Tissu l\u00e9ger et agr\u00e9able \u00e0 porter<\/p>\n<p>Col arrondi d\u00e9licatement travaill\u00e9<\/p>\n<p>Coupe ajust\u00e9e et fluide et ses petits motifs brod\u00e9s subtils<\/p>\n<p>Gilet bleu \u00a0raffin\u00e9 en maille douce soigneusement cordonn\u00e9<\/p>\n<p>parfaite pour les occasions sp\u00e9ciales, les f\u00eates familiales et c\u00e9l\u00e9bration.<\/p>\n","protected":false},"excerpt":{"rendered":"<p>Robe b\u00e9b\u00e9 fille d\u00e9licate associ\u00e9e \u00e0 un gilet \u00e9l\u00e9gant pour un look \u00e0 la fois doux, chic et confortable. Parfait pour sublimer les moments du quotidien comme les occasions sp\u00e9ciales.<\/p>\n","protected":false},"featured_media":8278,"comment_status":"open","ping_status":"closed","template":"","meta":[],"product_brand":[],"product_cat":[53,681,82,76,55,213,309,297,250],"product_tag":[],"class_list":{"0":"post-8277","1":"product","2":"type-product","3":"status-publish","4":"has-post-thumbnail","6":"product_cat-bebe-fr","7":"product_cat-gilet","8":"product_cat-robe-fr","9":"product_cat-vetements-fr","10":"product_cat-vetements-bebe-fillette-fr","11":"product_cat-213","12":"product_cat-309","13":"product_cat-297","14":"product_cat-250","15":"pa_couleur-bleu","16":"pa_taille-09-mois","17":"pa_taille-12-mois","18":"pa_taille-18-mois","19":"pa_taille-24-mois","21":"first","22":"instock","23":"taxable","24":"shipping-taxable","25":"purchasable","26":"product-type-variable"},"_links":{"self":[{"href":"https:\/\/trendkidsalgerie.com\/index.php\/wp-json\/wp\/v2\/product\/8277","targetHints":{"allow":["GET"]}}],"collection":[{"href":"https:\/\/trendkidsalgerie.com\/index.php\/wp-json\/wp\/v2\/product"}],"about":[{"href":"https:\/\/trendkidsalgerie.com\/index.php\/wp-json\/wp\/v2\/types\/product"}],"replies":[{"embeddable":true,"href":"https:\/\/trendkidsalgerie.com\/index.php\/wp-json\/wp\/v2\/comments?post=8277"}],"version-history":[{"count":4,"href":"https:\/\/trendkidsalgerie.com\/index.php\/wp-json\/wp\/v2\/product\/8277\/revisions"}],"predecessor-version":[{"id":9359,"href":"https:\/\/trendkidsalgerie.com\/index.php\/wp-json\/wp\/v2\/product\/8277\/revisions\/9359"}],"wp:featuredmedia":[{"embeddable":true,"href":"https:\/\/trendkidsalgerie.com\/index.php\/wp-json\/wp\/v2\/media\/8278"}],"wp:attachment":[{"href":"https:\/\/trendkidsalgerie.com\/index.php\/wp-json\/wp\/v2\/media?parent=8277"}],"wp:term":[{"taxonomy":"product_brand","embeddable":true,"href":"https:\/\/trendkidsalgerie.com\/index.php\/wp-json\/wp\/v2\/product_brand?post=8277"},{"taxonomy":"product_cat","embeddable":true,"href":"https:\/\/trendkidsalgerie.com\/index.php\/wp-json\/wp\/v2\/product_cat?post=8277"},{"taxonomy":"product_tag","embeddable":true,"href":"https:\/\/trendkidsalgerie.com\/index.php\/wp-json\/wp\/v2\/product_tag?post=8277"}],"curies":[{"name":"wp","href":"https:\/\/api.w.org\/{rel}","templated":true}]}}