{"id":8136,"date":"2026-01-05T16:01:54","date_gmt":"2026-01-05T15:01:54","guid":{"rendered":"https:\/\/trendkidsalgerie.com\/?post_type=product&#038;p=8136"},"modified":"2026-01-08T13:34:54","modified_gmt":"2026-01-08T12:34:54","slug":"robe-bebe-fillette","status":"publish","type":"product","link":"https:\/\/trendkidsalgerie.com\/index.php\/produit\/robe-bebe-fillette\/","title":{"rendered":"Robe b\u00e9b\u00e9 fille"},"content":{"rendered":"<p>Robe b\u00e9b\u00e9 fillette \u00e0 carreaux rouges, confectionn\u00e9e dans un tissu doux et agr\u00e9able \u00e0 toucher. Son col volont\u00e9 d\u00e9licatement travaill\u00e9, ses manches l\u00e9g\u00e8rement \u00a0bouffantes et sa coupe ample offrent un confort parfait tout en apportant une touche chic irr\u00e9sistible. Accompagn\u00e9e de son serre-t\u00e8te assorti, \u00a0id\u00e9al pour les c\u00e9r\u00e9monies, les f\u00eates ou les jolies occasions.<\/p>\n<p>Un modele plein de tendresse pour sublimer les premiers moments.<\/p>\n","protected":false},"excerpt":{"rendered":"<p>Robe b\u00e9b\u00e9 fillette \u00e0 carreaux rouges, col volants et manches l\u00e9g\u00e8rement \u00a0bouffantes, accompagn\u00e9e de son serre-t\u00e8te assorti parfaite pour les f\u00eates et jolies occasions.<\/p>\n","protected":false},"featured_media":8139,"comment_status":"open","ping_status":"closed","template":"","meta":[],"product_brand":[],"product_cat":[53,29,82,76,55,213,309,297,250],"product_tag":[],"class_list":{"0":"post-8136","1":"product","2":"type-product","3":"status-publish","4":"has-post-thumbnail","6":"product_cat-bebe-fr","7":"product_cat-best-seller-fr","8":"product_cat-robe-fr","9":"product_cat-vetements-fr","10":"product_cat-vetements-bebe-fillette-fr","11":"product_cat-213","12":"product_cat-309","13":"product_cat-297","14":"product_cat-250","15":"pa_couleur-rouge","16":"pa_taille-06-mois","17":"pa_taille-12-mois","19":"first","20":"instock","21":"taxable","22":"shipping-taxable","23":"purchasable","24":"product-type-variable"},"_links":{"self":[{"href":"https:\/\/trendkidsalgerie.com\/index.php\/wp-json\/wp\/v2\/product\/8136","targetHints":{"allow":["GET"]}}],"collection":[{"href":"https:\/\/trendkidsalgerie.com\/index.php\/wp-json\/wp\/v2\/product"}],"about":[{"href":"https:\/\/trendkidsalgerie.com\/index.php\/wp-json\/wp\/v2\/types\/product"}],"replies":[{"embeddable":true,"href":"https:\/\/trendkidsalgerie.com\/index.php\/wp-json\/wp\/v2\/comments?post=8136"}],"version-history":[{"count":2,"href":"https:\/\/trendkidsalgerie.com\/index.php\/wp-json\/wp\/v2\/product\/8136\/revisions"}],"predecessor-version":[{"id":8177,"href":"https:\/\/trendkidsalgerie.com\/index.php\/wp-json\/wp\/v2\/product\/8136\/revisions\/8177"}],"wp:featuredmedia":[{"embeddable":true,"href":"https:\/\/trendkidsalgerie.com\/index.php\/wp-json\/wp\/v2\/media\/8139"}],"wp:attachment":[{"href":"https:\/\/trendkidsalgerie.com\/index.php\/wp-json\/wp\/v2\/media?parent=8136"}],"wp:term":[{"taxonomy":"product_brand","embeddable":true,"href":"https:\/\/trendkidsalgerie.com\/index.php\/wp-json\/wp\/v2\/product_brand?post=8136"},{"taxonomy":"product_cat","embeddable":true,"href":"https:\/\/trendkidsalgerie.com\/index.php\/wp-json\/wp\/v2\/product_cat?post=8136"},{"taxonomy":"product_tag","embeddable":true,"href":"https:\/\/trendkidsalgerie.com\/index.php\/wp-json\/wp\/v2\/product_tag?post=8136"}],"curies":[{"name":"wp","href":"https:\/\/api.w.org\/{rel}","templated":true}]}}