{"id":7914,"date":"2025-11-18T00:58:54","date_gmt":"2025-11-17T23:58:54","guid":{"rendered":"https:\/\/trendkidsalgerie.com\/?post_type=product&#038;p=7914"},"modified":"2025-11-18T00:58:54","modified_gmt":"2025-11-17T23:58:54","slug":"ensemble-enfant-fille-6","status":"publish","type":"product","link":"https:\/\/trendkidsalgerie.com\/index.php\/produit\/ensemble-enfant-fille-6\/","title":{"rendered":"Ensemble enfant fille"},"content":{"rendered":"<p>Ensemble enfant fille de 02 pi\u00e8ces<\/p>\n<p>Haut imprim\u00e9 \u00e0 manches longues, \u00e0 volants<\/p>\n<p>Jupe blanche<\/p>\n<p>Tissu 100% coton<\/p>\n","protected":false},"excerpt":{"rendered":"<p>Ensemble enfant fille de 02 pi\u00e8ces<\/p>\n","protected":false},"featured_media":7916,"comment_status":"open","ping_status":"closed","template":"","meta":[],"product_brand":[],"product_cat":[80,56,58,65,667,680,76,299,272,305,264,307,278,270,297],"product_tag":[],"class_list":{"0":"post-7914","1":"product","2":"type-product","3":"status-publish","4":"has-post-thumbnail","6":"product_cat-chemisier-fr","7":"product_cat-enfant-fr","8":"product_cat-enfant-fillette-fr","9":"product_cat-ensemble-enfant-fillette-fr","10":"product_cat-jupe","11":"product_cat-jupe-enfant-fillette","12":"product_cat-vetements-fr","13":"product_cat-299","14":"product_cat-272","15":"product_cat-305","16":"product_cat-264","17":"product_cat--ar","18":"product_cat-278","19":"product_cat-270","20":"product_cat-297","21":"pa_taille-06-ans","22":"pa_taille-08-ans-2","23":"pa_taille-09-ans-2","24":"pa_taille-10-ans-2","26":"first","27":"instock","28":"taxable","29":"shipping-taxable","30":"purchasable","31":"product-type-variable"},"_links":{"self":[{"href":"https:\/\/trendkidsalgerie.com\/index.php\/wp-json\/wp\/v2\/product\/7914","targetHints":{"allow":["GET"]}}],"collection":[{"href":"https:\/\/trendkidsalgerie.com\/index.php\/wp-json\/wp\/v2\/product"}],"about":[{"href":"https:\/\/trendkidsalgerie.com\/index.php\/wp-json\/wp\/v2\/types\/product"}],"replies":[{"embeddable":true,"href":"https:\/\/trendkidsalgerie.com\/index.php\/wp-json\/wp\/v2\/comments?post=7914"}],"version-history":[{"count":1,"href":"https:\/\/trendkidsalgerie.com\/index.php\/wp-json\/wp\/v2\/product\/7914\/revisions"}],"predecessor-version":[{"id":7917,"href":"https:\/\/trendkidsalgerie.com\/index.php\/wp-json\/wp\/v2\/product\/7914\/revisions\/7917"}],"wp:featuredmedia":[{"embeddable":true,"href":"https:\/\/trendkidsalgerie.com\/index.php\/wp-json\/wp\/v2\/media\/7916"}],"wp:attachment":[{"href":"https:\/\/trendkidsalgerie.com\/index.php\/wp-json\/wp\/v2\/media?parent=7914"}],"wp:term":[{"taxonomy":"product_brand","embeddable":true,"href":"https:\/\/trendkidsalgerie.com\/index.php\/wp-json\/wp\/v2\/product_brand?post=7914"},{"taxonomy":"product_cat","embeddable":true,"href":"https:\/\/trendkidsalgerie.com\/index.php\/wp-json\/wp\/v2\/product_cat?post=7914"},{"taxonomy":"product_tag","embeddable":true,"href":"https:\/\/trendkidsalgerie.com\/index.php\/wp-json\/wp\/v2\/product_tag?post=7914"}],"curies":[{"name":"wp","href":"https:\/\/api.w.org\/{rel}","templated":true}]}}