{"id":7864,"date":"2025-11-09T22:48:54","date_gmt":"2025-11-09T21:48:54","guid":{"rendered":"https:\/\/trendkidsalgerie.com\/?post_type=product&#038;p=7864"},"modified":"2025-11-18T00:41:54","modified_gmt":"2025-11-17T23:41:54","slug":"ensemble-enfant-garcon-2","status":"publish","type":"product","link":"https:\/\/trendkidsalgerie.com\/index.php\/produit\/ensemble-enfant-garcon-2\/","title":{"rendered":"Ensemble enfant gar\u00e7on"},"content":{"rendered":"<p>Ensemble gar\u00e7on enfant de 02 pi\u00e8ces<\/p>\n","protected":false},"excerpt":{"rendered":"<p>Ensemble gar\u00e7on enfant de 02 pi\u00e8ces<\/p>\n<p>Tricot et short<\/p>\n<p>Tissu 100% coton<\/p>\n","protected":false},"featured_media":7880,"comment_status":"open","ping_status":"closed","template":"","meta":[],"product_brand":[],"product_cat":[56,57,60,76,289,297],"product_tag":[],"class_list":{"0":"post-7864","1":"product","2":"type-product","3":"status-publish","4":"has-post-thumbnail","6":"product_cat-enfant-fr","7":"product_cat-vetements-enfant-garcon-fr","8":"product_cat-ensemble-enfant-garcon-fr","9":"product_cat-vetements-fr","10":"product_cat-289","11":"product_cat-297","12":"pa_couleur-marron-et-blanc","13":"pa_couleur-vert-et-blanc","14":"pa_taille-08-ans-2","15":"pa_taille-09-ans-2","16":"pa_taille-10-ans-2","17":"pa_taille-11-ans","18":"pa_taille-12-ans","19":"pa_taille-13-ans","20":"pa_taille-14-ans","22":"first","23":"instock","24":"taxable","25":"shipping-taxable","26":"purchasable","27":"product-type-variable"},"_links":{"self":[{"href":"https:\/\/trendkidsalgerie.com\/index.php\/wp-json\/wp\/v2\/product\/7864","targetHints":{"allow":["GET"]}}],"collection":[{"href":"https:\/\/trendkidsalgerie.com\/index.php\/wp-json\/wp\/v2\/product"}],"about":[{"href":"https:\/\/trendkidsalgerie.com\/index.php\/wp-json\/wp\/v2\/types\/product"}],"replies":[{"embeddable":true,"href":"https:\/\/trendkidsalgerie.com\/index.php\/wp-json\/wp\/v2\/comments?post=7864"}],"version-history":[{"count":1,"href":"https:\/\/trendkidsalgerie.com\/index.php\/wp-json\/wp\/v2\/product\/7864\/revisions"}],"predecessor-version":[{"id":7885,"href":"https:\/\/trendkidsalgerie.com\/index.php\/wp-json\/wp\/v2\/product\/7864\/revisions\/7885"}],"wp:featuredmedia":[{"embeddable":true,"href":"https:\/\/trendkidsalgerie.com\/index.php\/wp-json\/wp\/v2\/media\/7880"}],"wp:attachment":[{"href":"https:\/\/trendkidsalgerie.com\/index.php\/wp-json\/wp\/v2\/media?parent=7864"}],"wp:term":[{"taxonomy":"product_brand","embeddable":true,"href":"https:\/\/trendkidsalgerie.com\/index.php\/wp-json\/wp\/v2\/product_brand?post=7864"},{"taxonomy":"product_cat","embeddable":true,"href":"https:\/\/trendkidsalgerie.com\/index.php\/wp-json\/wp\/v2\/product_cat?post=7864"},{"taxonomy":"product_tag","embeddable":true,"href":"https:\/\/trendkidsalgerie.com\/index.php\/wp-json\/wp\/v2\/product_tag?post=7864"}],"curies":[{"name":"wp","href":"https:\/\/api.w.org\/{rel}","templated":true}]}}