{"id":7858,"date":"2025-11-09T22:29:30","date_gmt":"2025-11-09T21:29:30","guid":{"rendered":"https:\/\/trendkidsalgerie.com\/?post_type=product&#038;p=7858"},"modified":"2025-11-09T22:29:31","modified_gmt":"2025-11-09T21:29:31","slug":"ensemble-garcon-enfant","status":"publish","type":"product","link":"https:\/\/trendkidsalgerie.com\/index.php\/produit\/ensemble-garcon-enfant\/","title":{"rendered":"Ensemble gar\u00e7on enfant"},"content":{"rendered":"<p>Ensemble gar\u00e7on enfant de 02 pi\u00e8ces<\/p>\n","protected":false},"excerpt":{"rendered":"<p>Ensemble gar\u00e7on enfant de 02 pi\u00e8ces<\/p>\n<p>Chemise et short<\/p>\n<p>Couleur imprim\u00e9 vert<\/p>\n<p>Tissu coton 100%<\/p>\n","protected":false},"featured_media":7860,"comment_status":"open","ping_status":"closed","template":"","meta":[],"product_brand":[],"product_cat":[56,57,60,305,289,297],"product_tag":[],"class_list":{"0":"post-7858","1":"product","2":"type-product","3":"status-publish","4":"has-post-thumbnail","6":"product_cat-enfant-fr","7":"product_cat-vetements-enfant-garcon-fr","8":"product_cat-ensemble-enfant-garcon-fr","9":"product_cat-305","10":"product_cat-289","11":"product_cat-297","12":"pa_taille-09-ans-2","13":"pa_taille-12-ans","15":"first","16":"instock","17":"taxable","18":"shipping-taxable","19":"purchasable","20":"product-type-variable"},"_links":{"self":[{"href":"https:\/\/trendkidsalgerie.com\/index.php\/wp-json\/wp\/v2\/product\/7858","targetHints":{"allow":["GET"]}}],"collection":[{"href":"https:\/\/trendkidsalgerie.com\/index.php\/wp-json\/wp\/v2\/product"}],"about":[{"href":"https:\/\/trendkidsalgerie.com\/index.php\/wp-json\/wp\/v2\/types\/product"}],"replies":[{"embeddable":true,"href":"https:\/\/trendkidsalgerie.com\/index.php\/wp-json\/wp\/v2\/comments?post=7858"}],"version-history":[{"count":1,"href":"https:\/\/trendkidsalgerie.com\/index.php\/wp-json\/wp\/v2\/product\/7858\/revisions"}],"predecessor-version":[{"id":7863,"href":"https:\/\/trendkidsalgerie.com\/index.php\/wp-json\/wp\/v2\/product\/7858\/revisions\/7863"}],"wp:featuredmedia":[{"embeddable":true,"href":"https:\/\/trendkidsalgerie.com\/index.php\/wp-json\/wp\/v2\/media\/7860"}],"wp:attachment":[{"href":"https:\/\/trendkidsalgerie.com\/index.php\/wp-json\/wp\/v2\/media?parent=7858"}],"wp:term":[{"taxonomy":"product_brand","embeddable":true,"href":"https:\/\/trendkidsalgerie.com\/index.php\/wp-json\/wp\/v2\/product_brand?post=7858"},{"taxonomy":"product_cat","embeddable":true,"href":"https:\/\/trendkidsalgerie.com\/index.php\/wp-json\/wp\/v2\/product_cat?post=7858"},{"taxonomy":"product_tag","embeddable":true,"href":"https:\/\/trendkidsalgerie.com\/index.php\/wp-json\/wp\/v2\/product_tag?post=7858"}],"curies":[{"name":"wp","href":"https:\/\/api.w.org\/{rel}","templated":true}]}}