{"id":7469,"date":"2025-02-17T16:00:08","date_gmt":"2025-02-17T15:00:08","guid":{"rendered":"https:\/\/trendkidsalgerie.com\/index.php\/produit\/robe-de-2-jusqua-10-ans-2\/"},"modified":"2026-01-21T01:00:33","modified_gmt":"2026-01-21T00:00:33","slug":"robe-de-2-jusqua-10-ans-2","status":"publish","type":"product","link":"https:\/\/trendkidsalgerie.com\/index.php\/produit\/robe-de-2-jusqua-10-ans-2\/","title":{"rendered":"Robe enfant fille"},"content":{"rendered":"","protected":false},"excerpt":{"rendered":"<p>Succombez sur le charme de cette robe intemporelle, sublim\u00e9e par un col raffin\u00e9 \u00e0 liser\u00e9 bleu marine et un d\u00e9licat noeud central. Sa coupe fluide et son tissu doux offrent un confort absolu tout en apportant une allure chic et soign\u00e9e. Parfait pour les grandes occasions, les c\u00e9r\u00e9monies et les moments inoubliables.<\/p>\n","protected":false},"featured_media":7394,"comment_status":"open","ping_status":"closed","template":"","meta":[],"product_brand":[],"product_cat":[56,58,82,502,76],"product_tag":[],"class_list":{"0":"post-7469","1":"product","2":"type-product","3":"status-publish","4":"has-post-thumbnail","6":"product_cat-enfant-fr","7":"product_cat-enfant-fillette-fr","8":"product_cat-robe-fr","9":"product_cat-robe-enfant-fillette-enfant-fillette-fr","10":"product_cat-vetements-fr","11":"pa_couleur-blanc","12":"pa_taille-07-ans","14":"first","15":"instock","16":"taxable","17":"shipping-taxable","18":"purchasable","19":"product-type-variable"},"_links":{"self":[{"href":"https:\/\/trendkidsalgerie.com\/index.php\/wp-json\/wp\/v2\/product\/7469","targetHints":{"allow":["GET"]}}],"collection":[{"href":"https:\/\/trendkidsalgerie.com\/index.php\/wp-json\/wp\/v2\/product"}],"about":[{"href":"https:\/\/trendkidsalgerie.com\/index.php\/wp-json\/wp\/v2\/types\/product"}],"replies":[{"embeddable":true,"href":"https:\/\/trendkidsalgerie.com\/index.php\/wp-json\/wp\/v2\/comments?post=7469"}],"version-history":[{"count":3,"href":"https:\/\/trendkidsalgerie.com\/index.php\/wp-json\/wp\/v2\/product\/7469\/revisions"}],"predecessor-version":[{"id":8775,"href":"https:\/\/trendkidsalgerie.com\/index.php\/wp-json\/wp\/v2\/product\/7469\/revisions\/8775"}],"wp:featuredmedia":[{"embeddable":true,"href":"https:\/\/trendkidsalgerie.com\/index.php\/wp-json\/wp\/v2\/media\/7394"}],"wp:attachment":[{"href":"https:\/\/trendkidsalgerie.com\/index.php\/wp-json\/wp\/v2\/media?parent=7469"}],"wp:term":[{"taxonomy":"product_brand","embeddable":true,"href":"https:\/\/trendkidsalgerie.com\/index.php\/wp-json\/wp\/v2\/product_brand?post=7469"},{"taxonomy":"product_cat","embeddable":true,"href":"https:\/\/trendkidsalgerie.com\/index.php\/wp-json\/wp\/v2\/product_cat?post=7469"},{"taxonomy":"product_tag","embeddable":true,"href":"https:\/\/trendkidsalgerie.com\/index.php\/wp-json\/wp\/v2\/product_tag?post=7469"}],"curies":[{"name":"wp","href":"https:\/\/api.w.org\/{rel}","templated":true}]}}