{"id":7461,"date":"2025-02-17T16:00:08","date_gmt":"2025-02-17T15:00:08","guid":{"rendered":"https:\/\/trendkidsalgerie.com\/index.php\/produit\/robe-fille-4\/"},"modified":"2026-01-21T00:15:01","modified_gmt":"2026-01-20T23:15:01","slug":"robe-fille-4","status":"publish","type":"product","link":"https:\/\/trendkidsalgerie.com\/index.php\/produit\/robe-fille-4\/","title":{"rendered":"Robe enfant fille"},"content":{"rendered":"","protected":false},"excerpt":{"rendered":"<p>Robe fille \u00e9l\u00e9gante au coloris vert, \u00e0 la coupe fluide avec ceinture et manches longues l\u00e9g\u00e8rement bouffantes, accompagn\u00e9e d\u2019un serre-t\u00eate assorti. Un ensemble chic et raffin\u00e9, parfait pour les f\u00eates et les occasions sp\u00e9ciales.<\/p>\n","protected":false},"featured_media":7378,"comment_status":"open","ping_status":"closed","template":"","meta":[],"product_brand":[],"product_cat":[56,58,82,502,76],"product_tag":[],"class_list":{"0":"post-7461","1":"product","2":"type-product","3":"status-publish","4":"has-post-thumbnail","6":"product_cat-enfant-fr","7":"product_cat-enfant-fillette-fr","8":"product_cat-robe-fr","9":"product_cat-robe-enfant-fillette-enfant-fillette-fr","10":"product_cat-vetements-fr","11":"pa_couleur-vert","12":"pa_taille-02-ans","13":"pa_taille-04-ans","14":"pa_taille-05-ans","15":"pa_taille-06-ans","17":"first","18":"instock","19":"taxable","20":"shipping-taxable","21":"purchasable","22":"product-type-variable"},"_links":{"self":[{"href":"https:\/\/trendkidsalgerie.com\/index.php\/wp-json\/wp\/v2\/product\/7461","targetHints":{"allow":["GET"]}}],"collection":[{"href":"https:\/\/trendkidsalgerie.com\/index.php\/wp-json\/wp\/v2\/product"}],"about":[{"href":"https:\/\/trendkidsalgerie.com\/index.php\/wp-json\/wp\/v2\/types\/product"}],"replies":[{"embeddable":true,"href":"https:\/\/trendkidsalgerie.com\/index.php\/wp-json\/wp\/v2\/comments?post=7461"}],"version-history":[{"count":3,"href":"https:\/\/trendkidsalgerie.com\/index.php\/wp-json\/wp\/v2\/product\/7461\/revisions"}],"predecessor-version":[{"id":8760,"href":"https:\/\/trendkidsalgerie.com\/index.php\/wp-json\/wp\/v2\/product\/7461\/revisions\/8760"}],"wp:featuredmedia":[{"embeddable":true,"href":"https:\/\/trendkidsalgerie.com\/index.php\/wp-json\/wp\/v2\/media\/7378"}],"wp:attachment":[{"href":"https:\/\/trendkidsalgerie.com\/index.php\/wp-json\/wp\/v2\/media?parent=7461"}],"wp:term":[{"taxonomy":"product_brand","embeddable":true,"href":"https:\/\/trendkidsalgerie.com\/index.php\/wp-json\/wp\/v2\/product_brand?post=7461"},{"taxonomy":"product_cat","embeddable":true,"href":"https:\/\/trendkidsalgerie.com\/index.php\/wp-json\/wp\/v2\/product_cat?post=7461"},{"taxonomy":"product_tag","embeddable":true,"href":"https:\/\/trendkidsalgerie.com\/index.php\/wp-json\/wp\/v2\/product_tag?post=7461"}],"curies":[{"name":"wp","href":"https:\/\/api.w.org\/{rel}","templated":true}]}}