{"id":7457,"date":"2025-02-17T16:00:07","date_gmt":"2025-02-17T15:00:07","guid":{"rendered":"https:\/\/trendkidsalgerie.com\/index.php\/produit\/robe-bebe\/"},"modified":"2026-01-26T00:20:56","modified_gmt":"2026-01-25T23:20:56","slug":"robe-bebe","status":"publish","type":"product","link":"https:\/\/trendkidsalgerie.com\/index.php\/produit\/robe-bebe\/","title":{"rendered":"Robe b\u00e9b\u00e9 fille"},"content":{"rendered":"","protected":false},"excerpt":{"rendered":"<p>Cette robe b\u00e9b\u00e9 fille se distingue par sa teinte lumineuse, \u00e9l\u00e9gante et raffin\u00e9e. Les manches courtes l\u00e9g\u00e8rement bouffantes et les finitions soign\u00e9es t\u00e9moignent d\u2019un savoir-faire d\u00e9licat, id\u00e9al pour une allure distingu\u00e9e et moderne. Parfaite pour : c\u00e9r\u00e9monies, f\u00eates, occasions sp\u00e9ciales ou looks \u00e9l\u00e9gants du quotidien.<\/p>\n","protected":false},"featured_media":8182,"comment_status":"open","ping_status":"closed","template":"","meta":[],"product_brand":[],"product_cat":[53,82,76,55],"product_tag":[],"class_list":{"0":"post-7457","1":"product","2":"type-product","3":"status-publish","4":"has-post-thumbnail","6":"product_cat-bebe-fr","7":"product_cat-robe-fr","8":"product_cat-vetements-fr","9":"product_cat-vetements-bebe-fillette-fr","10":"pa_couleur-blanc","11":"pa_taille-09-mois","12":"pa_taille-12-mois","13":"pa_taille-18-mois","14":"pa_taille-24-mois","16":"first","17":"instock","18":"taxable","19":"shipping-taxable","20":"purchasable","21":"product-type-variable"},"_links":{"self":[{"href":"https:\/\/trendkidsalgerie.com\/index.php\/wp-json\/wp\/v2\/product\/7457","targetHints":{"allow":["GET"]}}],"collection":[{"href":"https:\/\/trendkidsalgerie.com\/index.php\/wp-json\/wp\/v2\/product"}],"about":[{"href":"https:\/\/trendkidsalgerie.com\/index.php\/wp-json\/wp\/v2\/types\/product"}],"replies":[{"embeddable":true,"href":"https:\/\/trendkidsalgerie.com\/index.php\/wp-json\/wp\/v2\/comments?post=7457"}],"version-history":[{"count":3,"href":"https:\/\/trendkidsalgerie.com\/index.php\/wp-json\/wp\/v2\/product\/7457\/revisions"}],"predecessor-version":[{"id":9329,"href":"https:\/\/trendkidsalgerie.com\/index.php\/wp-json\/wp\/v2\/product\/7457\/revisions\/9329"}],"wp:featuredmedia":[{"embeddable":true,"href":"https:\/\/trendkidsalgerie.com\/index.php\/wp-json\/wp\/v2\/media\/8182"}],"wp:attachment":[{"href":"https:\/\/trendkidsalgerie.com\/index.php\/wp-json\/wp\/v2\/media?parent=7457"}],"wp:term":[{"taxonomy":"product_brand","embeddable":true,"href":"https:\/\/trendkidsalgerie.com\/index.php\/wp-json\/wp\/v2\/product_brand?post=7457"},{"taxonomy":"product_cat","embeddable":true,"href":"https:\/\/trendkidsalgerie.com\/index.php\/wp-json\/wp\/v2\/product_cat?post=7457"},{"taxonomy":"product_tag","embeddable":true,"href":"https:\/\/trendkidsalgerie.com\/index.php\/wp-json\/wp\/v2\/product_tag?post=7457"}],"curies":[{"name":"wp","href":"https:\/\/api.w.org\/{rel}","templated":true}]}}