{"id":7455,"date":"2025-02-17T16:00:07","date_gmt":"2025-02-17T15:00:07","guid":{"rendered":"https:\/\/trendkidsalgerie.com\/index.php\/produit\/robe-2-pieces\/"},"modified":"2026-01-21T00:01:21","modified_gmt":"2026-01-20T23:01:21","slug":"robe-2-pieces","status":"publish","type":"product","link":"https:\/\/trendkidsalgerie.com\/index.php\/produit\/robe-2-pieces\/","title":{"rendered":"Robe enfant fille"},"content":{"rendered":"","protected":false},"excerpt":{"rendered":"<p>Cette robe se distingue par sa teinte rose doux, \u00e9l\u00e9gante et raffin\u00e9e. cette robe est accompagn\u00e9e d\u2019un serre-t\u00eate avec n\u0153ud assorti, les manches longues l\u00e9g\u00e8rement bouffantes et les finitions soign\u00e9es t\u00e9moignent d\u2019un savoir-faire d\u00e9licat, id\u00e9al pour une allure distingu\u00e9e et moderne. Parfaite pour : c\u00e9r\u00e9monies, f\u00eates, occasions sp\u00e9ciales ou looks \u00e9l\u00e9gants du quotidien.<\/p>\n","protected":false},"featured_media":8255,"comment_status":"open","ping_status":"closed","template":"","meta":[],"product_brand":[],"product_cat":[56,58,82,502,76],"product_tag":[],"class_list":{"0":"post-7455","1":"product","2":"type-product","3":"status-publish","4":"has-post-thumbnail","6":"product_cat-enfant-fr","7":"product_cat-enfant-fillette-fr","8":"product_cat-robe-fr","9":"product_cat-robe-enfant-fillette-enfant-fillette-fr","10":"product_cat-vetements-fr","11":"pa_couleur-rose-de-bois-fr","12":"pa_taille-04-ans","14":"first","15":"instock","16":"taxable","17":"shipping-taxable","18":"purchasable","19":"product-type-variable"},"_links":{"self":[{"href":"https:\/\/trendkidsalgerie.com\/index.php\/wp-json\/wp\/v2\/product\/7455","targetHints":{"allow":["GET"]}}],"collection":[{"href":"https:\/\/trendkidsalgerie.com\/index.php\/wp-json\/wp\/v2\/product"}],"about":[{"href":"https:\/\/trendkidsalgerie.com\/index.php\/wp-json\/wp\/v2\/types\/product"}],"replies":[{"embeddable":true,"href":"https:\/\/trendkidsalgerie.com\/index.php\/wp-json\/wp\/v2\/comments?post=7455"}],"version-history":[{"count":4,"href":"https:\/\/trendkidsalgerie.com\/index.php\/wp-json\/wp\/v2\/product\/7455\/revisions"}],"predecessor-version":[{"id":8752,"href":"https:\/\/trendkidsalgerie.com\/index.php\/wp-json\/wp\/v2\/product\/7455\/revisions\/8752"}],"wp:featuredmedia":[{"embeddable":true,"href":"https:\/\/trendkidsalgerie.com\/index.php\/wp-json\/wp\/v2\/media\/8255"}],"wp:attachment":[{"href":"https:\/\/trendkidsalgerie.com\/index.php\/wp-json\/wp\/v2\/media?parent=7455"}],"wp:term":[{"taxonomy":"product_brand","embeddable":true,"href":"https:\/\/trendkidsalgerie.com\/index.php\/wp-json\/wp\/v2\/product_brand?post=7455"},{"taxonomy":"product_cat","embeddable":true,"href":"https:\/\/trendkidsalgerie.com\/index.php\/wp-json\/wp\/v2\/product_cat?post=7455"},{"taxonomy":"product_tag","embeddable":true,"href":"https:\/\/trendkidsalgerie.com\/index.php\/wp-json\/wp\/v2\/product_tag?post=7455"}],"curies":[{"name":"wp","href":"https:\/\/api.w.org\/{rel}","templated":true}]}}