{"id":7454,"date":"2025-02-17T16:00:07","date_gmt":"2025-02-17T15:00:07","guid":{"rendered":"https:\/\/trendkidsalgerie.com\/index.php\/produit\/ensemble-garcon-3-pieces-6\/"},"modified":"2026-01-19T21:57:31","modified_gmt":"2026-01-19T20:57:31","slug":"ensemble-garcon-3-pieces-6","status":"publish","type":"product","link":"https:\/\/trendkidsalgerie.com\/index.php\/produit\/ensemble-garcon-3-pieces-6\/","title":{"rendered":"Ensemble enfant gar\u00e7on"},"content":{"rendered":"<p>Ensemble enfant gar\u00e7on<\/p>\n<p>un look tendance compos\u00e9 d&rsquo;un t-shirt imprim\u00e9, d&rsquo;un pantalon blanc moderne et d&rsquo;une veste l\u00e9g\u00e8re mi-saison. id\u00e9al pour un style urbain, \u00e0 la fois cool et soign\u00e9.<\/p>\n","protected":false},"excerpt":{"rendered":"<p>Zoom sur cet ensemble gar\u00e7on compos\u00e9 de 03 pi\u00e8ces: un t-shirt imprim\u00e9, un pantalon blanc moderne et une veste l\u00e9g\u00e8re mi-saison. Style et confort r\u00e9unis en un clic!<\/p>\n<p>&nbsp;<\/p>\n","protected":false},"featured_media":7364,"comment_status":"open","ping_status":"closed","template":"","meta":[],"product_brand":[],"product_cat":[56,57,78,60,76],"product_tag":[],"class_list":{"0":"post-7454","1":"product","2":"type-product","3":"status-publish","4":"has-post-thumbnail","6":"product_cat-enfant-fr","7":"product_cat-vetements-enfant-garcon-fr","8":"product_cat-ensemble-fr","9":"product_cat-ensemble-enfant-garcon-fr","10":"product_cat-vetements-fr","11":"pa_couleur-blanc-et-gris","12":"pa_taille-04-ans","13":"pa_taille-06-ans","14":"pa_taille-07-ans","15":"pa_taille-08-ans-2","16":"pa_taille-10-ans-2","17":"pa_taille-12-ans","18":"pa_taille-14-ans-fr","20":"first","21":"instock","22":"taxable","23":"shipping-taxable","24":"purchasable","25":"product-type-variable"},"_links":{"self":[{"href":"https:\/\/trendkidsalgerie.com\/index.php\/wp-json\/wp\/v2\/product\/7454","targetHints":{"allow":["GET"]}}],"collection":[{"href":"https:\/\/trendkidsalgerie.com\/index.php\/wp-json\/wp\/v2\/product"}],"about":[{"href":"https:\/\/trendkidsalgerie.com\/index.php\/wp-json\/wp\/v2\/types\/product"}],"replies":[{"embeddable":true,"href":"https:\/\/trendkidsalgerie.com\/index.php\/wp-json\/wp\/v2\/comments?post=7454"}],"version-history":[{"count":4,"href":"https:\/\/trendkidsalgerie.com\/index.php\/wp-json\/wp\/v2\/product\/7454\/revisions"}],"predecessor-version":[{"id":8647,"href":"https:\/\/trendkidsalgerie.com\/index.php\/wp-json\/wp\/v2\/product\/7454\/revisions\/8647"}],"wp:featuredmedia":[{"embeddable":true,"href":"https:\/\/trendkidsalgerie.com\/index.php\/wp-json\/wp\/v2\/media\/7364"}],"wp:attachment":[{"href":"https:\/\/trendkidsalgerie.com\/index.php\/wp-json\/wp\/v2\/media?parent=7454"}],"wp:term":[{"taxonomy":"product_brand","embeddable":true,"href":"https:\/\/trendkidsalgerie.com\/index.php\/wp-json\/wp\/v2\/product_brand?post=7454"},{"taxonomy":"product_cat","embeddable":true,"href":"https:\/\/trendkidsalgerie.com\/index.php\/wp-json\/wp\/v2\/product_cat?post=7454"},{"taxonomy":"product_tag","embeddable":true,"href":"https:\/\/trendkidsalgerie.com\/index.php\/wp-json\/wp\/v2\/product_tag?post=7454"}],"curies":[{"name":"wp","href":"https:\/\/api.w.org\/{rel}","templated":true}]}}