{"id":5920,"date":"2025-02-12T01:14:09","date_gmt":"2025-02-12T00:14:09","guid":{"rendered":"https:\/\/trendkidsalgerie.com\/v2\/index.php\/produit\/ensemble-bebe-3-pieces-2\/"},"modified":"2026-01-09T02:12:40","modified_gmt":"2026-01-09T01:12:40","slug":"ensemble-bebe-3-pieces-2","status":"publish","type":"product","link":"https:\/\/trendkidsalgerie.com\/index.php\/produit\/ensemble-bebe-3-pieces-2\/","title":{"rendered":"Ensemble b\u00e9b\u00e9 gar\u00e7on"},"content":{"rendered":"","protected":false},"excerpt":{"rendered":"<p>Laissez vous s\u00e9duire par cet ensemble gar\u00e7on compos\u00e9 d&rsquo;une pull, d&rsquo;une veste et d&rsquo;un pantalon assorti.<\/p>\n","protected":false},"featured_media":5919,"comment_status":"open","ping_status":"closed","template":"","meta":[],"product_brand":[],"product_cat":[53,78,76,54],"product_tag":[],"class_list":{"0":"post-5920","1":"product","2":"type-product","3":"status-publish","4":"has-post-thumbnail","6":"product_cat-bebe-fr","7":"product_cat-ensemble-fr","8":"product_cat-vetements-fr","9":"product_cat-vetements-bebe-garcon","10":"pa_couleur-beige","11":"pa_couleur-bleu","12":"pa_couleur-vert","13":"pa_taille-09-12-mois","14":"pa_taille-12-18-mois","15":"pa_taille-18-24-mois-2","17":"first","18":"instock","19":"taxable","20":"shipping-taxable","21":"purchasable","22":"product-type-variable"},"_links":{"self":[{"href":"https:\/\/trendkidsalgerie.com\/index.php\/wp-json\/wp\/v2\/product\/5920","targetHints":{"allow":["GET"]}}],"collection":[{"href":"https:\/\/trendkidsalgerie.com\/index.php\/wp-json\/wp\/v2\/product"}],"about":[{"href":"https:\/\/trendkidsalgerie.com\/index.php\/wp-json\/wp\/v2\/types\/product"}],"replies":[{"embeddable":true,"href":"https:\/\/trendkidsalgerie.com\/index.php\/wp-json\/wp\/v2\/comments?post=5920"}],"version-history":[{"count":3,"href":"https:\/\/trendkidsalgerie.com\/index.php\/wp-json\/wp\/v2\/product\/5920\/revisions"}],"predecessor-version":[{"id":8534,"href":"https:\/\/trendkidsalgerie.com\/index.php\/wp-json\/wp\/v2\/product\/5920\/revisions\/8534"}],"wp:featuredmedia":[{"embeddable":true,"href":"https:\/\/trendkidsalgerie.com\/index.php\/wp-json\/wp\/v2\/media\/5919"}],"wp:attachment":[{"href":"https:\/\/trendkidsalgerie.com\/index.php\/wp-json\/wp\/v2\/media?parent=5920"}],"wp:term":[{"taxonomy":"product_brand","embeddable":true,"href":"https:\/\/trendkidsalgerie.com\/index.php\/wp-json\/wp\/v2\/product_brand?post=5920"},{"taxonomy":"product_cat","embeddable":true,"href":"https:\/\/trendkidsalgerie.com\/index.php\/wp-json\/wp\/v2\/product_cat?post=5920"},{"taxonomy":"product_tag","embeddable":true,"href":"https:\/\/trendkidsalgerie.com\/index.php\/wp-json\/wp\/v2\/product_tag?post=5920"}],"curies":[{"name":"wp","href":"https:\/\/api.w.org\/{rel}","templated":true}]}}