{"id":5114,"date":"2025-02-08T03:06:39","date_gmt":"2025-02-08T02:06:39","guid":{"rendered":"https:\/\/trendkidsalgerie.com\/v2\/index.php\/produit\/veste-enfant-garcon-14\/"},"modified":"2026-01-08T15:34:52","modified_gmt":"2026-01-08T14:34:52","slug":"veste-enfant-garcon-14","status":"publish","type":"product","link":"https:\/\/trendkidsalgerie.com\/index.php\/produit\/veste-enfant-garcon-14\/","title":{"rendered":"Veste enfant gar\u00e7on"},"content":{"rendered":"<p>Veste enfant gar\u00e7on au style moderne et intemporel, dans une \u00e9l\u00e9gante teinte beige facile \u00e0 assortir. Confectionn\u00e9e dans une mati\u00e8re r\u00e9sistante et confortable tissu 97% coton et 03% \u00e9lasthanne. Elle se distingue par sa coupe structur\u00e9e, son col classique et ses poches poitrine \u00e0 rabat pour une touche tendance. Parfaite pour l&rsquo;ami-saison, cette veste accompagne les looks du quotidien comme les tenues plus habill\u00e9es, alliant pratict\u00e9, confort et style.<\/p>\n","protected":false},"excerpt":{"rendered":"<p>Veste gar\u00e7on beige au style intemporel, confortable et r\u00e9sistante. Col classique, poches poitrine et coupe moderne, id\u00e9ale pour la mi-saison et faciles \u00e0 assortir au quotidien.<\/p>\n","protected":false},"featured_media":8390,"comment_status":"open","ping_status":"closed","template":"","meta":[],"product_brand":[],"product_cat":[56,57,77,59,76],"product_tag":[],"class_list":{"0":"post-5114","1":"product","2":"type-product","3":"status-publish","4":"has-post-thumbnail","6":"product_cat-enfant-fr","7":"product_cat-vetements-enfant-garcon-fr","8":"product_cat-veste-fr","9":"product_cat-veste-enfant-garcon-fr","10":"product_cat-vetements-fr","11":"pa_couleur-beige","12":"pa_taille-08-ans-2","13":"pa_taille-09-ans-2","14":"pa_taille-10-ans-2","15":"pa_taille-11-ans","17":"first","18":"instock","19":"taxable","20":"shipping-taxable","21":"purchasable","22":"product-type-variable"},"_links":{"self":[{"href":"https:\/\/trendkidsalgerie.com\/index.php\/wp-json\/wp\/v2\/product\/5114","targetHints":{"allow":["GET"]}}],"collection":[{"href":"https:\/\/trendkidsalgerie.com\/index.php\/wp-json\/wp\/v2\/product"}],"about":[{"href":"https:\/\/trendkidsalgerie.com\/index.php\/wp-json\/wp\/v2\/types\/product"}],"replies":[{"embeddable":true,"href":"https:\/\/trendkidsalgerie.com\/index.php\/wp-json\/wp\/v2\/comments?post=5114"}],"version-history":[{"count":3,"href":"https:\/\/trendkidsalgerie.com\/index.php\/wp-json\/wp\/v2\/product\/5114\/revisions"}],"predecessor-version":[{"id":8398,"href":"https:\/\/trendkidsalgerie.com\/index.php\/wp-json\/wp\/v2\/product\/5114\/revisions\/8398"}],"wp:featuredmedia":[{"embeddable":true,"href":"https:\/\/trendkidsalgerie.com\/index.php\/wp-json\/wp\/v2\/media\/8390"}],"wp:attachment":[{"href":"https:\/\/trendkidsalgerie.com\/index.php\/wp-json\/wp\/v2\/media?parent=5114"}],"wp:term":[{"taxonomy":"product_brand","embeddable":true,"href":"https:\/\/trendkidsalgerie.com\/index.php\/wp-json\/wp\/v2\/product_brand?post=5114"},{"taxonomy":"product_cat","embeddable":true,"href":"https:\/\/trendkidsalgerie.com\/index.php\/wp-json\/wp\/v2\/product_cat?post=5114"},{"taxonomy":"product_tag","embeddable":true,"href":"https:\/\/trendkidsalgerie.com\/index.php\/wp-json\/wp\/v2\/product_tag?post=5114"}],"curies":[{"name":"wp","href":"https:\/\/api.w.org\/{rel}","templated":true}]}}