{"id":5113,"date":"2025-02-08T03:06:39","date_gmt":"2025-02-08T02:06:39","guid":{"rendered":"https:\/\/trendkidsalgerie.com\/v2\/index.php\/produit\/veste-enfant-garcon-13\/"},"modified":"2026-01-08T16:06:39","modified_gmt":"2026-01-08T15:06:39","slug":"veste-enfant-garcon-13","status":"publish","type":"product","link":"https:\/\/trendkidsalgerie.com\/index.php\/produit\/veste-enfant-garcon-13\/","title":{"rendered":"Veste enfant gar\u00e7on"},"content":{"rendered":"<p>Veste enfant gar\u00e7on en jean clair s\u00e9duit par son style \u00e0 la fois moderne et intemporel. Confectionn\u00e9e dans une mati\u00e8re r\u00e9sistante et confortable en jean tissu 100% coton. Elle se distingue par sa coupe structur\u00e9e, son col classique, ses poches poitrines et ses manches retroussantes avec bouton apportent une \u00a0touche casual chic tr\u00e8s tendance. Parfaite pour l&rsquo;ami-saison, cette veste accompagne les looks du quotidien comme les tenues plus habill\u00e9es, alliant pratict\u00e9, confort et style.<\/p>\n<p>&nbsp;<\/p>\n<p>&nbsp;<\/p>\n<p>Veste gar\u00e7on en jean bleu clair tissu 100% coton<\/p>\n","protected":false},"excerpt":{"rendered":"<p>laissez vous s\u00e9duire par cette veste gar\u00e7on moderne et intemporelle, sa coupe structur\u00e9e, son col classique, ses poches poitrines et ses manches retroussantes avec bouton apportent une \u00a0touche casual chic tr\u00e8s tendance.<\/p>\n","protected":false},"featured_media":6904,"comment_status":"open","ping_status":"closed","template":"","meta":[],"product_brand":[],"product_cat":[56,57,77,59,76],"product_tag":[],"class_list":{"0":"post-5113","1":"product","2":"type-product","3":"status-publish","4":"has-post-thumbnail","6":"product_cat-enfant-fr","7":"product_cat-vetements-enfant-garcon-fr","8":"product_cat-veste-fr","9":"product_cat-veste-enfant-garcon-fr","10":"product_cat-vetements-fr","11":"pa_couleur-bleu-clair","12":"pa_taille-12-ans","13":"pa_taille-13-ans","14":"pa_taille-14-ans","16":"first","17":"instock","18":"taxable","19":"shipping-taxable","20":"purchasable","21":"product-type-variable"},"_links":{"self":[{"href":"https:\/\/trendkidsalgerie.com\/index.php\/wp-json\/wp\/v2\/product\/5113","targetHints":{"allow":["GET"]}}],"collection":[{"href":"https:\/\/trendkidsalgerie.com\/index.php\/wp-json\/wp\/v2\/product"}],"about":[{"href":"https:\/\/trendkidsalgerie.com\/index.php\/wp-json\/wp\/v2\/types\/product"}],"replies":[{"embeddable":true,"href":"https:\/\/trendkidsalgerie.com\/index.php\/wp-json\/wp\/v2\/comments?post=5113"}],"version-history":[{"count":3,"href":"https:\/\/trendkidsalgerie.com\/index.php\/wp-json\/wp\/v2\/product\/5113\/revisions"}],"predecessor-version":[{"id":8428,"href":"https:\/\/trendkidsalgerie.com\/index.php\/wp-json\/wp\/v2\/product\/5113\/revisions\/8428"}],"wp:featuredmedia":[{"embeddable":true,"href":"https:\/\/trendkidsalgerie.com\/index.php\/wp-json\/wp\/v2\/media\/6904"}],"wp:attachment":[{"href":"https:\/\/trendkidsalgerie.com\/index.php\/wp-json\/wp\/v2\/media?parent=5113"}],"wp:term":[{"taxonomy":"product_brand","embeddable":true,"href":"https:\/\/trendkidsalgerie.com\/index.php\/wp-json\/wp\/v2\/product_brand?post=5113"},{"taxonomy":"product_cat","embeddable":true,"href":"https:\/\/trendkidsalgerie.com\/index.php\/wp-json\/wp\/v2\/product_cat?post=5113"},{"taxonomy":"product_tag","embeddable":true,"href":"https:\/\/trendkidsalgerie.com\/index.php\/wp-json\/wp\/v2\/product_tag?post=5113"}],"curies":[{"name":"wp","href":"https:\/\/api.w.org\/{rel}","templated":true}]}}