{"id":5112,"date":"2025-02-08T03:06:39","date_gmt":"2025-02-08T02:06:39","guid":{"rendered":"https:\/\/trendkidsalgerie.com\/v2\/index.php\/produit\/veste-enfant-garcon-12\/"},"modified":"2026-01-08T16:01:12","modified_gmt":"2026-01-08T15:01:12","slug":"veste-enfant-garcon-12","status":"publish","type":"product","link":"https:\/\/trendkidsalgerie.com\/index.php\/produit\/veste-enfant-garcon-12\/","title":{"rendered":"Veste enfant gar\u00e7on"},"content":{"rendered":"<p>Veste enfant gar\u00e7on au coloris bleu marine s\u00e9duit par son style \u00e0 la fois moderne et intemporel. . Confectionn\u00e9e dans une mati\u00e8re r\u00e9sistante et confortable en toile tissu 97% coton et 03% \u00e9lasthanne. Elle se distingue par sa coupe structur\u00e9e, son col mao, sa fermeture zipp\u00e9e, ses poches pratiques et ses manches retroussantes avec bouton apportent une \u00a0touche casual chic tr\u00e8s tendance. Parfaite pour l&rsquo;ami-saison, cette veste accompagne les looks du quotidien comme les tenues plus habill\u00e9es, alliant pratict\u00e9, confort et style.<\/p>\n","protected":false},"excerpt":{"rendered":"<p>Craquer pour cette veste en toile bleu navy facile \u00e0 assortir, sa coupe structur\u00e9e, son col mao, sa fermeture zipp\u00e9e, ses poches pratiques et ses manches retroussantes avec bouton apportent une \u00a0touche casual chic tr\u00e8s tendance.<\/p>\n","protected":false},"featured_media":5012,"comment_status":"open","ping_status":"closed","template":"","meta":[],"product_brand":[],"product_cat":[56,57,77,59,76],"product_tag":[],"class_list":{"0":"post-5112","1":"product","2":"type-product","3":"status-publish","4":"has-post-thumbnail","6":"product_cat-enfant-fr","7":"product_cat-vetements-enfant-garcon-fr","8":"product_cat-veste-fr","9":"product_cat-veste-enfant-garcon-fr","10":"product_cat-vetements-fr","11":"pa_couleur-bleu-nuit","12":"pa_taille-14-ans-fr","14":"first","15":"instock","16":"taxable","17":"shipping-taxable","18":"purchasable","19":"product-type-variable"},"_links":{"self":[{"href":"https:\/\/trendkidsalgerie.com\/index.php\/wp-json\/wp\/v2\/product\/5112","targetHints":{"allow":["GET"]}}],"collection":[{"href":"https:\/\/trendkidsalgerie.com\/index.php\/wp-json\/wp\/v2\/product"}],"about":[{"href":"https:\/\/trendkidsalgerie.com\/index.php\/wp-json\/wp\/v2\/types\/product"}],"replies":[{"embeddable":true,"href":"https:\/\/trendkidsalgerie.com\/index.php\/wp-json\/wp\/v2\/comments?post=5112"}],"version-history":[{"count":4,"href":"https:\/\/trendkidsalgerie.com\/index.php\/wp-json\/wp\/v2\/product\/5112\/revisions"}],"predecessor-version":[{"id":8424,"href":"https:\/\/trendkidsalgerie.com\/index.php\/wp-json\/wp\/v2\/product\/5112\/revisions\/8424"}],"wp:featuredmedia":[{"embeddable":true,"href":"https:\/\/trendkidsalgerie.com\/index.php\/wp-json\/wp\/v2\/media\/5012"}],"wp:attachment":[{"href":"https:\/\/trendkidsalgerie.com\/index.php\/wp-json\/wp\/v2\/media?parent=5112"}],"wp:term":[{"taxonomy":"product_brand","embeddable":true,"href":"https:\/\/trendkidsalgerie.com\/index.php\/wp-json\/wp\/v2\/product_brand?post=5112"},{"taxonomy":"product_cat","embeddable":true,"href":"https:\/\/trendkidsalgerie.com\/index.php\/wp-json\/wp\/v2\/product_cat?post=5112"},{"taxonomy":"product_tag","embeddable":true,"href":"https:\/\/trendkidsalgerie.com\/index.php\/wp-json\/wp\/v2\/product_tag?post=5112"}],"curies":[{"name":"wp","href":"https:\/\/api.w.org\/{rel}","templated":true}]}}