{"id":5111,"date":"2025-02-08T03:06:39","date_gmt":"2025-02-08T02:06:39","guid":{"rendered":"https:\/\/trendkidsalgerie.com\/v2\/index.php\/produit\/veste-enfant-garcon-11\/"},"modified":"2026-01-08T15:46:47","modified_gmt":"2026-01-08T14:46:47","slug":"veste-enfant-garcon-11","status":"publish","type":"product","link":"https:\/\/trendkidsalgerie.com\/index.php\/produit\/veste-enfant-garcon-11\/","title":{"rendered":"Veste enfant gar\u00e7on"},"content":{"rendered":"<p>Veste enfant gar\u00e7on au style moderne et intemporel, dans une \u00e9l\u00e9gante teinte bleu, beige, vert facile \u00e0 assortir. Confectionn\u00e9e dans une mati\u00e8re r\u00e9sistante et confortable tissu 98% coton et 02% \u00e9lasthanne. Elle se distingue par sa coupe structur\u00e9e, son col classique et ses poches poitrine \u00e0 rabat pour une touche tendance. Parfaite pour la mi-saison, cette veste accompagne les looks du quotidien comme les tenues plus habill\u00e9es, alliant pratict\u00e9, confort et style.<\/p>\n<p>&nbsp;<\/p>\n<p>&nbsp;<\/p>\n<p>&nbsp;<\/p>\n<p>&nbsp;<\/p>\n<p>Veste gar\u00e7on en toile beige tissu 98% coton et 02% \u00e9lasthanne<\/p>\n","protected":false},"excerpt":{"rendered":"<p>Veste enfant gar\u00e7on au style moderne et intemporel facile \u00e0 assortir. Elle se distingue par sa coupe structur\u00e9e, son col classique et ses poches poitrine \u00e0 rabat pour une touche tendance. Parfaite pour la mi-saison, cette veste accompagne les looks du quotidien comme les tenues plus habill\u00e9es, alliant pratict\u00e9, confort et style.<\/p>\n","protected":false},"featured_media":5006,"comment_status":"open","ping_status":"closed","template":"","meta":[],"product_brand":[],"product_cat":[56,57,77,59,76],"product_tag":[],"class_list":{"0":"post-5111","1":"product","2":"type-product","3":"status-publish","4":"has-post-thumbnail","6":"product_cat-enfant-fr","7":"product_cat-vetements-enfant-garcon-fr","8":"product_cat-veste-fr","9":"product_cat-veste-enfant-garcon-fr","10":"product_cat-vetements-fr","11":"pa_couleur-beige","12":"pa_couleur-bleu-navy","13":"pa_couleur-vert","14":"pa_taille-08-ans-2","15":"pa_taille-09-ans-2","16":"pa_taille-10-ans-2","17":"pa_taille-11-ans","18":"pa_taille-12-ans","19":"pa_taille-13-ans","21":"first","22":"instock","23":"taxable","24":"shipping-taxable","25":"purchasable","26":"product-type-variable"},"_links":{"self":[{"href":"https:\/\/trendkidsalgerie.com\/index.php\/wp-json\/wp\/v2\/product\/5111","targetHints":{"allow":["GET"]}}],"collection":[{"href":"https:\/\/trendkidsalgerie.com\/index.php\/wp-json\/wp\/v2\/product"}],"about":[{"href":"https:\/\/trendkidsalgerie.com\/index.php\/wp-json\/wp\/v2\/types\/product"}],"replies":[{"embeddable":true,"href":"https:\/\/trendkidsalgerie.com\/index.php\/wp-json\/wp\/v2\/comments?post=5111"}],"version-history":[{"count":3,"href":"https:\/\/trendkidsalgerie.com\/index.php\/wp-json\/wp\/v2\/product\/5111\/revisions"}],"predecessor-version":[{"id":8419,"href":"https:\/\/trendkidsalgerie.com\/index.php\/wp-json\/wp\/v2\/product\/5111\/revisions\/8419"}],"wp:featuredmedia":[{"embeddable":true,"href":"https:\/\/trendkidsalgerie.com\/index.php\/wp-json\/wp\/v2\/media\/5006"}],"wp:attachment":[{"href":"https:\/\/trendkidsalgerie.com\/index.php\/wp-json\/wp\/v2\/media?parent=5111"}],"wp:term":[{"taxonomy":"product_brand","embeddable":true,"href":"https:\/\/trendkidsalgerie.com\/index.php\/wp-json\/wp\/v2\/product_brand?post=5111"},{"taxonomy":"product_cat","embeddable":true,"href":"https:\/\/trendkidsalgerie.com\/index.php\/wp-json\/wp\/v2\/product_cat?post=5111"},{"taxonomy":"product_tag","embeddable":true,"href":"https:\/\/trendkidsalgerie.com\/index.php\/wp-json\/wp\/v2\/product_tag?post=5111"}],"curies":[{"name":"wp","href":"https:\/\/api.w.org\/{rel}","templated":true}]}}