{"id":5110,"date":"2025-02-08T03:06:39","date_gmt":"2025-02-08T02:06:39","guid":{"rendered":"https:\/\/trendkidsalgerie.com\/v2\/index.php\/produit\/veste-enfant-garcon-10\/"},"modified":"2025-02-11T22:44:38","modified_gmt":"2025-02-11T21:44:38","slug":"veste-enfant-garcon-10","status":"publish","type":"product","link":"https:\/\/trendkidsalgerie.com\/index.php\/produit\/veste-enfant-garcon-10\/","title":{"rendered":"Veste enfant gar\u00e7on"},"content":{"rendered":"<p>Veste gar\u00e7on en toile vert tissu 98% coton et 02% \u00e9lasthanne<\/p>\n","protected":false},"excerpt":{"rendered":"<p>Veste gar\u00e7on en toile vert tissu 98% coton et 02% \u00e9lasthanne<\/p>\n","protected":false},"featured_media":5008,"comment_status":"open","ping_status":"closed","template":"","meta":[],"product_brand":[],"product_cat":[56,57,61,77,76],"product_tag":[],"class_list":{"0":"post-5110","1":"product","2":"type-product","3":"status-publish","4":"has-post-thumbnail","6":"product_cat-enfant-fr","7":"product_cat-vetements-enfant-garcon-fr","8":"product_cat-pull-enfant-garcon-fr","9":"product_cat-veste-fr","10":"product_cat-vetements-fr","11":"pa_couleur-vert","12":"pa_taille-06-ans","13":"pa_taille-08-ans-2","14":"pa_taille-09-ans-2","15":"pa_taille-10-ans-2","16":"pa_taille-12-ans","17":"pa_taille-13-ans","18":"pa_taille-14-ans","20":"first","21":"instock","22":"taxable","23":"shipping-taxable","24":"purchasable","25":"product-type-variable"},"_links":{"self":[{"href":"https:\/\/trendkidsalgerie.com\/index.php\/wp-json\/wp\/v2\/product\/5110","targetHints":{"allow":["GET"]}}],"collection":[{"href":"https:\/\/trendkidsalgerie.com\/index.php\/wp-json\/wp\/v2\/product"}],"about":[{"href":"https:\/\/trendkidsalgerie.com\/index.php\/wp-json\/wp\/v2\/types\/product"}],"replies":[{"embeddable":true,"href":"https:\/\/trendkidsalgerie.com\/index.php\/wp-json\/wp\/v2\/comments?post=5110"}],"version-history":[{"count":1,"href":"https:\/\/trendkidsalgerie.com\/index.php\/wp-json\/wp\/v2\/product\/5110\/revisions"}],"predecessor-version":[{"id":5132,"href":"https:\/\/trendkidsalgerie.com\/index.php\/wp-json\/wp\/v2\/product\/5110\/revisions\/5132"}],"wp:featuredmedia":[{"embeddable":true,"href":"https:\/\/trendkidsalgerie.com\/index.php\/wp-json\/wp\/v2\/media\/5008"}],"wp:attachment":[{"href":"https:\/\/trendkidsalgerie.com\/index.php\/wp-json\/wp\/v2\/media?parent=5110"}],"wp:term":[{"taxonomy":"product_brand","embeddable":true,"href":"https:\/\/trendkidsalgerie.com\/index.php\/wp-json\/wp\/v2\/product_brand?post=5110"},{"taxonomy":"product_cat","embeddable":true,"href":"https:\/\/trendkidsalgerie.com\/index.php\/wp-json\/wp\/v2\/product_cat?post=5110"},{"taxonomy":"product_tag","embeddable":true,"href":"https:\/\/trendkidsalgerie.com\/index.php\/wp-json\/wp\/v2\/product_tag?post=5110"}],"curies":[{"name":"wp","href":"https:\/\/api.w.org\/{rel}","templated":true}]}}