{"id":4836,"date":"2025-02-08T02:09:39","date_gmt":"2025-02-08T01:09:39","guid":{"rendered":"https:\/\/trendkidsalgerie.com\/v2\/index.php\/produit\/ensemble-enfant-fille-02-pieces-17\/"},"modified":"2026-01-08T13:53:54","modified_gmt":"2026-01-08T12:53:54","slug":"ensemble-enfant-fille-02-pieces-17","status":"publish","type":"product","link":"https:\/\/trendkidsalgerie.com\/index.php\/produit\/ensemble-enfant-fille-02-pieces-17\/","title":{"rendered":"Ensemble enfant fille"},"content":{"rendered":"<p>Ensemble fille de 02 pi\u00e8ces NEW YEAR, pull tissu 95% coton et 15% \u00e9lasthanne et une jupe \u00e0 paillettes tissu coton et polyster<\/p>\n","protected":false},"excerpt":{"rendered":"<p>Laissez vous s\u00e9duire par cet ensemble festif pour enfant fille, compos\u00e9 d&rsquo;un pull rouge ou blanc chic et d&rsquo;une jupe effet bling bling.<\/p>\n","protected":false},"featured_media":4788,"comment_status":"open","ping_status":"closed","template":"","meta":[],"product_brand":[],"product_cat":[56,58,78,65,76],"product_tag":[],"class_list":{"0":"post-4836","1":"product","2":"type-product","3":"status-publish","4":"has-post-thumbnail","6":"product_cat-enfant-fr","7":"product_cat-enfant-fillette-fr","8":"product_cat-ensemble-fr","9":"product_cat-ensemble-enfant-fillette-fr","10":"product_cat-vetements-fr","11":"pa_couleur-blanc","12":"pa_couleur-rouge","13":"pa_taille-04-ans","14":"pa_taille-05-ans","15":"pa_taille-06-ans","16":"pa_taille-07-ans","17":"pa_taille-08-ans-2","19":"first","20":"instock","21":"taxable","22":"shipping-taxable","23":"purchasable","24":"product-type-variable"},"_links":{"self":[{"href":"https:\/\/trendkidsalgerie.com\/index.php\/wp-json\/wp\/v2\/product\/4836","targetHints":{"allow":["GET"]}}],"collection":[{"href":"https:\/\/trendkidsalgerie.com\/index.php\/wp-json\/wp\/v2\/product"}],"about":[{"href":"https:\/\/trendkidsalgerie.com\/index.php\/wp-json\/wp\/v2\/types\/product"}],"replies":[{"embeddable":true,"href":"https:\/\/trendkidsalgerie.com\/index.php\/wp-json\/wp\/v2\/comments?post=4836"}],"version-history":[{"count":3,"href":"https:\/\/trendkidsalgerie.com\/index.php\/wp-json\/wp\/v2\/product\/4836\/revisions"}],"predecessor-version":[{"id":8357,"href":"https:\/\/trendkidsalgerie.com\/index.php\/wp-json\/wp\/v2\/product\/4836\/revisions\/8357"}],"wp:featuredmedia":[{"embeddable":true,"href":"https:\/\/trendkidsalgerie.com\/index.php\/wp-json\/wp\/v2\/media\/4788"}],"wp:attachment":[{"href":"https:\/\/trendkidsalgerie.com\/index.php\/wp-json\/wp\/v2\/media?parent=4836"}],"wp:term":[{"taxonomy":"product_brand","embeddable":true,"href":"https:\/\/trendkidsalgerie.com\/index.php\/wp-json\/wp\/v2\/product_brand?post=4836"},{"taxonomy":"product_cat","embeddable":true,"href":"https:\/\/trendkidsalgerie.com\/index.php\/wp-json\/wp\/v2\/product_cat?post=4836"},{"taxonomy":"product_tag","embeddable":true,"href":"https:\/\/trendkidsalgerie.com\/index.php\/wp-json\/wp\/v2\/product_tag?post=4836"}],"curies":[{"name":"wp","href":"https:\/\/api.w.org\/{rel}","templated":true}]}}