{"id":4550,"date":"2025-02-07T23:53:29","date_gmt":"2025-02-07T22:53:29","guid":{"rendered":"https:\/\/trendkidsalgerie.com\/v2\/index.php\/produit\/ensemble-enfant-garcon-de-02-pieces-11\/"},"modified":"2025-02-11T23:46:21","modified_gmt":"2025-02-11T22:46:21","slug":"ensemble-enfant-garcon-de-02-pieces-11","status":"publish","type":"product","link":"https:\/\/trendkidsalgerie.com\/index.php\/produit\/ensemble-enfant-garcon-de-02-pieces-11\/","title":{"rendered":"Ensemble enfant gar\u00e7on de 02 pieces \u00a0"},"content":{"rendered":"<p>Ensemble enfant gar\u00e7on de 02 pieces (pull demi manches blanc bateau 95% coton et 05% \u00e9lasthanne et pantalon cargo bleu tissu 84% cotton,15% polyster et 01% \u00e9lastanne<\/p>\n","protected":false},"excerpt":{"rendered":"<p>Ensemble enfant gar\u00e7on de 02 pieces (pull demi manches blanc bateau 95% coton et 05% \u00e9lasthanne et pantalon cargo bleu<\/p>\n","protected":false},"featured_media":4549,"comment_status":"open","ping_status":"closed","template":"","meta":[],"product_brand":[],"product_cat":[56,57,78,60],"product_tag":[],"class_list":{"0":"post-4550","1":"product","2":"type-product","3":"status-publish","4":"has-post-thumbnail","6":"product_cat-enfant-fr","7":"product_cat-vetements-enfant-garcon-fr","8":"product_cat-ensemble-fr","9":"product_cat-ensemble-enfant-garcon-fr","10":"pa_couleur-blanc","11":"pa_couleur-bleu","12":"pa_taille-04-ans","13":"pa_taille-06-ans","15":"first","16":"instock","17":"taxable","18":"shipping-taxable","19":"purchasable","20":"product-type-variable"},"_links":{"self":[{"href":"https:\/\/trendkidsalgerie.com\/index.php\/wp-json\/wp\/v2\/product\/4550","targetHints":{"allow":["GET"]}}],"collection":[{"href":"https:\/\/trendkidsalgerie.com\/index.php\/wp-json\/wp\/v2\/product"}],"about":[{"href":"https:\/\/trendkidsalgerie.com\/index.php\/wp-json\/wp\/v2\/types\/product"}],"replies":[{"embeddable":true,"href":"https:\/\/trendkidsalgerie.com\/index.php\/wp-json\/wp\/v2\/comments?post=4550"}],"version-history":[{"count":1,"href":"https:\/\/trendkidsalgerie.com\/index.php\/wp-json\/wp\/v2\/product\/4550\/revisions"}],"predecessor-version":[{"id":4595,"href":"https:\/\/trendkidsalgerie.com\/index.php\/wp-json\/wp\/v2\/product\/4550\/revisions\/4595"}],"wp:featuredmedia":[{"embeddable":true,"href":"https:\/\/trendkidsalgerie.com\/index.php\/wp-json\/wp\/v2\/media\/4549"}],"wp:attachment":[{"href":"https:\/\/trendkidsalgerie.com\/index.php\/wp-json\/wp\/v2\/media?parent=4550"}],"wp:term":[{"taxonomy":"product_brand","embeddable":true,"href":"https:\/\/trendkidsalgerie.com\/index.php\/wp-json\/wp\/v2\/product_brand?post=4550"},{"taxonomy":"product_cat","embeddable":true,"href":"https:\/\/trendkidsalgerie.com\/index.php\/wp-json\/wp\/v2\/product_cat?post=4550"},{"taxonomy":"product_tag","embeddable":true,"href":"https:\/\/trendkidsalgerie.com\/index.php\/wp-json\/wp\/v2\/product_tag?post=4550"}],"curies":[{"name":"wp","href":"https:\/\/api.w.org\/{rel}","templated":true}]}}