{"id":4540,"date":"2025-02-07T23:53:21","date_gmt":"2025-02-07T22:53:21","guid":{"rendered":"https:\/\/trendkidsalgerie.com\/v2\/index.php\/produit\/pull-enfant-garcon\/"},"modified":"2025-02-11T23:49:14","modified_gmt":"2025-02-11T22:49:14","slug":"pull-enfant-garcon","status":"publish","type":"product","link":"https:\/\/trendkidsalgerie.com\/index.php\/produit\/pull-enfant-garcon\/","title":{"rendered":"Pull enfant gar\u00e7on"},"content":{"rendered":"<p>Pull enfant gar\u00e7on orange tissu 95% coton et 05% \u00e9lasthanne<\/p>\n","protected":false},"excerpt":{"rendered":"<p>Pull enfant gar\u00e7on orange tissu 95% coton et 05% \u00e9lasthanne<\/p>\n","protected":false},"featured_media":4539,"comment_status":"open","ping_status":"closed","template":"","meta":[],"product_brand":[],"product_cat":[56,57,634,61],"product_tag":[],"class_list":{"0":"post-4540","1":"product","2":"type-product","3":"status-publish","4":"has-post-thumbnail","6":"product_cat-enfant-fr","7":"product_cat-vetements-enfant-garcon-fr","8":"product_cat-pull-fr-vetements-fr-39","9":"product_cat-pull-enfant-garcon-fr","10":"pa_couleur-orange","11":"pa_taille-08-ans-2","12":"pa_taille-13-ans","13":"pa_taille-14-ans","15":"first","16":"instock","17":"taxable","18":"shipping-taxable","19":"purchasable","20":"product-type-variable"},"_links":{"self":[{"href":"https:\/\/trendkidsalgerie.com\/index.php\/wp-json\/wp\/v2\/product\/4540","targetHints":{"allow":["GET"]}}],"collection":[{"href":"https:\/\/trendkidsalgerie.com\/index.php\/wp-json\/wp\/v2\/product"}],"about":[{"href":"https:\/\/trendkidsalgerie.com\/index.php\/wp-json\/wp\/v2\/types\/product"}],"replies":[{"embeddable":true,"href":"https:\/\/trendkidsalgerie.com\/index.php\/wp-json\/wp\/v2\/comments?post=4540"}],"version-history":[{"count":1,"href":"https:\/\/trendkidsalgerie.com\/index.php\/wp-json\/wp\/v2\/product\/4540\/revisions"}],"predecessor-version":[{"id":4621,"href":"https:\/\/trendkidsalgerie.com\/index.php\/wp-json\/wp\/v2\/product\/4540\/revisions\/4621"}],"wp:featuredmedia":[{"embeddable":true,"href":"https:\/\/trendkidsalgerie.com\/index.php\/wp-json\/wp\/v2\/media\/4539"}],"wp:attachment":[{"href":"https:\/\/trendkidsalgerie.com\/index.php\/wp-json\/wp\/v2\/media?parent=4540"}],"wp:term":[{"taxonomy":"product_brand","embeddable":true,"href":"https:\/\/trendkidsalgerie.com\/index.php\/wp-json\/wp\/v2\/product_brand?post=4540"},{"taxonomy":"product_cat","embeddable":true,"href":"https:\/\/trendkidsalgerie.com\/index.php\/wp-json\/wp\/v2\/product_cat?post=4540"},{"taxonomy":"product_tag","embeddable":true,"href":"https:\/\/trendkidsalgerie.com\/index.php\/wp-json\/wp\/v2\/product_tag?post=4540"}],"curies":[{"name":"wp","href":"https:\/\/api.w.org\/{rel}","templated":true}]}}