{"id":4525,"date":"2025-02-07T23:53:06","date_gmt":"2025-02-07T22:53:06","guid":{"rendered":"https:\/\/trendkidsalgerie.com\/v2\/index.php\/produit\/chemise-enfant-garcon-3\/"},"modified":"2025-02-11T23:52:38","modified_gmt":"2025-02-11T22:52:38","slug":"chemise-enfant-garcon-3","status":"publish","type":"product","link":"https:\/\/trendkidsalgerie.com\/index.php\/produit\/chemise-enfant-garcon-3\/","title":{"rendered":"Chemise enfant gar\u00e7on"},"content":{"rendered":"<p>Chemise enfant gar\u00e7on \u00e0 manches longues noir blanc et beige imprim\u00e9e 100% cotton<\/p>\n","protected":false},"excerpt":{"rendered":"<p>Chemise enfant gar\u00e7on \u00e0 manches longues noir blanc et beige imprim\u00e9e 100% cotton<\/p>\n","protected":false},"featured_media":4524,"comment_status":"open","ping_status":"closed","template":"","meta":[],"product_brand":[],"product_cat":[80,62,56,57],"product_tag":[],"class_list":{"0":"post-4525","1":"product","2":"type-product","3":"status-publish","4":"has-post-thumbnail","6":"product_cat-chemisier-fr","7":"product_cat-chemisier-enfant-garcon-fr","8":"product_cat-enfant-fr","9":"product_cat-vetements-enfant-garcon-fr","10":"pa_couleur-noir","11":"pa_taille-08-ans-2","12":"pa_taille-09-ans-2","13":"pa_taille-10-ans-2","14":"pa_taille-11-ans","15":"pa_taille-12-ans","16":"pa_taille-13-ans","17":"pa_taille-14-ans","19":"first","20":"instock","21":"taxable","22":"shipping-taxable","23":"purchasable","24":"product-type-variable"},"_links":{"self":[{"href":"https:\/\/trendkidsalgerie.com\/index.php\/wp-json\/wp\/v2\/product\/4525","targetHints":{"allow":["GET"]}}],"collection":[{"href":"https:\/\/trendkidsalgerie.com\/index.php\/wp-json\/wp\/v2\/product"}],"about":[{"href":"https:\/\/trendkidsalgerie.com\/index.php\/wp-json\/wp\/v2\/types\/product"}],"replies":[{"embeddable":true,"href":"https:\/\/trendkidsalgerie.com\/index.php\/wp-json\/wp\/v2\/comments?post=4525"}],"version-history":[{"count":1,"href":"https:\/\/trendkidsalgerie.com\/index.php\/wp-json\/wp\/v2\/product\/4525\/revisions"}],"predecessor-version":[{"id":4617,"href":"https:\/\/trendkidsalgerie.com\/index.php\/wp-json\/wp\/v2\/product\/4525\/revisions\/4617"}],"wp:featuredmedia":[{"embeddable":true,"href":"https:\/\/trendkidsalgerie.com\/index.php\/wp-json\/wp\/v2\/media\/4524"}],"wp:attachment":[{"href":"https:\/\/trendkidsalgerie.com\/index.php\/wp-json\/wp\/v2\/media?parent=4525"}],"wp:term":[{"taxonomy":"product_brand","embeddable":true,"href":"https:\/\/trendkidsalgerie.com\/index.php\/wp-json\/wp\/v2\/product_brand?post=4525"},{"taxonomy":"product_cat","embeddable":true,"href":"https:\/\/trendkidsalgerie.com\/index.php\/wp-json\/wp\/v2\/product_cat?post=4525"},{"taxonomy":"product_tag","embeddable":true,"href":"https:\/\/trendkidsalgerie.com\/index.php\/wp-json\/wp\/v2\/product_tag?post=4525"}],"curies":[{"name":"wp","href":"https:\/\/api.w.org\/{rel}","templated":true}]}}