{"id":4488,"date":"2025-02-07T23:52:36","date_gmt":"2025-02-07T22:52:36","guid":{"rendered":"https:\/\/trendkidsalgerie.com\/v2\/index.php\/produit\/ensemble-enfant-garcon-de-03-pieces-12\/"},"modified":"2026-01-19T16:51:48","modified_gmt":"2026-01-19T15:51:48","slug":"ensemble-enfant-garcon-de-03-pieces-12","status":"publish","type":"product","link":"https:\/\/trendkidsalgerie.com\/index.php\/produit\/ensemble-enfant-garcon-de-03-pieces-12\/","title":{"rendered":"Ensemble enfant gar\u00e7on de 03 pieces \u00a0"},"content":{"rendered":"<p>Ensemble enfant gar\u00e7on, compos\u00e9 de trois pi\u00e8ces parfaitement cordonn\u00e9es: une chemise \u00e0 fines rayures dans des tons doux 70% coton et 30% lin, un t-shirt demi-manches blanc \u00e0 col rond contrast\u00e9 port\u00e9 en dessous 100% coton, et un pantalon fonc\u00e9 \u00e0 la coupe soign\u00e9e, 95% coton et 5% \u00e9lasthanne.<\/p>\n","protected":false},"excerpt":{"rendered":"<p>Cet ensemble associe \u00e9l\u00e9gance moderne et confort absolu; chemise \u00e0 fines rayures, t-shirt blanc tendance et pantalon parfaitement coup\u00e9. Facile \u00e0 porter, facile \u00e0 aimer, il s&rsquo;adapte a toutes les occasions, des sorties quotidiennes aux moments sp\u00e9ciaux. Un style chic-d\u00e9contract\u00e9 qui fait toute la difference.<\/p>\n","protected":false},"featured_media":4479,"comment_status":"open","ping_status":"closed","template":"","meta":[],"product_brand":[],"product_cat":[56,57,78,60],"product_tag":[],"class_list":{"0":"post-4488","1":"product","2":"type-product","3":"status-publish","4":"has-post-thumbnail","6":"product_cat-enfant-fr","7":"product_cat-vetements-enfant-garcon-fr","8":"product_cat-ensemble-fr","9":"product_cat-ensemble-enfant-garcon-fr","10":"pa_couleur-gris","11":"pa_couleur-vert","12":"pa_taille-04-ans","13":"pa_taille-06-ans","14":"pa_taille-08-ans-2","15":"pa_taille-10-ans-2","17":"first","18":"instock","19":"taxable","20":"shipping-taxable","21":"purchasable","22":"product-type-variable"},"_links":{"self":[{"href":"https:\/\/trendkidsalgerie.com\/index.php\/wp-json\/wp\/v2\/product\/4488","targetHints":{"allow":["GET"]}}],"collection":[{"href":"https:\/\/trendkidsalgerie.com\/index.php\/wp-json\/wp\/v2\/product"}],"about":[{"href":"https:\/\/trendkidsalgerie.com\/index.php\/wp-json\/wp\/v2\/types\/product"}],"replies":[{"embeddable":true,"href":"https:\/\/trendkidsalgerie.com\/index.php\/wp-json\/wp\/v2\/comments?post=4488"}],"version-history":[{"count":3,"href":"https:\/\/trendkidsalgerie.com\/index.php\/wp-json\/wp\/v2\/product\/4488\/revisions"}],"predecessor-version":[{"id":8570,"href":"https:\/\/trendkidsalgerie.com\/index.php\/wp-json\/wp\/v2\/product\/4488\/revisions\/8570"}],"wp:featuredmedia":[{"embeddable":true,"href":"https:\/\/trendkidsalgerie.com\/index.php\/wp-json\/wp\/v2\/media\/4479"}],"wp:attachment":[{"href":"https:\/\/trendkidsalgerie.com\/index.php\/wp-json\/wp\/v2\/media?parent=4488"}],"wp:term":[{"taxonomy":"product_brand","embeddable":true,"href":"https:\/\/trendkidsalgerie.com\/index.php\/wp-json\/wp\/v2\/product_brand?post=4488"},{"taxonomy":"product_cat","embeddable":true,"href":"https:\/\/trendkidsalgerie.com\/index.php\/wp-json\/wp\/v2\/product_cat?post=4488"},{"taxonomy":"product_tag","embeddable":true,"href":"https:\/\/trendkidsalgerie.com\/index.php\/wp-json\/wp\/v2\/product_tag?post=4488"}],"curies":[{"name":"wp","href":"https:\/\/api.w.org\/{rel}","templated":true}]}}