{"id":4460,"date":"2025-02-07T17:41:06","date_gmt":"2025-02-07T16:41:06","guid":{"rendered":"https:\/\/trendkidsalgerie.com\/v2\/?post_type=product&#038;p=4460"},"modified":"2026-01-26T16:51:00","modified_gmt":"2026-01-26T15:51:00","slug":"robe-fille-3","status":"publish","type":"product","link":"https:\/\/trendkidsalgerie.com\/index.php\/produit\/robe-fille-3\/","title":{"rendered":"Robe enfant fille"},"content":{"rendered":"<p>Robe fille \u00e9l\u00e9gante en dentelle florale rouge<\/p>\n<p>Manches longues transparentes pour une touche raffin\u00e9e<\/p>\n<p>Corsage travaill\u00e9 avec motifs floraux d\u00e9licats<\/p>\n<p>Jupe \u00e9vas\u00e9e offrant un joli volume<\/p>\n<p>Noeud cheveux assorti inclus pour une tenue harmonieuse<\/p>\n<p>Mati\u00e8re douce et confortable, agr\u00e9able \u00e0 porter<\/p>\n<p>Id\u00e9ale pour les c\u00e9r\u00e9monies, f\u00eates et grandes occasions.<\/p>\n","protected":false},"excerpt":{"rendered":"<p>Une robe rouge passion qui danse \u00e0 chaque pas, brod\u00e9e de d\u00e9licates fleurs et sublim\u00e9e par son serre-t\u00eate assorti. Une cr\u00e9ation lumineuse pour faire r\u00eaver les petites princesses, entre \u00e9l\u00e9gance et po\u00e9sie.<\/p>\n","protected":false},"featured_media":4461,"comment_status":"open","ping_status":"closed","template":"","meta":[],"product_brand":[],"product_cat":[56,58,29,82,502],"product_tag":[],"class_list":{"0":"post-4460","1":"product","2":"type-product","3":"status-publish","4":"has-post-thumbnail","6":"product_cat-enfant-fr","7":"product_cat-enfant-fillette-fr","8":"product_cat-best-seller-fr","9":"product_cat-robe-fr","10":"product_cat-robe-enfant-fillette-enfant-fillette-fr","11":"pa_couleur-rouge","12":"pa_taille-02-ans","13":"pa_taille-03-ans","14":"pa_taille-04-ans","15":"pa_taille-05-ans","16":"pa_taille-06-ans","17":"pa_taille-07-ans","18":"pa_taille-08-ans-2","19":"pa_taille-09-ans-2","20":"pa_taille-10-ans-2","22":"first","23":"instock","24":"taxable","25":"shipping-taxable","26":"purchasable","27":"product-type-variable"},"_links":{"self":[{"href":"https:\/\/trendkidsalgerie.com\/index.php\/wp-json\/wp\/v2\/product\/4460","targetHints":{"allow":["GET"]}}],"collection":[{"href":"https:\/\/trendkidsalgerie.com\/index.php\/wp-json\/wp\/v2\/product"}],"about":[{"href":"https:\/\/trendkidsalgerie.com\/index.php\/wp-json\/wp\/v2\/types\/product"}],"replies":[{"embeddable":true,"href":"https:\/\/trendkidsalgerie.com\/index.php\/wp-json\/wp\/v2\/comments?post=4460"}],"version-history":[{"count":6,"href":"https:\/\/trendkidsalgerie.com\/index.php\/wp-json\/wp\/v2\/product\/4460\/revisions"}],"predecessor-version":[{"id":9405,"href":"https:\/\/trendkidsalgerie.com\/index.php\/wp-json\/wp\/v2\/product\/4460\/revisions\/9405"}],"wp:featuredmedia":[{"embeddable":true,"href":"https:\/\/trendkidsalgerie.com\/index.php\/wp-json\/wp\/v2\/media\/4461"}],"wp:attachment":[{"href":"https:\/\/trendkidsalgerie.com\/index.php\/wp-json\/wp\/v2\/media?parent=4460"}],"wp:term":[{"taxonomy":"product_brand","embeddable":true,"href":"https:\/\/trendkidsalgerie.com\/index.php\/wp-json\/wp\/v2\/product_brand?post=4460"},{"taxonomy":"product_cat","embeddable":true,"href":"https:\/\/trendkidsalgerie.com\/index.php\/wp-json\/wp\/v2\/product_cat?post=4460"},{"taxonomy":"product_tag","embeddable":true,"href":"https:\/\/trendkidsalgerie.com\/index.php\/wp-json\/wp\/v2\/product_tag?post=4460"}],"curies":[{"name":"wp","href":"https:\/\/api.w.org\/{rel}","templated":true}]}}