{"id":4455,"date":"2025-02-07T17:04:05","date_gmt":"2025-02-07T16:04:05","guid":{"rendered":"https:\/\/trendkidsalgerie.com\/v2\/?post_type=product&#038;p=4455"},"modified":"2026-01-20T23:42:18","modified_gmt":"2026-01-20T22:42:18","slug":"robe-fille-2","status":"publish","type":"product","link":"https:\/\/trendkidsalgerie.com\/index.php\/produit\/robe-fille-2\/","title":{"rendered":"Robe enfant fille"},"content":{"rendered":"<p>Robe enfant fille en velours<\/p>\n","protected":false},"excerpt":{"rendered":"<p>Adorable robe fille pour enfant en velours l\u00e9g\u00e8re, d\u00e9clin\u00e9es en rouge profond et rose d\u00e9licat. Leur col en dentelle raffin\u00e9e apporte une touche chic et intemporelle, tandis que les manches longues bouffantes ajoutent douceur et \u00e9l\u00e9gance. Parfaites pour les f\u00eates, les occasions sp\u00e9ciales ou pour sublimer le quotidien avec style.<\/p>\n","protected":false},"featured_media":8728,"comment_status":"open","ping_status":"closed","template":"","meta":[],"product_brand":[],"product_cat":[56,58,82,502],"product_tag":[],"class_list":{"0":"post-4455","1":"product","2":"type-product","3":"status-publish","4":"has-post-thumbnail","6":"product_cat-enfant-fr","7":"product_cat-enfant-fillette-fr","8":"product_cat-robe-fr","9":"product_cat-robe-enfant-fillette-enfant-fillette-fr","10":"pa_couleur-rose","11":"pa_couleur-rouge","12":"pa_taille-03-ans","13":"pa_taille-04-ans","14":"pa_taille-05-ans","15":"pa_taille-06-ans","17":"first","18":"instock","19":"taxable","20":"shipping-taxable","21":"purchasable","22":"product-type-variable"},"_links":{"self":[{"href":"https:\/\/trendkidsalgerie.com\/index.php\/wp-json\/wp\/v2\/product\/4455","targetHints":{"allow":["GET"]}}],"collection":[{"href":"https:\/\/trendkidsalgerie.com\/index.php\/wp-json\/wp\/v2\/product"}],"about":[{"href":"https:\/\/trendkidsalgerie.com\/index.php\/wp-json\/wp\/v2\/types\/product"}],"replies":[{"embeddable":true,"href":"https:\/\/trendkidsalgerie.com\/index.php\/wp-json\/wp\/v2\/comments?post=4455"}],"version-history":[{"count":4,"href":"https:\/\/trendkidsalgerie.com\/index.php\/wp-json\/wp\/v2\/product\/4455\/revisions"}],"predecessor-version":[{"id":8746,"href":"https:\/\/trendkidsalgerie.com\/index.php\/wp-json\/wp\/v2\/product\/4455\/revisions\/8746"}],"wp:featuredmedia":[{"embeddable":true,"href":"https:\/\/trendkidsalgerie.com\/index.php\/wp-json\/wp\/v2\/media\/8728"}],"wp:attachment":[{"href":"https:\/\/trendkidsalgerie.com\/index.php\/wp-json\/wp\/v2\/media?parent=4455"}],"wp:term":[{"taxonomy":"product_brand","embeddable":true,"href":"https:\/\/trendkidsalgerie.com\/index.php\/wp-json\/wp\/v2\/product_brand?post=4455"},{"taxonomy":"product_cat","embeddable":true,"href":"https:\/\/trendkidsalgerie.com\/index.php\/wp-json\/wp\/v2\/product_cat?post=4455"},{"taxonomy":"product_tag","embeddable":true,"href":"https:\/\/trendkidsalgerie.com\/index.php\/wp-json\/wp\/v2\/product_tag?post=4455"}],"curies":[{"name":"wp","href":"https:\/\/api.w.org\/{rel}","templated":true}]}}