{"id":4448,"date":"2025-02-07T16:55:16","date_gmt":"2025-02-07T15:55:16","guid":{"rendered":"https:\/\/trendkidsalgerie.com\/v2\/?post_type=product&#038;p=4448"},"modified":"2026-01-20T23:08:07","modified_gmt":"2026-01-20T22:08:07","slug":"robe-voleur-3","status":"publish","type":"product","link":"https:\/\/trendkidsalgerie.com\/index.php\/produit\/robe-voleur-3\/","title":{"rendered":"Robe enfant fille"},"content":{"rendered":"<p>Robe enfant fille chic et intemporelle en bois de rose, bleu en velours.<\/p>\n","protected":false},"excerpt":{"rendered":"<p>Adorable robe au style raffin\u00e9 et intemporel avec blouse \u00e0 motifs floraux et col volant\u00e9 d\u00e9licat. \u00c9l\u00e9gante, douce et confortable, parfaite pour les occasions festives et les moments pr\u00e9cieux.<\/p>\n","protected":false},"featured_media":8234,"comment_status":"open","ping_status":"closed","template":"","meta":[],"product_brand":[],"product_cat":[56,58,82,502],"product_tag":[],"class_list":{"0":"post-4448","1":"product","2":"type-product","3":"status-publish","4":"has-post-thumbnail","6":"product_cat-enfant-fr","7":"product_cat-enfant-fillette-fr","8":"product_cat-robe-fr","9":"product_cat-robe-enfant-fillette-enfant-fillette-fr","10":"pa_couleur-bleu","11":"pa_couleur-rose","12":"pa_taille-03-ans","13":"pa_taille-04-ans","14":"pa_taille-05-ans","15":"pa_taille-07-ans","16":"pa_taille-08-ans-2","17":"pa_taille-09-ans-2","18":"pa_taille-10-ans-2","20":"first","21":"instock","22":"taxable","23":"shipping-taxable","24":"purchasable","25":"product-type-variable"},"_links":{"self":[{"href":"https:\/\/trendkidsalgerie.com\/index.php\/wp-json\/wp\/v2\/product\/4448","targetHints":{"allow":["GET"]}}],"collection":[{"href":"https:\/\/trendkidsalgerie.com\/index.php\/wp-json\/wp\/v2\/product"}],"about":[{"href":"https:\/\/trendkidsalgerie.com\/index.php\/wp-json\/wp\/v2\/types\/product"}],"replies":[{"embeddable":true,"href":"https:\/\/trendkidsalgerie.com\/index.php\/wp-json\/wp\/v2\/comments?post=4448"}],"version-history":[{"count":4,"href":"https:\/\/trendkidsalgerie.com\/index.php\/wp-json\/wp\/v2\/product\/4448\/revisions"}],"predecessor-version":[{"id":8727,"href":"https:\/\/trendkidsalgerie.com\/index.php\/wp-json\/wp\/v2\/product\/4448\/revisions\/8727"}],"wp:featuredmedia":[{"embeddable":true,"href":"https:\/\/trendkidsalgerie.com\/index.php\/wp-json\/wp\/v2\/media\/8234"}],"wp:attachment":[{"href":"https:\/\/trendkidsalgerie.com\/index.php\/wp-json\/wp\/v2\/media?parent=4448"}],"wp:term":[{"taxonomy":"product_brand","embeddable":true,"href":"https:\/\/trendkidsalgerie.com\/index.php\/wp-json\/wp\/v2\/product_brand?post=4448"},{"taxonomy":"product_cat","embeddable":true,"href":"https:\/\/trendkidsalgerie.com\/index.php\/wp-json\/wp\/v2\/product_cat?post=4448"},{"taxonomy":"product_tag","embeddable":true,"href":"https:\/\/trendkidsalgerie.com\/index.php\/wp-json\/wp\/v2\/product_tag?post=4448"}],"curies":[{"name":"wp","href":"https:\/\/api.w.org\/{rel}","templated":true}]}}