{"id":4436,"date":"2025-02-07T16:48:43","date_gmt":"2025-02-07T15:48:43","guid":{"rendered":"https:\/\/trendkidsalgerie.com\/v2\/?post_type=product&#038;p=4436"},"modified":"2026-01-21T00:36:25","modified_gmt":"2026-01-20T23:36:25","slug":"tailleur-fille","status":"publish","type":"product","link":"https:\/\/trendkidsalgerie.com\/index.php\/produit\/tailleur-fille\/","title":{"rendered":"Ensemble enfant fille"},"content":{"rendered":"<p>Tailleur fille 6ans jusqu&rsquo;\u00e0 10ans bleu marine prix 9800da<\/p>\n","protected":false},"excerpt":{"rendered":"<p>Ensemble fille chic &amp; intemporel<\/p>\n<p>Laissez vous s\u00e9duire par cet ensemble \u00e9l\u00e9gant compos\u00e9 d\u2019un cardigan navy aux finitions contrast\u00e9es et d\u2019une jupe assortie pour un look raffin\u00e9, confortable et plein de charme.<\/p>\n","protected":false},"featured_media":4437,"comment_status":"open","ping_status":"closed","template":"","meta":[],"product_brand":[],"product_cat":[56,58],"product_tag":[],"class_list":{"0":"post-4436","1":"product","2":"type-product","3":"status-publish","4":"has-post-thumbnail","6":"product_cat-enfant-fr","7":"product_cat-enfant-fillette-fr","8":"pa_couleur-bleu","9":"pa_taille-06-ans","10":"pa_taille-08-ans-2","11":"pa_taille-09-ans-2","12":"pa_taille-10-ans-2","14":"first","15":"instock","16":"taxable","17":"shipping-taxable","18":"purchasable","19":"product-type-variable"},"_links":{"self":[{"href":"https:\/\/trendkidsalgerie.com\/index.php\/wp-json\/wp\/v2\/product\/4436","targetHints":{"allow":["GET"]}}],"collection":[{"href":"https:\/\/trendkidsalgerie.com\/index.php\/wp-json\/wp\/v2\/product"}],"about":[{"href":"https:\/\/trendkidsalgerie.com\/index.php\/wp-json\/wp\/v2\/types\/product"}],"replies":[{"embeddable":true,"href":"https:\/\/trendkidsalgerie.com\/index.php\/wp-json\/wp\/v2\/comments?post=4436"}],"version-history":[{"count":3,"href":"https:\/\/trendkidsalgerie.com\/index.php\/wp-json\/wp\/v2\/product\/4436\/revisions"}],"predecessor-version":[{"id":8770,"href":"https:\/\/trendkidsalgerie.com\/index.php\/wp-json\/wp\/v2\/product\/4436\/revisions\/8770"}],"wp:featuredmedia":[{"embeddable":true,"href":"https:\/\/trendkidsalgerie.com\/index.php\/wp-json\/wp\/v2\/media\/4437"}],"wp:attachment":[{"href":"https:\/\/trendkidsalgerie.com\/index.php\/wp-json\/wp\/v2\/media?parent=4436"}],"wp:term":[{"taxonomy":"product_brand","embeddable":true,"href":"https:\/\/trendkidsalgerie.com\/index.php\/wp-json\/wp\/v2\/product_brand?post=4436"},{"taxonomy":"product_cat","embeddable":true,"href":"https:\/\/trendkidsalgerie.com\/index.php\/wp-json\/wp\/v2\/product_cat?post=4436"},{"taxonomy":"product_tag","embeddable":true,"href":"https:\/\/trendkidsalgerie.com\/index.php\/wp-json\/wp\/v2\/product_tag?post=4436"}],"curies":[{"name":"wp","href":"https:\/\/api.w.org\/{rel}","templated":true}]}}