{"id":4428,"date":"2025-02-07T16:41:42","date_gmt":"2025-02-07T15:41:42","guid":{"rendered":"https:\/\/trendkidsalgerie.com\/v2\/?post_type=product&#038;p=4428"},"modified":"2026-01-20T22:57:09","modified_gmt":"2026-01-20T21:57:09","slug":"ensemble-fille","status":"publish","type":"product","link":"https:\/\/trendkidsalgerie.com\/index.php\/produit\/ensemble-fille\/","title":{"rendered":"Ensemble enfant fille"},"content":{"rendered":"<p>Craquez pour cet \u00e9l\u00e9gant ensemble fille, parfait pour les occasions sp\u00e9ciales comme pour un look raffin\u00e9 au quotidien.<\/p>\n<p>&nbsp;<\/p>\n","protected":false},"excerpt":{"rendered":"<p>Laissez vous s\u00e9duire par cet ensemble fille chic et intemporel, compos\u00e9 d\u2019un superbe chemisier \u00e0 manches longues, sublim\u00e9 par un col volant\u00e9 d\u00e9licat et de jolis motifs en relief, apportant une touche de douceur et de sophistication. Le pantalon \u00e0 la coupe ajust\u00e9e compl\u00e8te harmonieusement l\u2019ensemble, offrant confort et \u00e9l\u00e9gance tout au long de la journ\u00e9e.<\/p>\n<p>&nbsp;<\/p>\n<p>&nbsp;<\/p>\n","protected":false},"featured_media":4429,"comment_status":"open","ping_status":"closed","template":"","meta":[],"product_brand":[],"product_cat":[58,78,65],"product_tag":[],"class_list":{"0":"post-4428","1":"product","2":"type-product","3":"status-publish","4":"has-post-thumbnail","6":"product_cat-enfant-fillette-fr","7":"product_cat-ensemble-fr","8":"product_cat-ensemble-enfant-fillette-fr","9":"pa_couleur-beige","10":"pa_couleur-saumon","11":"pa_taille-03-ans","12":"pa_taille-05-ans","13":"pa_taille-06-ans","14":"pa_taille-07-ans","15":"pa_taille-08-ans-2","17":"first","18":"instock","19":"taxable","20":"shipping-taxable","21":"purchasable","22":"product-type-variable"},"_links":{"self":[{"href":"https:\/\/trendkidsalgerie.com\/index.php\/wp-json\/wp\/v2\/product\/4428","targetHints":{"allow":["GET"]}}],"collection":[{"href":"https:\/\/trendkidsalgerie.com\/index.php\/wp-json\/wp\/v2\/product"}],"about":[{"href":"https:\/\/trendkidsalgerie.com\/index.php\/wp-json\/wp\/v2\/types\/product"}],"replies":[{"embeddable":true,"href":"https:\/\/trendkidsalgerie.com\/index.php\/wp-json\/wp\/v2\/comments?post=4428"}],"version-history":[{"count":3,"href":"https:\/\/trendkidsalgerie.com\/index.php\/wp-json\/wp\/v2\/product\/4428\/revisions"}],"predecessor-version":[{"id":8722,"href":"https:\/\/trendkidsalgerie.com\/index.php\/wp-json\/wp\/v2\/product\/4428\/revisions\/8722"}],"wp:featuredmedia":[{"embeddable":true,"href":"https:\/\/trendkidsalgerie.com\/index.php\/wp-json\/wp\/v2\/media\/4429"}],"wp:attachment":[{"href":"https:\/\/trendkidsalgerie.com\/index.php\/wp-json\/wp\/v2\/media?parent=4428"}],"wp:term":[{"taxonomy":"product_brand","embeddable":true,"href":"https:\/\/trendkidsalgerie.com\/index.php\/wp-json\/wp\/v2\/product_brand?post=4428"},{"taxonomy":"product_cat","embeddable":true,"href":"https:\/\/trendkidsalgerie.com\/index.php\/wp-json\/wp\/v2\/product_cat?post=4428"},{"taxonomy":"product_tag","embeddable":true,"href":"https:\/\/trendkidsalgerie.com\/index.php\/wp-json\/wp\/v2\/product_tag?post=4428"}],"curies":[{"name":"wp","href":"https:\/\/api.w.org\/{rel}","templated":true}]}}