{"id":4175,"date":"2025-02-07T09:48:12","date_gmt":"2025-02-07T08:48:12","guid":{"rendered":"https:\/\/trendkidsalgerie.com\/v2\/index.php\/produit\/ensemble-enfant-fille-03-pieces-6\/"},"modified":"2025-02-12T00:24:40","modified_gmt":"2025-02-11T23:24:40","slug":"ensemble-enfant-fille-03-pieces-6","status":"publish","type":"product","link":"https:\/\/trendkidsalgerie.com\/index.php\/produit\/ensemble-enfant-fille-03-pieces-6\/","title":{"rendered":"Ensemble enfant fille 03 pi\u00e8ces"},"content":{"rendered":"<p>Ensemble enfant fille de 03 pieces ( haut \u00e9cru sans manches, veste \u00e9cru dor\u00e9 \u00e0 manches 3\/4 et pantalon \u00e9cru dor\u00e9 tissu 75% viscose, 14% lurex, 9% polyster et 2% \u00e9lasthanne<\/p>\n","protected":false},"excerpt":{"rendered":"<p>Ensemble enfant fille de 03 pieces ( haut \u00e9cru sans manches, veste \u00e9cru dor\u00e9 \u00e0 manches 3\/4 et pantalon \u00e9cru<\/p>\n","protected":false},"featured_media":4174,"comment_status":"open","ping_status":"closed","template":"","meta":[],"product_brand":[],"product_cat":[56,58,78,65],"product_tag":[],"class_list":{"0":"post-4175","1":"product","2":"type-product","3":"status-publish","4":"has-post-thumbnail","6":"product_cat-enfant-fr","7":"product_cat-enfant-fillette-fr","8":"product_cat-ensemble-fr","9":"product_cat-ensemble-enfant-fillette-fr","10":"pa_couleur-ecru-doe","11":"pa_taille-14-ans","13":"first","14":"instock","15":"taxable","16":"shipping-taxable","17":"purchasable","18":"product-type-variable"},"_links":{"self":[{"href":"https:\/\/trendkidsalgerie.com\/index.php\/wp-json\/wp\/v2\/product\/4175","targetHints":{"allow":["GET"]}}],"collection":[{"href":"https:\/\/trendkidsalgerie.com\/index.php\/wp-json\/wp\/v2\/product"}],"about":[{"href":"https:\/\/trendkidsalgerie.com\/index.php\/wp-json\/wp\/v2\/types\/product"}],"replies":[{"embeddable":true,"href":"https:\/\/trendkidsalgerie.com\/index.php\/wp-json\/wp\/v2\/comments?post=4175"}],"version-history":[{"count":1,"href":"https:\/\/trendkidsalgerie.com\/index.php\/wp-json\/wp\/v2\/product\/4175\/revisions"}],"predecessor-version":[{"id":4337,"href":"https:\/\/trendkidsalgerie.com\/index.php\/wp-json\/wp\/v2\/product\/4175\/revisions\/4337"}],"wp:featuredmedia":[{"embeddable":true,"href":"https:\/\/trendkidsalgerie.com\/index.php\/wp-json\/wp\/v2\/media\/4174"}],"wp:attachment":[{"href":"https:\/\/trendkidsalgerie.com\/index.php\/wp-json\/wp\/v2\/media?parent=4175"}],"wp:term":[{"taxonomy":"product_brand","embeddable":true,"href":"https:\/\/trendkidsalgerie.com\/index.php\/wp-json\/wp\/v2\/product_brand?post=4175"},{"taxonomy":"product_cat","embeddable":true,"href":"https:\/\/trendkidsalgerie.com\/index.php\/wp-json\/wp\/v2\/product_cat?post=4175"},{"taxonomy":"product_tag","embeddable":true,"href":"https:\/\/trendkidsalgerie.com\/index.php\/wp-json\/wp\/v2\/product_tag?post=4175"}],"curies":[{"name":"wp","href":"https:\/\/api.w.org\/{rel}","templated":true}]}}