{"id":4169,"date":"2025-02-07T09:48:06","date_gmt":"2025-02-07T08:48:06","guid":{"rendered":"https:\/\/trendkidsalgerie.com\/v2\/index.php\/produit\/ensemble-enfant-fille-03-pieces-4\/"},"modified":"2026-01-19T23:24:08","modified_gmt":"2026-01-19T22:24:08","slug":"ensemble-enfant-fille-03-pieces-4","status":"publish","type":"product","link":"https:\/\/trendkidsalgerie.com\/index.php\/produit\/ensemble-enfant-fille-03-pieces-4\/","title":{"rendered":"Ensemble enfant fille"},"content":{"rendered":"<p>Ensemble enfant fille de 03 pieces ( haut blanc, veste rose et jupe \u00e0 rayure rose tissu coton, lycra et polyster.<\/p>\n","protected":false},"excerpt":{"rendered":"<p>Mise en lumi\u00e8re sur cet ensemble fille compos\u00e9 d&rsquo;un haut blanc, une veste rose fuchsia boutonn\u00e9e avec poches poitrines, et une jupe \u00e0 rayures agr\u00e9ment\u00e9e de volants superpos\u00e9s pour une allure \u00e9l\u00e9gante et pleine de caract\u00e8re.<\/p>\n","protected":false},"featured_media":4168,"comment_status":"open","ping_status":"closed","template":"","meta":[],"product_brand":[],"product_cat":[56,58,78,65],"product_tag":[],"class_list":{"0":"post-4169","1":"product","2":"type-product","3":"status-publish","4":"has-post-thumbnail","6":"product_cat-enfant-fr","7":"product_cat-enfant-fillette-fr","8":"product_cat-ensemble-fr","9":"product_cat-ensemble-enfant-fillette-fr","10":"pa_couleur-rose-fuchsia","11":"pa_taille-07-ans","12":"pa_taille-08-ans-2","13":"pa_taille-09-ans-2","15":"first","16":"instock","17":"taxable","18":"shipping-taxable","19":"purchasable","20":"product-type-variable"},"_links":{"self":[{"href":"https:\/\/trendkidsalgerie.com\/index.php\/wp-json\/wp\/v2\/product\/4169","targetHints":{"allow":["GET"]}}],"collection":[{"href":"https:\/\/trendkidsalgerie.com\/index.php\/wp-json\/wp\/v2\/product"}],"about":[{"href":"https:\/\/trendkidsalgerie.com\/index.php\/wp-json\/wp\/v2\/types\/product"}],"replies":[{"embeddable":true,"href":"https:\/\/trendkidsalgerie.com\/index.php\/wp-json\/wp\/v2\/comments?post=4169"}],"version-history":[{"count":4,"href":"https:\/\/trendkidsalgerie.com\/index.php\/wp-json\/wp\/v2\/product\/4169\/revisions"}],"predecessor-version":[{"id":8698,"href":"https:\/\/trendkidsalgerie.com\/index.php\/wp-json\/wp\/v2\/product\/4169\/revisions\/8698"}],"wp:featuredmedia":[{"embeddable":true,"href":"https:\/\/trendkidsalgerie.com\/index.php\/wp-json\/wp\/v2\/media\/4168"}],"wp:attachment":[{"href":"https:\/\/trendkidsalgerie.com\/index.php\/wp-json\/wp\/v2\/media?parent=4169"}],"wp:term":[{"taxonomy":"product_brand","embeddable":true,"href":"https:\/\/trendkidsalgerie.com\/index.php\/wp-json\/wp\/v2\/product_brand?post=4169"},{"taxonomy":"product_cat","embeddable":true,"href":"https:\/\/trendkidsalgerie.com\/index.php\/wp-json\/wp\/v2\/product_cat?post=4169"},{"taxonomy":"product_tag","embeddable":true,"href":"https:\/\/trendkidsalgerie.com\/index.php\/wp-json\/wp\/v2\/product_tag?post=4169"}],"curies":[{"name":"wp","href":"https:\/\/api.w.org\/{rel}","templated":true}]}}