{"id":4163,"date":"2025-02-07T09:48:05","date_gmt":"2025-02-07T08:48:05","guid":{"rendered":"https:\/\/trendkidsalgerie.com\/v2\/index.php\/produit\/ensemble-enfant-fille-03-pieces\/"},"modified":"2026-02-17T12:53:04","modified_gmt":"2026-02-17T11:53:04","slug":"ensemble-enfant-fille-03-pieces","status":"publish","type":"product","link":"https:\/\/trendkidsalgerie.com\/index.php\/produit\/ensemble-enfant-fille-03-pieces\/","title":{"rendered":"Ensemble enfant fille 03 pi\u00e8ces"},"content":{"rendered":"<p>Ensemble enfant fille de 03 pi\u00e8ces ( chemise blanche en coton, gilet crochet beige et un pantalon en jean bleu clair<\/p>\n","protected":false},"excerpt":{"rendered":"<p>Craquez pour cet ensemble enfant fille compos\u00e9 d&rsquo;une chemise blanche \u00e0 manches longues en coton, un gilet crochet beige motif \u00e0 fleurs et un pantalon en jean bleu clair.<\/p>\n","protected":false},"featured_media":4162,"comment_status":"open","ping_status":"closed","template":"","meta":[],"product_brand":[],"product_cat":[56,58,78,65],"product_tag":[],"class_list":{"0":"post-4163","1":"product","2":"type-product","3":"status-publish","4":"has-post-thumbnail","6":"product_cat-enfant-fr","7":"product_cat-enfant-fillette-fr","8":"product_cat-ensemble-fr","9":"product_cat-ensemble-enfant-fillette-fr","10":"pa_taille-08-ans-2","11":"pa_taille-09-ans-2","12":"pa_taille-12-ans","14":"first","15":"instock","16":"taxable","17":"shipping-taxable","18":"purchasable","19":"product-type-variable"},"_links":{"self":[{"href":"https:\/\/trendkidsalgerie.com\/index.php\/wp-json\/wp\/v2\/product\/4163","targetHints":{"allow":["GET"]}}],"collection":[{"href":"https:\/\/trendkidsalgerie.com\/index.php\/wp-json\/wp\/v2\/product"}],"about":[{"href":"https:\/\/trendkidsalgerie.com\/index.php\/wp-json\/wp\/v2\/types\/product"}],"replies":[{"embeddable":true,"href":"https:\/\/trendkidsalgerie.com\/index.php\/wp-json\/wp\/v2\/comments?post=4163"}],"version-history":[{"count":2,"href":"https:\/\/trendkidsalgerie.com\/index.php\/wp-json\/wp\/v2\/product\/4163\/revisions"}],"predecessor-version":[{"id":8705,"href":"https:\/\/trendkidsalgerie.com\/index.php\/wp-json\/wp\/v2\/product\/4163\/revisions\/8705"}],"wp:featuredmedia":[{"embeddable":true,"href":"https:\/\/trendkidsalgerie.com\/index.php\/wp-json\/wp\/v2\/media\/4162"}],"wp:attachment":[{"href":"https:\/\/trendkidsalgerie.com\/index.php\/wp-json\/wp\/v2\/media?parent=4163"}],"wp:term":[{"taxonomy":"product_brand","embeddable":true,"href":"https:\/\/trendkidsalgerie.com\/index.php\/wp-json\/wp\/v2\/product_brand?post=4163"},{"taxonomy":"product_cat","embeddable":true,"href":"https:\/\/trendkidsalgerie.com\/index.php\/wp-json\/wp\/v2\/product_cat?post=4163"},{"taxonomy":"product_tag","embeddable":true,"href":"https:\/\/trendkidsalgerie.com\/index.php\/wp-json\/wp\/v2\/product_tag?post=4163"}],"curies":[{"name":"wp","href":"https:\/\/api.w.org\/{rel}","templated":true}]}}