{"id":3789,"date":"2025-02-07T01:28:42","date_gmt":"2025-02-07T00:28:42","guid":{"rendered":"http:\/\/localhost\/2025\/tchi\/wp\/v2\/index.php\/produit\/salopette-grenouillere-bebe-garcon-2\/"},"modified":"2025-02-12T13:04:52","modified_gmt":"2025-02-12T12:04:52","slug":"salopette-grenouillere-bebe-garcon-2","status":"publish","type":"product","link":"https:\/\/trendkidsalgerie.com\/index.php\/produit\/salopette-grenouillere-bebe-garcon-2\/","title":{"rendered":"Salopette grenouill\u00e8re b\u00e9b\u00e9 gar\u00e7on"},"content":{"rendered":"<p>Salopette et grenouill\u00e8re ray\u00e9e b\u00e9b\u00e9 gar\u00e7on demi manches avec des fausses bretelles et un n\u0153ud papillon 100% coton<\/p>\n","protected":false},"excerpt":{"rendered":"<p>Salopette et grenouill\u00e8re ray\u00e9e b\u00e9b\u00e9 gar\u00e7on demi manches avec des fausses bretelles et un n\u0153ud papillon 100% coton<\/p>\n","protected":false},"featured_media":3788,"comment_status":"open","ping_status":"closed","template":"","meta":[],"product_brand":[],"product_cat":[53,76,54],"product_tag":[],"class_list":{"0":"post-3789","1":"product","2":"type-product","3":"status-publish","4":"has-post-thumbnail","6":"product_cat-bebe-fr","7":"product_cat-vetements-fr","8":"product_cat-vetements-bebe-garcon","9":"pa_couleur-beige","10":"pa_taille-06-mois","11":"pa_taille-12-mois","13":"first","14":"instock","15":"taxable","16":"shipping-taxable","17":"purchasable","18":"product-type-variable"},"_links":{"self":[{"href":"https:\/\/trendkidsalgerie.com\/index.php\/wp-json\/wp\/v2\/product\/3789","targetHints":{"allow":["GET"]}}],"collection":[{"href":"https:\/\/trendkidsalgerie.com\/index.php\/wp-json\/wp\/v2\/product"}],"about":[{"href":"https:\/\/trendkidsalgerie.com\/index.php\/wp-json\/wp\/v2\/types\/product"}],"replies":[{"embeddable":true,"href":"https:\/\/trendkidsalgerie.com\/index.php\/wp-json\/wp\/v2\/comments?post=3789"}],"version-history":[{"count":1,"href":"https:\/\/trendkidsalgerie.com\/index.php\/wp-json\/wp\/v2\/product\/3789\/revisions"}],"predecessor-version":[{"id":3828,"href":"https:\/\/trendkidsalgerie.com\/index.php\/wp-json\/wp\/v2\/product\/3789\/revisions\/3828"}],"wp:featuredmedia":[{"embeddable":true,"href":"https:\/\/trendkidsalgerie.com\/index.php\/wp-json\/wp\/v2\/media\/3788"}],"wp:attachment":[{"href":"https:\/\/trendkidsalgerie.com\/index.php\/wp-json\/wp\/v2\/media?parent=3789"}],"wp:term":[{"taxonomy":"product_brand","embeddable":true,"href":"https:\/\/trendkidsalgerie.com\/index.php\/wp-json\/wp\/v2\/product_brand?post=3789"},{"taxonomy":"product_cat","embeddable":true,"href":"https:\/\/trendkidsalgerie.com\/index.php\/wp-json\/wp\/v2\/product_cat?post=3789"},{"taxonomy":"product_tag","embeddable":true,"href":"https:\/\/trendkidsalgerie.com\/index.php\/wp-json\/wp\/v2\/product_tag?post=3789"}],"curies":[{"name":"wp","href":"https:\/\/api.w.org\/{rel}","templated":true}]}}