{"id":3785,"date":"2025-02-07T01:28:29","date_gmt":"2025-02-07T00:28:29","guid":{"rendered":"http:\/\/localhost\/2025\/tchi\/wp\/v2\/index.php\/produit\/salopette-grenouillere-bebe-garcon\/"},"modified":"2025-02-12T13:03:51","modified_gmt":"2025-02-12T12:03:51","slug":"salopette-grenouillere-bebe-garcon","status":"publish","type":"product","link":"https:\/\/trendkidsalgerie.com\/index.php\/produit\/salopette-grenouillere-bebe-garcon\/","title":{"rendered":"Salopette grenouill\u00e8re b\u00e9b\u00e9 gar\u00e7on"},"content":{"rendered":"<p>Salopette et grenouill\u00e8re ray\u00e9e b\u00e9b\u00e9 gar\u00e7on demi manches avec des bretelles 100% coton<\/p>\n","protected":false},"excerpt":{"rendered":"<p>Salopette et grenouill\u00e8re ray\u00e9e b\u00e9b\u00e9 gar\u00e7on demi manches avec des bretelles 100% coton<\/p>\n","protected":false},"featured_media":3784,"comment_status":"open","ping_status":"closed","template":"","meta":[],"product_brand":[],"product_cat":[53,76,54],"product_tag":[],"class_list":{"0":"post-3785","1":"product","2":"type-product","3":"status-publish","4":"has-post-thumbnail","6":"product_cat-bebe-fr","7":"product_cat-vetements-fr","8":"product_cat-vetements-bebe-garcon","9":"pa_couleur-bleu","10":"pa_taille-03-mois","11":"pa_taille-06-mois","12":"pa_taille-09-mois","13":"pa_taille-12-mois","15":"first","16":"instock","17":"taxable","18":"shipping-taxable","19":"purchasable","20":"product-type-variable"},"_links":{"self":[{"href":"https:\/\/trendkidsalgerie.com\/index.php\/wp-json\/wp\/v2\/product\/3785","targetHints":{"allow":["GET"]}}],"collection":[{"href":"https:\/\/trendkidsalgerie.com\/index.php\/wp-json\/wp\/v2\/product"}],"about":[{"href":"https:\/\/trendkidsalgerie.com\/index.php\/wp-json\/wp\/v2\/types\/product"}],"replies":[{"embeddable":true,"href":"https:\/\/trendkidsalgerie.com\/index.php\/wp-json\/wp\/v2\/comments?post=3785"}],"version-history":[{"count":1,"href":"https:\/\/trendkidsalgerie.com\/index.php\/wp-json\/wp\/v2\/product\/3785\/revisions"}],"predecessor-version":[{"id":3830,"href":"https:\/\/trendkidsalgerie.com\/index.php\/wp-json\/wp\/v2\/product\/3785\/revisions\/3830"}],"wp:featuredmedia":[{"embeddable":true,"href":"https:\/\/trendkidsalgerie.com\/index.php\/wp-json\/wp\/v2\/media\/3784"}],"wp:attachment":[{"href":"https:\/\/trendkidsalgerie.com\/index.php\/wp-json\/wp\/v2\/media?parent=3785"}],"wp:term":[{"taxonomy":"product_brand","embeddable":true,"href":"https:\/\/trendkidsalgerie.com\/index.php\/wp-json\/wp\/v2\/product_brand?post=3785"},{"taxonomy":"product_cat","embeddable":true,"href":"https:\/\/trendkidsalgerie.com\/index.php\/wp-json\/wp\/v2\/product_cat?post=3785"},{"taxonomy":"product_tag","embeddable":true,"href":"https:\/\/trendkidsalgerie.com\/index.php\/wp-json\/wp\/v2\/product_tag?post=3785"}],"curies":[{"name":"wp","href":"https:\/\/api.w.org\/{rel}","templated":true}]}}