{"id":3783,"date":"2025-02-07T01:28:24","date_gmt":"2025-02-07T00:28:24","guid":{"rendered":"http:\/\/localhost\/2025\/tchi\/wp\/v2\/index.php\/produit\/grenouillere-bebe-garcon-3\/"},"modified":"2025-02-12T13:08:55","modified_gmt":"2025-02-12T12:08:55","slug":"grenouillere-bebe-garcon-3","status":"publish","type":"product","link":"https:\/\/trendkidsalgerie.com\/index.php\/produit\/grenouillere-bebe-garcon-3\/","title":{"rendered":"Grenouill\u00e8re b\u00e9b\u00e9 gar\u00e7on"},"content":{"rendered":"<p>Grenouill\u00e8re b\u00e9b\u00e9 gar\u00e7on demi manches avecun gilet ray\u00e9 et un n\u0153ud papillon 100% coton<\/p>\n","protected":false},"excerpt":{"rendered":"<p>Grenouill\u00e8re b\u00e9b\u00e9 gar\u00e7on demi manches avecun gilet ray\u00e9 et un n\u0153ud papillon 100% coton<\/p>\n","protected":false},"featured_media":3782,"comment_status":"open","ping_status":"closed","template":"","meta":[],"product_brand":[],"product_cat":[53,76,54],"product_tag":[],"class_list":{"0":"post-3783","1":"product","2":"type-product","3":"status-publish","4":"has-post-thumbnail","6":"product_cat-bebe-fr","7":"product_cat-vetements-fr","8":"product_cat-vetements-bebe-garcon","9":"pa_couleur-beige","10":"pa_taille-03-mois","11":"pa_taille-06-mois","12":"pa_taille-12-mois","14":"first","15":"instock","16":"taxable","17":"shipping-taxable","18":"purchasable","19":"product-type-variable"},"_links":{"self":[{"href":"https:\/\/trendkidsalgerie.com\/index.php\/wp-json\/wp\/v2\/product\/3783","targetHints":{"allow":["GET"]}}],"collection":[{"href":"https:\/\/trendkidsalgerie.com\/index.php\/wp-json\/wp\/v2\/product"}],"about":[{"href":"https:\/\/trendkidsalgerie.com\/index.php\/wp-json\/wp\/v2\/types\/product"}],"replies":[{"embeddable":true,"href":"https:\/\/trendkidsalgerie.com\/index.php\/wp-json\/wp\/v2\/comments?post=3783"}],"version-history":[{"count":1,"href":"https:\/\/trendkidsalgerie.com\/index.php\/wp-json\/wp\/v2\/product\/3783\/revisions"}],"predecessor-version":[{"id":3831,"href":"https:\/\/trendkidsalgerie.com\/index.php\/wp-json\/wp\/v2\/product\/3783\/revisions\/3831"}],"wp:featuredmedia":[{"embeddable":true,"href":"https:\/\/trendkidsalgerie.com\/index.php\/wp-json\/wp\/v2\/media\/3782"}],"wp:attachment":[{"href":"https:\/\/trendkidsalgerie.com\/index.php\/wp-json\/wp\/v2\/media?parent=3783"}],"wp:term":[{"taxonomy":"product_brand","embeddable":true,"href":"https:\/\/trendkidsalgerie.com\/index.php\/wp-json\/wp\/v2\/product_brand?post=3783"},{"taxonomy":"product_cat","embeddable":true,"href":"https:\/\/trendkidsalgerie.com\/index.php\/wp-json\/wp\/v2\/product_cat?post=3783"},{"taxonomy":"product_tag","embeddable":true,"href":"https:\/\/trendkidsalgerie.com\/index.php\/wp-json\/wp\/v2\/product_tag?post=3783"}],"curies":[{"name":"wp","href":"https:\/\/api.w.org\/{rel}","templated":true}]}}